{"id":1487,"date":"2021-10-18T20:04:29","date_gmt":"2021-10-18T18:04:29","guid":{"rendered":"https:\/\/www.bahiametisse.com\/tours-e-servizi\/excursion-en-bateau-dans-la-baie-de-bahia\/"},"modified":"2022-03-13T22:47:16","modified_gmt":"2022-03-13T21:47:16","slug":"escursione-in-barca-nella-baia-di-bahia","status":"publish","type":"page","link":"https:\/\/www.bahiametisse.com\/it\/tours-e-servizi\/escursione-in-barca-nella-baia-di-bahia\/","title":{"rendered":"Escursione in barca nella baia di Bahia"},"content":{"rendered":"<div id='full_slider_1'  class='avia-fullwidth-slider main_color avia-shadow   avia-builder-el-0  el_before_av_one_full  avia-builder-el-first   container_wrap fullsize'  ><div  class='avia-slideshow av-kuxsy6dn-b710c142250cc1bb6897a3a3c7912d94 avia-slideshow-featured av_slideshow_full avia-slide-slider av-slideshow-ui av-control-default av-slideshow-manual av-loop-once av-loop-manual-endless av-default-height-applied   avia-slideshow-1' data-slideshow-options=\"{&quot;animation&quot;:&quot;slide&quot;,&quot;autoplay&quot;:false,&quot;loop_autoplay&quot;:&quot;once&quot;,&quot;interval&quot;:5,&quot;loop_manual&quot;:&quot;manual-endless&quot;,&quot;autoplay_stopper&quot;:false,&quot;noNavigation&quot;:false,&quot;bg_slider&quot;:false,&quot;keep_padding&quot;:false,&quot;hoverpause&quot;:false,&quot;show_slide_delay&quot;:0}\"  itemprop=\"image\" itemscope=\"itemscope\" itemtype=\"https:\/\/schema.org\/ImageObject\" ><ul class='avia-slideshow-inner ' style='padding-bottom: 34.677419354839%;'><li  class='avia-slideshow-slide av-kuxsy6dn-b710c142250cc1bb6897a3a3c7912d94__0  av-single-slide slide-1 slide-odd'><div data-rel='slideshow-1' class='avia-slide-wrap '   ><img decoding=\"async\" fetchpriority=\"high\" class=\"wp-image-609 avia-img-lazy-loading-not-609\"  src=\"https:\/\/www.bahiametisse.com\/wp-content\/uploads\/2021\/10\/Excursion-bateau-1-tourisme-responsable-1-1240x430.jpg\" width=\"1240\" height=\"430\" title='Excursion-bateau-1-tourisme-responsable' alt=''  itemprop=\"thumbnailUrl\"   \/><\/div><\/li><\/ul><\/div><\/div><div id='after_full_slider_1'  class='main_color av_default_container_wrap container_wrap fullsize'  ><div class='container av-section-cont-open' ><div class='template-page content  av-content-full alpha units'><div class='post-entry post-entry-type-page post-entry-1487'><div class='entry-content-wrapper clearfix'>\n<div  class='flex_column av-10hx3p-b317484dc0b7dbb9a3a27329311d3824 av_one_full  avia-builder-el-1  el_after_av_slideshow_full  el_before_av_three_fourth  avia-builder-el-first  first flex_column_div  '     ><p>\n<style type=\"text\/css\" data-created_by=\"avia_inline_auto\" id=\"style-css-av-kuxsydh5-01eedc3fa9dd74d9638234e7de2f52d6\">\n#top .av-special-heading.av-kuxsydh5-01eedc3fa9dd74d9638234e7de2f52d6{\npadding-bottom:10px;\n}\nbody .av-special-heading.av-kuxsydh5-01eedc3fa9dd74d9638234e7de2f52d6 .av-special-heading-tag .heading-char{\nfont-size:25px;\n}\n.av-special-heading.av-kuxsydh5-01eedc3fa9dd74d9638234e7de2f52d6 .av-subheading{\nfont-size:15px;\n}\n<\/style>\n<div  class='av-special-heading av-kuxsydh5-01eedc3fa9dd74d9638234e7de2f52d6 av-special-heading-h1 blockquote modern-quote modern-centered  avia-builder-el-2  el_before_av_textblock  avia-builder-el-first '><h1 class='av-special-heading-tag'  itemprop=\"headline\"  >SALVADOR DE BAHIA<\/h1><div class='av-subheading av-subheading_below'><p>Escursione in barca nella baia di Bahia<\/p>\n<\/div><div class=\"special-heading-border\"><div class=\"special-heading-inner-border\"><\/div><\/div><\/div><br \/>\n<section  class='av_textblock_section av-kuxsywcj-26b900c77a2b090f67cd33f115d6abdb '   itemscope=\"itemscope\" itemtype=\"https:\/\/schema.org\/CreativeWork\" ><div class='avia_textblock'  itemprop=\"text\" ><p>Scoperta il 1\u00b0 novembre 1501, la baia di Bahia di Todos os Santos \u00e8 la seconda pi\u00f9 grande baia del mondo. La profondit\u00e0 del mare pu\u00f3 arrivare a 42 metri.<\/p>\n<p>Acqua translucida, isole con spiagge di sabbia fina \u2026 Un assaggio del paradiso!<\/p>\n<\/div><\/section><\/p><\/div><div  class='flex_column av-ukw4d-f54e8098b2e2df541690ba5620927d8a av_three_fourth  avia-builder-el-4  el_after_av_one_full  el_before_av_one_fourth  first flex_column_div  column-top-margin'     ><section  class='av_textblock_section av-kuxszocn-6c9fc96ba4615fb6d580b31dc4f1594e '   itemscope=\"itemscope\" itemtype=\"https:\/\/schema.org\/CreativeWork\" ><div class='avia_textblock'  itemprop=\"text\" ><p><strong>Durata<\/strong> : 08H30-16H<br \/>\n<strong>Incluso<\/strong> : Il trasferimento privato al porto (andata e ritorno), una barca privata ed il suo staff.<br \/>\n<strong>Non incluso<\/strong> : I pasti e le bevande.<br \/>\n<strong>In opzione<\/strong> : Una guida in lingua italiana.<\/p>\n<\/div><\/section><\/div><div  class='flex_column av-q0r65-9eeb4d99c1ed3755d6b93584ffdab142 av_one_fourth  avia-builder-el-6  el_after_av_three_fourth  el_before_av_masonry_gallery  avia-builder-el-last  flex_column_div  column-top-margin'     ><p>\n<style type=\"text\/css\" data-created_by=\"avia_inline_auto\" id=\"style-css-av-1x3tx-fdbc446b06fd698283eb5fb9aadfa251\">\n#top .hr.hr-invisible.av-1x3tx-fdbc446b06fd698283eb5fb9aadfa251{\nheight:50px;\n}\n<\/style>\n<div  class='hr av-1x3tx-fdbc446b06fd698283eb5fb9aadfa251 hr-invisible  avia-builder-el-7  el_before_av_button  avia-builder-el-first '><span class='hr-inner '><span class=\"hr-inner-style\"><\/span><\/span><\/div><br \/>\n<div  class='avia-button-wrap av-1dlo5-c6c51e8928cb9dd0b28e49f876047550-wrap avia-button-center  avia-builder-el-8  el_after_av_hr  avia-builder-el-last '><a href='https:\/\/www.bahiametisse.com\/it\/contatti\/'  class='avia-button av-1dlo5-c6c51e8928cb9dd0b28e49f876047550 avia-icon_select-yes-left-icon avia-size-large avia-position-center avia-color-theme-color'  ><span class='avia_button_icon avia_button_icon_left' aria-hidden='true' data-av_icon='\ue836' data-av_iconfont='entypo-fontello'><\/span><span class='avia_iconbox_title' >CONTATTACI<\/span><\/a><\/div><\/p><\/div><div id='av-masonry-1' class='av-masonry av-bq2md-e1a1ea4a3aa23c90a88163a3adcdbccf noHover av-flex-size av-1px-gap av-hover-overlay-active av-masonry-animation-active av-masonry-col-2 av-caption-always av-caption-style- av-masonry-gallery ' data-post_id=\"1487\"><div class=\"av-masonry-container isotope av-js-disabled\"><div class='av-masonry-entry isotope-item av-masonry-item-no-image '><\/div><a href=\"https:\/\/www.bahiametisse.com\/wp-content\/uploads\/2021\/10\/Excursion-en-Bateau-tourisme-responsable-1030x736.jpg\" data-srcset=\"https:\/\/www.bahiametisse.com\/wp-content\/uploads\/2021\/10\/Excursion-en-Bateau-tourisme-responsable-1030x736.jpg 1030w, https:\/\/www.bahiametisse.com\/wp-content\/uploads\/2021\/10\/Excursion-en-Bateau-tourisme-responsable-300x214.jpg 300w, https:\/\/www.bahiametisse.com\/wp-content\/uploads\/2021\/10\/Excursion-en-Bateau-tourisme-responsable-768x549.jpg 768w, https:\/\/www.bahiametisse.com\/wp-content\/uploads\/2021\/10\/Excursion-en-Bateau-tourisme-responsable-260x185.jpg 260w, https:\/\/www.bahiametisse.com\/wp-content\/uploads\/2021\/10\/Excursion-en-Bateau-tourisme-responsable-705x504.jpg 705w, https:\/\/www.bahiametisse.com\/wp-content\/uploads\/2021\/10\/Excursion-en-Bateau-tourisme-responsable.jpg 1240w\" data-sizes=\"(max-width: 1030px) 100vw, 1030px\"  aria-label=\"immagine Excursion-en-Bateau-tourisme-responsable\"  id='av-masonry-1-item-257' data-av-masonry-item='257' class='av-masonry-entry isotope-item post-257 attachment type-attachment status-inherit hentry  av-masonry-item-with-image' title=\"Excursion-en-Bateau-tourisme-responsable\" alt=\"Excursion en Bateau tourisme responsable\"    itemprop=\"thumbnailUrl\" ><div class='av-inner-masonry-sizer'><\/div><figure class='av-inner-masonry main_color'><div class=\"av-masonry-outerimage-container\"><div class='av-masonry-image-container'   ><img decoding=\"async\" width=\"1240\" height=\"886\" fetchpriority=\"high\" class=\"wp-image-257 avia-img-lazy-loading-not-257\"  src=\"https:\/\/www.bahiametisse.com\/wp-content\/uploads\/2021\/10\/Excursion-en-Bateau-tourisme-responsable.jpg\" title=\"Excursion-en-Bateau-tourisme-responsable\" alt=\"Excursion en Bateau tourisme responsable\" srcset=\"https:\/\/www.bahiametisse.com\/wp-content\/uploads\/2021\/10\/Excursion-en-Bateau-tourisme-responsable.jpg 1240w, https:\/\/www.bahiametisse.com\/wp-content\/uploads\/2021\/10\/Excursion-en-Bateau-tourisme-responsable-300x214.jpg 300w, https:\/\/www.bahiametisse.com\/wp-content\/uploads\/2021\/10\/Excursion-en-Bateau-tourisme-responsable-1030x736.jpg 1030w, https:\/\/www.bahiametisse.com\/wp-content\/uploads\/2021\/10\/Excursion-en-Bateau-tourisme-responsable-768x549.jpg 768w, https:\/\/www.bahiametisse.com\/wp-content\/uploads\/2021\/10\/Excursion-en-Bateau-tourisme-responsable-260x185.jpg 260w, https:\/\/www.bahiametisse.com\/wp-content\/uploads\/2021\/10\/Excursion-en-Bateau-tourisme-responsable-705x504.jpg 705w\" sizes=\"(max-width: 1240px) 100vw, 1240px\" \/><\/div><\/div><\/figure><\/a><!--end av-masonry entry--><a href=\"https:\/\/www.bahiametisse.com\/wp-content\/uploads\/2021\/10\/Excursion-bateau-2-tourisme-responsable-1030x686.jpg\" data-srcset=\"https:\/\/www.bahiametisse.com\/wp-content\/uploads\/2021\/10\/Excursion-bateau-2-tourisme-responsable-1030x686.jpg 1030w, https:\/\/www.bahiametisse.com\/wp-content\/uploads\/2021\/10\/Excursion-bateau-2-tourisme-responsable-300x200.jpg 300w, https:\/\/www.bahiametisse.com\/wp-content\/uploads\/2021\/10\/Excursion-bateau-2-tourisme-responsable-768x512.jpg 768w, https:\/\/www.bahiametisse.com\/wp-content\/uploads\/2021\/10\/Excursion-bateau-2-tourisme-responsable-705x470.jpg 705w, https:\/\/www.bahiametisse.com\/wp-content\/uploads\/2021\/10\/Excursion-bateau-2-tourisme-responsable.jpg 1240w\" data-sizes=\"(max-width: 1030px) 100vw, 1030px\"  aria-label=\"immagine Excursion-bateau-2-tourisme-responsable\"  id='av-masonry-1-item-559' data-av-masonry-item='559' class='av-masonry-entry isotope-item post-559 attachment type-attachment status-inherit hentry  av-masonry-item-with-image' title=\"Excursion-bateau-2-tourisme-responsable\" alt=\"\"    itemprop=\"thumbnailUrl\" ><div class='av-inner-masonry-sizer'><\/div><figure class='av-inner-masonry main_color'><div class=\"av-masonry-outerimage-container\"><div class='av-masonry-image-container'   ><img decoding=\"async\" width=\"1240\" height=\"826\" fetchpriority=\"high\" class=\"wp-image-559 avia-img-lazy-loading-not-559\"  src=\"https:\/\/www.bahiametisse.com\/wp-content\/uploads\/2021\/10\/Excursion-bateau-2-tourisme-responsable.jpg\" title=\"Excursion-bateau-2-tourisme-responsable\" alt=\"\" srcset=\"https:\/\/www.bahiametisse.com\/wp-content\/uploads\/2021\/10\/Excursion-bateau-2-tourisme-responsable.jpg 1240w, https:\/\/www.bahiametisse.com\/wp-content\/uploads\/2021\/10\/Excursion-bateau-2-tourisme-responsable-300x200.jpg 300w, https:\/\/www.bahiametisse.com\/wp-content\/uploads\/2021\/10\/Excursion-bateau-2-tourisme-responsable-1030x686.jpg 1030w, https:\/\/www.bahiametisse.com\/wp-content\/uploads\/2021\/10\/Excursion-bateau-2-tourisme-responsable-768x512.jpg 768w, https:\/\/www.bahiametisse.com\/wp-content\/uploads\/2021\/10\/Excursion-bateau-2-tourisme-responsable-705x470.jpg 705w\" sizes=\"(max-width: 1240px) 100vw, 1240px\" \/><\/div><\/div><\/figure><\/a><!--end av-masonry entry--><a href=\"https:\/\/www.bahiametisse.com\/wp-content\/uploads\/2021\/10\/Excursion-bateau-3-tourisme-responsable-1030x775.jpg\" data-srcset=\"https:\/\/www.bahiametisse.com\/wp-content\/uploads\/2021\/10\/Excursion-bateau-3-tourisme-responsable-1030x775.jpg 1030w, https:\/\/www.bahiametisse.com\/wp-content\/uploads\/2021\/10\/Excursion-bateau-3-tourisme-responsable-300x226.jpg 300w, https:\/\/www.bahiametisse.com\/wp-content\/uploads\/2021\/10\/Excursion-bateau-3-tourisme-responsable-768x578.jpg 768w, https:\/\/www.bahiametisse.com\/wp-content\/uploads\/2021\/10\/Excursion-bateau-3-tourisme-responsable-705x530.jpg 705w, https:\/\/www.bahiametisse.com\/wp-content\/uploads\/2021\/10\/Excursion-bateau-3-tourisme-responsable.jpg 1240w\" data-sizes=\"(max-width: 1030px) 100vw, 1030px\"  aria-label=\"immagine Excursion-bateau-3-tourisme-responsable\"  id='av-masonry-1-item-563' data-av-masonry-item='563' class='av-masonry-entry isotope-item post-563 attachment type-attachment status-inherit hentry  av-masonry-item-with-image' title=\"Excursion-bateau-3-tourisme-responsable\" alt=\"\"    itemprop=\"thumbnailUrl\" ><div class='av-inner-masonry-sizer'><\/div><figure class='av-inner-masonry main_color'><div class=\"av-masonry-outerimage-container\"><div class='av-masonry-image-container'   ><img decoding=\"async\" width=\"1240\" height=\"933\" fetchpriority=\"high\" class=\"wp-image-563 avia-img-lazy-loading-not-563\"  src=\"https:\/\/www.bahiametisse.com\/wp-content\/uploads\/2021\/10\/Excursion-bateau-3-tourisme-responsable.jpg\" title=\"Excursion-bateau-3-tourisme-responsable\" alt=\"\" srcset=\"https:\/\/www.bahiametisse.com\/wp-content\/uploads\/2021\/10\/Excursion-bateau-3-tourisme-responsable.jpg 1240w, https:\/\/www.bahiametisse.com\/wp-content\/uploads\/2021\/10\/Excursion-bateau-3-tourisme-responsable-300x226.jpg 300w, https:\/\/www.bahiametisse.com\/wp-content\/uploads\/2021\/10\/Excursion-bateau-3-tourisme-responsable-1030x775.jpg 1030w, https:\/\/www.bahiametisse.com\/wp-content\/uploads\/2021\/10\/Excursion-bateau-3-tourisme-responsable-768x578.jpg 768w, https:\/\/www.bahiametisse.com\/wp-content\/uploads\/2021\/10\/Excursion-bateau-3-tourisme-responsable-705x530.jpg 705w\" sizes=\"(max-width: 1240px) 100vw, 1240px\" \/><\/div><\/div><\/figure><\/a><!--end av-masonry entry--><a href=\"https:\/\/www.bahiametisse.com\/wp-content\/uploads\/2021\/10\/Excursion-bateau-4-tourisme-responsable-1030x642.jpg\" data-srcset=\"https:\/\/www.bahiametisse.com\/wp-content\/uploads\/2021\/10\/Excursion-bateau-4-tourisme-responsable-1030x642.jpg 1030w, https:\/\/www.bahiametisse.com\/wp-content\/uploads\/2021\/10\/Excursion-bateau-4-tourisme-responsable-300x187.jpg 300w, https:\/\/www.bahiametisse.com\/wp-content\/uploads\/2021\/10\/Excursion-bateau-4-tourisme-responsable-768x479.jpg 768w, https:\/\/www.bahiametisse.com\/wp-content\/uploads\/2021\/10\/Excursion-bateau-4-tourisme-responsable-705x440.jpg 705w, https:\/\/www.bahiametisse.com\/wp-content\/uploads\/2021\/10\/Excursion-bateau-4-tourisme-responsable.jpg 1116w\" data-sizes=\"(max-width: 1030px) 100vw, 1030px\"  aria-label=\"immagine Excursion-bateau-4-tourisme-responsable\"  id='av-masonry-1-item-616' data-av-masonry-item='616' class='av-masonry-entry isotope-item post-616 attachment type-attachment status-inherit hentry  av-masonry-item-with-image' title=\"Excursion-bateau-4-tourisme-responsable\" alt=\"\"    itemprop=\"thumbnailUrl\" ><div class='av-inner-masonry-sizer'><\/div><figure class='av-inner-masonry main_color'><div class=\"av-masonry-outerimage-container\"><div class='av-masonry-image-container'   ><img decoding=\"async\" width=\"1116\" height=\"696\" fetchpriority=\"high\" class=\"wp-image-616 avia-img-lazy-loading-not-616\"  src=\"https:\/\/www.bahiametisse.com\/wp-content\/uploads\/2021\/10\/Excursion-bateau-4-tourisme-responsable.jpg\" title=\"Excursion-bateau-4-tourisme-responsable\" alt=\"\" srcset=\"https:\/\/www.bahiametisse.com\/wp-content\/uploads\/2021\/10\/Excursion-bateau-4-tourisme-responsable.jpg 1116w, https:\/\/www.bahiametisse.com\/wp-content\/uploads\/2021\/10\/Excursion-bateau-4-tourisme-responsable-300x187.jpg 300w, https:\/\/www.bahiametisse.com\/wp-content\/uploads\/2021\/10\/Excursion-bateau-4-tourisme-responsable-1030x642.jpg 1030w, https:\/\/www.bahiametisse.com\/wp-content\/uploads\/2021\/10\/Excursion-bateau-4-tourisme-responsable-768x479.jpg 768w, https:\/\/www.bahiametisse.com\/wp-content\/uploads\/2021\/10\/Excursion-bateau-4-tourisme-responsable-705x440.jpg 705w\" sizes=\"(max-width: 1116px) 100vw, 1116px\" \/><\/div><\/div><\/figure><\/a><!--end av-masonry entry--><\/div><\/div><\/p>\n","protected":false},"excerpt":{"rendered":"","protected":false},"author":1,"featured_media":257,"parent":1395,"menu_order":5,"comment_status":"closed","ping_status":"closed","template":"","meta":{"footnotes":""},"class_list":["post-1487","page","type-page","status-publish","has-post-thumbnail","hentry"],"yoast_head":"<!-- This site is optimized with the Yoast SEO plugin v27.4 - https:\/\/yoast.com\/product\/yoast-seo-wordpress\/ -->\n<title>Escursione in barca nella baia di Bahia - Bahia M\u00e9tisse<\/title>\n<meta name=\"robots\" content=\"index, follow, max-snippet:-1, max-image-preview:large, max-video-preview:-1\" \/>\n<link rel=\"canonical\" href=\"https:\/\/www.bahiametisse.com\/it\/tours-e-servizi\/escursione-in-barca-nella-baia-di-bahia\/\" \/>\n<meta property=\"og:locale\" content=\"it_IT\" \/>\n<meta property=\"og:type\" content=\"article\" \/>\n<meta property=\"og:title\" content=\"Escursione in barca nella baia di Bahia - Bahia M\u00e9tisse\" \/>\n<meta property=\"og:url\" content=\"https:\/\/www.bahiametisse.com\/it\/tours-e-servizi\/escursione-in-barca-nella-baia-di-bahia\/\" \/>\n<meta property=\"og:site_name\" content=\"Bahia M\u00e9tisse\" \/>\n<meta property=\"article:modified_time\" content=\"2022-03-13T21:47:16+00:00\" \/>\n<meta property=\"og:image\" content=\"https:\/\/www.bahiametisse.com\/wp-content\/uploads\/2021\/10\/Excursion-en-Bateau-tourisme-responsable.jpg\" \/>\n\t<meta property=\"og:image:width\" content=\"1240\" \/>\n\t<meta property=\"og:image:height\" content=\"886\" \/>\n\t<meta property=\"og:image:type\" content=\"image\/jpeg\" \/>\n<meta name=\"twitter:card\" content=\"summary_large_image\" \/>\n<meta name=\"twitter:label1\" content=\"Tempo di lettura stimato\" \/>\n\t<meta name=\"twitter:data1\" content=\"3 minuti\" \/>\n<script type=\"application\/ld+json\" class=\"yoast-schema-graph\">{\"@context\":\"https:\\\/\\\/schema.org\",\"@graph\":[{\"@type\":\"WebPage\",\"@id\":\"https:\\\/\\\/www.bahiametisse.com\\\/it\\\/tours-e-servizi\\\/escursione-in-barca-nella-baia-di-bahia\\\/\",\"url\":\"https:\\\/\\\/www.bahiametisse.com\\\/it\\\/tours-e-servizi\\\/escursione-in-barca-nella-baia-di-bahia\\\/\",\"name\":\"Escursione in barca nella baia di Bahia - Bahia M\u00e9tisse\",\"isPartOf\":{\"@id\":\"https:\\\/\\\/www.bahiametisse.com\\\/it\\\/#website\"},\"primaryImageOfPage\":{\"@id\":\"https:\\\/\\\/www.bahiametisse.com\\\/it\\\/tours-e-servizi\\\/escursione-in-barca-nella-baia-di-bahia\\\/#primaryimage\"},\"image\":{\"@id\":\"https:\\\/\\\/www.bahiametisse.com\\\/it\\\/tours-e-servizi\\\/escursione-in-barca-nella-baia-di-bahia\\\/#primaryimage\"},\"thumbnailUrl\":\"https:\\\/\\\/www.bahiametisse.com\\\/wp-content\\\/uploads\\\/2021\\\/10\\\/Excursion-en-Bateau-tourisme-responsable.jpg\",\"datePublished\":\"2021-10-18T18:04:29+00:00\",\"dateModified\":\"2022-03-13T21:47:16+00:00\",\"breadcrumb\":{\"@id\":\"https:\\\/\\\/www.bahiametisse.com\\\/it\\\/tours-e-servizi\\\/escursione-in-barca-nella-baia-di-bahia\\\/#breadcrumb\"},\"inLanguage\":\"it-IT\",\"potentialAction\":[{\"@type\":\"ReadAction\",\"target\":[\"https:\\\/\\\/www.bahiametisse.com\\\/it\\\/tours-e-servizi\\\/escursione-in-barca-nella-baia-di-bahia\\\/\"]}]},{\"@type\":\"ImageObject\",\"inLanguage\":\"it-IT\",\"@id\":\"https:\\\/\\\/www.bahiametisse.com\\\/it\\\/tours-e-servizi\\\/escursione-in-barca-nella-baia-di-bahia\\\/#primaryimage\",\"url\":\"https:\\\/\\\/www.bahiametisse.com\\\/wp-content\\\/uploads\\\/2021\\\/10\\\/Excursion-en-Bateau-tourisme-responsable.jpg\",\"contentUrl\":\"https:\\\/\\\/www.bahiametisse.com\\\/wp-content\\\/uploads\\\/2021\\\/10\\\/Excursion-en-Bateau-tourisme-responsable.jpg\",\"width\":1240,\"height\":886,\"caption\":\"Excursion en Bateau tourisme responsable\"},{\"@type\":\"BreadcrumbList\",\"@id\":\"https:\\\/\\\/www.bahiametisse.com\\\/it\\\/tours-e-servizi\\\/escursione-in-barca-nella-baia-di-bahia\\\/#breadcrumb\",\"itemListElement\":[{\"@type\":\"ListItem\",\"position\":1,\"name\":\"Accueil\",\"item\":\"https:\\\/\\\/www.bahiametisse.com\\\/it\\\/\"},{\"@type\":\"ListItem\",\"position\":2,\"name\":\"Tours e Servizi\",\"item\":\"https:\\\/\\\/www.bahiametisse.com\\\/it\\\/tours-e-servizi\\\/\"},{\"@type\":\"ListItem\",\"position\":3,\"name\":\"Escursione in barca nella baia di Bahia\"}]},{\"@type\":\"WebSite\",\"@id\":\"https:\\\/\\\/www.bahiametisse.com\\\/it\\\/#website\",\"url\":\"https:\\\/\\\/www.bahiametisse.com\\\/it\\\/\",\"name\":\"Bahia M\u00e9tisse\",\"description\":\"Agence \u00e9cotourisme\",\"potentialAction\":[{\"@type\":\"SearchAction\",\"target\":{\"@type\":\"EntryPoint\",\"urlTemplate\":\"https:\\\/\\\/www.bahiametisse.com\\\/it\\\/?s={search_term_string}\"},\"query-input\":{\"@type\":\"PropertyValueSpecification\",\"valueRequired\":true,\"valueName\":\"search_term_string\"}}],\"inLanguage\":\"it-IT\"}]}<\/script>\n<!-- \/ Yoast SEO plugin. -->","yoast_head_json":{"title":"Escursione in barca nella baia di Bahia - Bahia M\u00e9tisse","robots":{"index":"index","follow":"follow","max-snippet":"max-snippet:-1","max-image-preview":"max-image-preview:large","max-video-preview":"max-video-preview:-1"},"canonical":"https:\/\/www.bahiametisse.com\/it\/tours-e-servizi\/escursione-in-barca-nella-baia-di-bahia\/","og_locale":"it_IT","og_type":"article","og_title":"Escursione in barca nella baia di Bahia - Bahia M\u00e9tisse","og_url":"https:\/\/www.bahiametisse.com\/it\/tours-e-servizi\/escursione-in-barca-nella-baia-di-bahia\/","og_site_name":"Bahia M\u00e9tisse","article_modified_time":"2022-03-13T21:47:16+00:00","og_image":[{"width":1240,"height":886,"url":"https:\/\/www.bahiametisse.com\/wp-content\/uploads\/2021\/10\/Excursion-en-Bateau-tourisme-responsable.jpg","type":"image\/jpeg"}],"twitter_card":"summary_large_image","twitter_misc":{"Tempo di lettura stimato":"3 minuti"},"schema":{"@context":"https:\/\/schema.org","@graph":[{"@type":"WebPage","@id":"https:\/\/www.bahiametisse.com\/it\/tours-e-servizi\/escursione-in-barca-nella-baia-di-bahia\/","url":"https:\/\/www.bahiametisse.com\/it\/tours-e-servizi\/escursione-in-barca-nella-baia-di-bahia\/","name":"Escursione in barca nella baia di Bahia - Bahia M\u00e9tisse","isPartOf":{"@id":"https:\/\/www.bahiametisse.com\/it\/#website"},"primaryImageOfPage":{"@id":"https:\/\/www.bahiametisse.com\/it\/tours-e-servizi\/escursione-in-barca-nella-baia-di-bahia\/#primaryimage"},"image":{"@id":"https:\/\/www.bahiametisse.com\/it\/tours-e-servizi\/escursione-in-barca-nella-baia-di-bahia\/#primaryimage"},"thumbnailUrl":"https:\/\/www.bahiametisse.com\/wp-content\/uploads\/2021\/10\/Excursion-en-Bateau-tourisme-responsable.jpg","datePublished":"2021-10-18T18:04:29+00:00","dateModified":"2022-03-13T21:47:16+00:00","breadcrumb":{"@id":"https:\/\/www.bahiametisse.com\/it\/tours-e-servizi\/escursione-in-barca-nella-baia-di-bahia\/#breadcrumb"},"inLanguage":"it-IT","potentialAction":[{"@type":"ReadAction","target":["https:\/\/www.bahiametisse.com\/it\/tours-e-servizi\/escursione-in-barca-nella-baia-di-bahia\/"]}]},{"@type":"ImageObject","inLanguage":"it-IT","@id":"https:\/\/www.bahiametisse.com\/it\/tours-e-servizi\/escursione-in-barca-nella-baia-di-bahia\/#primaryimage","url":"https:\/\/www.bahiametisse.com\/wp-content\/uploads\/2021\/10\/Excursion-en-Bateau-tourisme-responsable.jpg","contentUrl":"https:\/\/www.bahiametisse.com\/wp-content\/uploads\/2021\/10\/Excursion-en-Bateau-tourisme-responsable.jpg","width":1240,"height":886,"caption":"Excursion en Bateau tourisme responsable"},{"@type":"BreadcrumbList","@id":"https:\/\/www.bahiametisse.com\/it\/tours-e-servizi\/escursione-in-barca-nella-baia-di-bahia\/#breadcrumb","itemListElement":[{"@type":"ListItem","position":1,"name":"Accueil","item":"https:\/\/www.bahiametisse.com\/it\/"},{"@type":"ListItem","position":2,"name":"Tours e Servizi","item":"https:\/\/www.bahiametisse.com\/it\/tours-e-servizi\/"},{"@type":"ListItem","position":3,"name":"Escursione in barca nella baia di Bahia"}]},{"@type":"WebSite","@id":"https:\/\/www.bahiametisse.com\/it\/#website","url":"https:\/\/www.bahiametisse.com\/it\/","name":"Bahia M\u00e9tisse","description":"Agence \u00e9cotourisme","potentialAction":[{"@type":"SearchAction","target":{"@type":"EntryPoint","urlTemplate":"https:\/\/www.bahiametisse.com\/it\/?s={search_term_string}"},"query-input":{"@type":"PropertyValueSpecification","valueRequired":true,"valueName":"search_term_string"}}],"inLanguage":"it-IT"}]}},"_links":{"self":[{"href":"https:\/\/www.bahiametisse.com\/it\/wp-json\/wp\/v2\/pages\/1487","targetHints":{"allow":["GET"]}}],"collection":[{"href":"https:\/\/www.bahiametisse.com\/it\/wp-json\/wp\/v2\/pages"}],"about":[{"href":"https:\/\/www.bahiametisse.com\/it\/wp-json\/wp\/v2\/types\/page"}],"author":[{"embeddable":true,"href":"https:\/\/www.bahiametisse.com\/it\/wp-json\/wp\/v2\/users\/1"}],"replies":[{"embeddable":true,"href":"https:\/\/www.bahiametisse.com\/it\/wp-json\/wp\/v2\/comments?post=1487"}],"version-history":[{"count":3,"href":"https:\/\/www.bahiametisse.com\/it\/wp-json\/wp\/v2\/pages\/1487\/revisions"}],"predecessor-version":[{"id":1491,"href":"https:\/\/www.bahiametisse.com\/it\/wp-json\/wp\/v2\/pages\/1487\/revisions\/1491"}],"up":[{"embeddable":true,"href":"https:\/\/www.bahiametisse.com\/it\/wp-json\/wp\/v2\/pages\/1395"}],"wp:featuredmedia":[{"embeddable":true,"href":"https:\/\/www.bahiametisse.com\/it\/wp-json\/wp\/v2\/media\/257"}],"wp:attachment":[{"href":"https:\/\/www.bahiametisse.com\/it\/wp-json\/wp\/v2\/media?parent=1487"}],"curies":[{"name":"wp","href":"https:\/\/api.w.org\/{rel}","templated":true}]}}