{"id":1499,"date":"2021-10-18T20:05:07","date_gmt":"2021-10-18T18:05:07","guid":{"rendered":"https:\/\/www.bahiametisse.com\/tours-e-servizi\/cours-de-cuisine-chez-lhabitant\/"},"modified":"2022-03-13T23:00:52","modified_gmt":"2022-03-13T22:00:52","slug":"corso-di-cucina-presso-una-famiglia","status":"publish","type":"page","link":"https:\/\/www.bahiametisse.com\/it\/tours-e-servizi\/corso-di-cucina-presso-una-famiglia\/","title":{"rendered":"Corso di cucina presso una famiglia"},"content":{"rendered":"<div id='full_slider_1'  class='avia-fullwidth-slider main_color avia-shadow   avia-builder-el-0  el_before_av_one_full  avia-builder-el-first   container_wrap fullsize'  ><div  class='avia-slideshow av-kuxt2l1q-41e8437ca85b2e7aed52e5e8a118875e avia-slideshow-featured av_slideshow_full avia-slide-slider av-slideshow-ui av-control-default av-slideshow-manual av-loop-once av-loop-manual-endless av-default-height-applied   avia-slideshow-1' data-slideshow-options=\"{&quot;animation&quot;:&quot;slide&quot;,&quot;autoplay&quot;:false,&quot;loop_autoplay&quot;:&quot;once&quot;,&quot;interval&quot;:5,&quot;loop_manual&quot;:&quot;manual-endless&quot;,&quot;autoplay_stopper&quot;:false,&quot;noNavigation&quot;:false,&quot;bg_slider&quot;:false,&quot;keep_padding&quot;:false,&quot;hoverpause&quot;:false,&quot;show_slide_delay&quot;:0}\"  itemprop=\"image\" itemscope=\"itemscope\" itemtype=\"https:\/\/schema.org\/ImageObject\" ><ul class='avia-slideshow-inner ' style='padding-bottom: 34.677419354839%;'><li  class='avia-slideshow-slide av-kuxt2l1q-41e8437ca85b2e7aed52e5e8a118875e__0  av-single-slide slide-1 slide-odd'><div data-rel='slideshow-1' class='avia-slide-wrap '   ><img decoding=\"async\" fetchpriority=\"high\" class=\"wp-image-253 avia-img-lazy-loading-not-253\"  src=\"https:\/\/www.bahiametisse.com\/wp-content\/uploads\/2021\/10\/Cours-cuisine-tourisme-responsable-1240x430.jpg\" width=\"1240\" height=\"430\" title='Cours-cuisine-tourisme-responsable' alt='Cours cuisine tourisme responsable'  itemprop=\"thumbnailUrl\"   \/><\/div><\/li><\/ul><\/div><\/div><div id='after_full_slider_1'  class='main_color av_default_container_wrap container_wrap fullsize'  ><div class='container av-section-cont-open' ><div class='template-page content  av-content-full alpha units'><div class='post-entry post-entry-type-page post-entry-1499'><div class='entry-content-wrapper clearfix'>\n<div  class='flex_column av-1399hr-95b11132c63fb2950155d830ee696d16 av_one_full  avia-builder-el-1  el_after_av_slideshow_full  el_before_av_three_fourth  avia-builder-el-first  first flex_column_div  '     ><p>\n<style type=\"text\/css\" data-created_by=\"avia_inline_auto\" id=\"style-css-av-kuxt2rx9-245b2803ff9b0e06a50da0778d0e2937\">\n#top .av-special-heading.av-kuxt2rx9-245b2803ff9b0e06a50da0778d0e2937{\npadding-bottom:10px;\n}\nbody .av-special-heading.av-kuxt2rx9-245b2803ff9b0e06a50da0778d0e2937 .av-special-heading-tag .heading-char{\nfont-size:25px;\n}\n.av-special-heading.av-kuxt2rx9-245b2803ff9b0e06a50da0778d0e2937 .av-subheading{\nfont-size:15px;\n}\n<\/style>\n<div  class='av-special-heading av-kuxt2rx9-245b2803ff9b0e06a50da0778d0e2937 av-special-heading-h1 blockquote modern-quote modern-centered  avia-builder-el-2  el_before_av_textblock  avia-builder-el-first '><h1 class='av-special-heading-tag'  itemprop=\"headline\"  >SALVADOR DE BAHIA<\/h1><div class='av-subheading av-subheading_below'><p>Corso di cucina presso una famiglia<\/p>\n<\/div><div class=\"special-heading-border\"><div class=\"special-heading-inner-border\"><\/div><\/div><\/div><br \/>\n<section  class='av_textblock_section av-kuxt34dl-b584da49871b3c455b86f61caa137f51 '   itemscope=\"itemscope\" itemtype=\"https:\/\/schema.org\/CreativeWork\" ><div class='avia_textblock'  itemprop=\"text\" ><p>Una guida in lingua italiana passer\u00e0 a prelevarvi al vostro albergo per andare al mercato locale ad acquistare i diversi ingredienti da utilizzare sotto la guida di una famosa cuoca della comunit\u00e0 situata in riva al mare.<\/p>\n<p>Suo marito, un pescatore della comunit\u00e0, avr\u00e0 gi\u00e0 pescato il pesce! Voi imparerete a fare una moqueca, piatto tipico della gastronomia di Bahia. \u00c8 una zuppa di pesce cotta in un tegame di terracotta con l\u2019aggiunta di latte di cocco e di olio di palma\u2026 Le vostre papille gustative se lo ricorderanno!<\/p>\n<\/div><\/section><\/p><\/div><div  class='flex_column av-uh9pz-8f1ecda37ab2c8723f474329d644f160 av_three_fourth  avia-builder-el-4  el_after_av_one_full  el_before_av_one_fourth  first flex_column_div  column-top-margin'     ><section  class='av_textblock_section av-kuxt3ra2-1d1cbf448f3f20ed26c70c4db63ef6a6 '   itemscope=\"itemscope\" itemtype=\"https:\/\/schema.org\/CreativeWork\" ><div class='avia_textblock'  itemprop=\"text\" ><p><strong>Durata<\/strong> : 19H-22H<br \/>\n<strong>Incluso<\/strong> : Una guida in lingua italiana, i trasferimenti privati, la cerimonia.<br \/>\n<strong>Non incluso<\/strong> : I pasti e le bevande.<\/p>\n<\/div><\/section><\/div><div  class='flex_column av-rcjun-4b8a5eb18903960a92504562440529bc av_one_fourth  avia-builder-el-6  el_after_av_three_fourth  el_before_av_masonry_gallery  avia-builder-el-last  flex_column_div  column-top-margin'     ><p>\n<style type=\"text\/css\" data-created_by=\"avia_inline_auto\" id=\"style-css-av-imq0f-50d4585fd6c15ae445a9a4740ae0e2fb\">\n#top .hr.hr-invisible.av-imq0f-50d4585fd6c15ae445a9a4740ae0e2fb{\nheight:50px;\n}\n<\/style>\n<div  class='hr av-imq0f-50d4585fd6c15ae445a9a4740ae0e2fb hr-invisible  avia-builder-el-7  el_before_av_button  avia-builder-el-first '><span class='hr-inner '><span class=\"hr-inner-style\"><\/span><\/span><\/div><br \/>\n<div  class='avia-button-wrap av-fuwnb-989d25510d1a5685dc8e870e312235f9-wrap avia-button-center  avia-builder-el-8  el_after_av_hr  avia-builder-el-last '><a href='https:\/\/www.bahiametisse.com\/it\/contatti\/'  class='avia-button av-fuwnb-989d25510d1a5685dc8e870e312235f9 avia-icon_select-yes-left-icon avia-size-large avia-position-center avia-color-theme-color'  ><span class='avia_button_icon avia_button_icon_left' aria-hidden='true' data-av_icon='\ue836' data-av_iconfont='entypo-fontello'><\/span><span class='avia_iconbox_title' >CONTATTACI<\/span><\/a><\/div><\/p><\/div><div id='av-masonry-1' class='av-masonry av-6yxcv-c68c8c9c9542ee886b82ad018fde655d noHover av-flex-size av-1px-gap av-hover-overlay-active av-masonry-animation-active av-masonry-col-3 av-caption-always av-caption-style- av-masonry-gallery ' data-post_id=\"1499\"><div class=\"av-masonry-container isotope av-js-disabled\"><div class='av-masonry-entry isotope-item av-masonry-item-no-image '><\/div><a href=\"https:\/\/www.bahiametisse.com\/wp-content\/uploads\/2021\/10\/Cours-cuisine-1-tourisme-responsable-1030x690.jpg\" data-srcset=\"https:\/\/www.bahiametisse.com\/wp-content\/uploads\/2021\/10\/Cours-cuisine-1-tourisme-responsable-1030x690.jpg 1030w, https:\/\/www.bahiametisse.com\/wp-content\/uploads\/2021\/10\/Cours-cuisine-1-tourisme-responsable-300x201.jpg 300w, https:\/\/www.bahiametisse.com\/wp-content\/uploads\/2021\/10\/Cours-cuisine-1-tourisme-responsable-768x514.jpg 768w, https:\/\/www.bahiametisse.com\/wp-content\/uploads\/2021\/10\/Cours-cuisine-1-tourisme-responsable-705x472.jpg 705w, https:\/\/www.bahiametisse.com\/wp-content\/uploads\/2021\/10\/Cours-cuisine-1-tourisme-responsable.jpg 1236w\" data-sizes=\"(max-width: 1030px) 100vw, 1030px\"  aria-label=\"immagine Cours-cuisine-1-tourisme-responsable\"  id='av-masonry-1-item-601' data-av-masonry-item='601' class='av-masonry-entry isotope-item post-601 attachment type-attachment status-inherit hentry  av-masonry-item-with-image' title=\"Cours-cuisine-1-tourisme-responsable\" alt=\"\"    itemprop=\"thumbnailUrl\" ><div class='av-inner-masonry-sizer'><\/div><figure class='av-inner-masonry main_color'><div class=\"av-masonry-outerimage-container\"><div class='av-masonry-image-container'   ><img decoding=\"async\" width=\"1236\" height=\"828\" fetchpriority=\"high\" class=\"wp-image-601 avia-img-lazy-loading-not-601\"  src=\"https:\/\/www.bahiametisse.com\/wp-content\/uploads\/2021\/10\/Cours-cuisine-1-tourisme-responsable.jpg\" title=\"Cours-cuisine-1-tourisme-responsable\" alt=\"\" srcset=\"https:\/\/www.bahiametisse.com\/wp-content\/uploads\/2021\/10\/Cours-cuisine-1-tourisme-responsable.jpg 1236w, https:\/\/www.bahiametisse.com\/wp-content\/uploads\/2021\/10\/Cours-cuisine-1-tourisme-responsable-300x201.jpg 300w, https:\/\/www.bahiametisse.com\/wp-content\/uploads\/2021\/10\/Cours-cuisine-1-tourisme-responsable-1030x690.jpg 1030w, https:\/\/www.bahiametisse.com\/wp-content\/uploads\/2021\/10\/Cours-cuisine-1-tourisme-responsable-768x514.jpg 768w, https:\/\/www.bahiametisse.com\/wp-content\/uploads\/2021\/10\/Cours-cuisine-1-tourisme-responsable-705x472.jpg 705w\" sizes=\"(max-width: 1236px) 100vw, 1236px\" \/><\/div><\/div><\/figure><\/a><!--end av-masonry entry--><a href=\"https:\/\/www.bahiametisse.com\/wp-content\/uploads\/2021\/10\/Cours-cuisine-tourisme-responsable-1030x687.jpg\" data-srcset=\"https:\/\/www.bahiametisse.com\/wp-content\/uploads\/2021\/10\/Cours-cuisine-tourisme-responsable-1030x687.jpg 1030w, https:\/\/www.bahiametisse.com\/wp-content\/uploads\/2021\/10\/Cours-cuisine-tourisme-responsable-300x200.jpg 300w, https:\/\/www.bahiametisse.com\/wp-content\/uploads\/2021\/10\/Cours-cuisine-tourisme-responsable-768x512.jpg 768w, https:\/\/www.bahiametisse.com\/wp-content\/uploads\/2021\/10\/Cours-cuisine-tourisme-responsable-705x470.jpg 705w, https:\/\/www.bahiametisse.com\/wp-content\/uploads\/2021\/10\/Cours-cuisine-tourisme-responsable.jpg 1240w\" data-sizes=\"(max-width: 1030px) 100vw, 1030px\"  aria-label=\"immagine Cours-cuisine-tourisme-responsable\"  id='av-masonry-1-item-253' data-av-masonry-item='253' class='av-masonry-entry isotope-item post-253 attachment type-attachment status-inherit hentry  av-masonry-item-with-image' title=\"Cours-cuisine-tourisme-responsable\" alt=\"Cours cuisine tourisme responsable\"    itemprop=\"thumbnailUrl\" ><div class='av-inner-masonry-sizer'><\/div><figure class='av-inner-masonry main_color'><div class=\"av-masonry-outerimage-container\"><div class='av-masonry-image-container'   ><img decoding=\"async\" width=\"1240\" height=\"827\" fetchpriority=\"high\" class=\"wp-image-253 avia-img-lazy-loading-not-253\"  src=\"https:\/\/www.bahiametisse.com\/wp-content\/uploads\/2021\/10\/Cours-cuisine-tourisme-responsable.jpg\" title=\"Cours-cuisine-tourisme-responsable\" alt=\"Cours cuisine tourisme responsable\" srcset=\"https:\/\/www.bahiametisse.com\/wp-content\/uploads\/2021\/10\/Cours-cuisine-tourisme-responsable.jpg 1240w, https:\/\/www.bahiametisse.com\/wp-content\/uploads\/2021\/10\/Cours-cuisine-tourisme-responsable-300x200.jpg 300w, https:\/\/www.bahiametisse.com\/wp-content\/uploads\/2021\/10\/Cours-cuisine-tourisme-responsable-1030x687.jpg 1030w, https:\/\/www.bahiametisse.com\/wp-content\/uploads\/2021\/10\/Cours-cuisine-tourisme-responsable-768x512.jpg 768w, https:\/\/www.bahiametisse.com\/wp-content\/uploads\/2021\/10\/Cours-cuisine-tourisme-responsable-705x470.jpg 705w\" sizes=\"(max-width: 1240px) 100vw, 1240px\" \/><\/div><\/div><\/figure><\/a><!--end av-masonry entry--><a href=\"https:\/\/www.bahiametisse.com\/wp-content\/uploads\/2021\/10\/Cours-cuisine-2-tourisme-responsable-1030x684.jpg\" data-srcset=\"https:\/\/www.bahiametisse.com\/wp-content\/uploads\/2021\/10\/Cours-cuisine-2-tourisme-responsable-1030x684.jpg 1030w, https:\/\/www.bahiametisse.com\/wp-content\/uploads\/2021\/10\/Cours-cuisine-2-tourisme-responsable-300x199.jpg 300w, https:\/\/www.bahiametisse.com\/wp-content\/uploads\/2021\/10\/Cours-cuisine-2-tourisme-responsable-768x510.jpg 768w, https:\/\/www.bahiametisse.com\/wp-content\/uploads\/2021\/10\/Cours-cuisine-2-tourisme-responsable-705x468.jpg 705w, https:\/\/www.bahiametisse.com\/wp-content\/uploads\/2021\/10\/Cours-cuisine-2-tourisme-responsable.jpg 1246w\" data-sizes=\"(max-width: 1030px) 100vw, 1030px\"  aria-label=\"immagine Cours-cuisine-2-tourisme-responsable\"  id='av-masonry-1-item-605' data-av-masonry-item='605' class='av-masonry-entry isotope-item post-605 attachment type-attachment status-inherit hentry  av-masonry-item-with-image' title=\"Cours-cuisine-2-tourisme-responsable\" alt=\"\"    itemprop=\"thumbnailUrl\" ><div class='av-inner-masonry-sizer'><\/div><figure class='av-inner-masonry main_color'><div class=\"av-masonry-outerimage-container\"><div class='av-masonry-image-container'   ><img decoding=\"async\" width=\"1246\" height=\"828\" fetchpriority=\"high\" class=\"wp-image-605 avia-img-lazy-loading-not-605\"  src=\"https:\/\/www.bahiametisse.com\/wp-content\/uploads\/2021\/10\/Cours-cuisine-2-tourisme-responsable.jpg\" title=\"Cours-cuisine-2-tourisme-responsable\" alt=\"\" srcset=\"https:\/\/www.bahiametisse.com\/wp-content\/uploads\/2021\/10\/Cours-cuisine-2-tourisme-responsable.jpg 1246w, https:\/\/www.bahiametisse.com\/wp-content\/uploads\/2021\/10\/Cours-cuisine-2-tourisme-responsable-300x199.jpg 300w, https:\/\/www.bahiametisse.com\/wp-content\/uploads\/2021\/10\/Cours-cuisine-2-tourisme-responsable-1030x684.jpg 1030w, https:\/\/www.bahiametisse.com\/wp-content\/uploads\/2021\/10\/Cours-cuisine-2-tourisme-responsable-768x510.jpg 768w, https:\/\/www.bahiametisse.com\/wp-content\/uploads\/2021\/10\/Cours-cuisine-2-tourisme-responsable-705x468.jpg 705w\" sizes=\"(max-width: 1246px) 100vw, 1246px\" \/><\/div><\/div><\/figure><\/a><!--end av-masonry entry--><\/div><\/div><\/p>\n","protected":false},"excerpt":{"rendered":"","protected":false},"author":1,"featured_media":253,"parent":1395,"menu_order":6,"comment_status":"closed","ping_status":"closed","template":"","meta":{"footnotes":""},"class_list":["post-1499","page","type-page","status-publish","has-post-thumbnail","hentry"],"yoast_head":"<!-- This site is optimized with the Yoast SEO plugin v27.4 - https:\/\/yoast.com\/product\/yoast-seo-wordpress\/ -->\n<title>Corso di cucina presso una famiglia - Bahia M\u00e9tisse<\/title>\n<meta name=\"robots\" content=\"index, follow, max-snippet:-1, max-image-preview:large, max-video-preview:-1\" \/>\n<link rel=\"canonical\" href=\"https:\/\/www.bahiametisse.com\/it\/tours-e-servizi\/corso-di-cucina-presso-una-famiglia\/\" \/>\n<meta property=\"og:locale\" content=\"it_IT\" \/>\n<meta property=\"og:type\" content=\"article\" \/>\n<meta property=\"og:title\" content=\"Corso di cucina presso una famiglia - Bahia M\u00e9tisse\" \/>\n<meta property=\"og:url\" content=\"https:\/\/www.bahiametisse.com\/it\/tours-e-servizi\/corso-di-cucina-presso-una-famiglia\/\" \/>\n<meta property=\"og:site_name\" content=\"Bahia M\u00e9tisse\" \/>\n<meta property=\"article:modified_time\" content=\"2022-03-13T22:00:52+00:00\" \/>\n<meta property=\"og:image\" content=\"https:\/\/www.bahiametisse.com\/wp-content\/uploads\/2021\/10\/Cours-cuisine-tourisme-responsable.jpg\" \/>\n\t<meta property=\"og:image:width\" content=\"1240\" \/>\n\t<meta property=\"og:image:height\" content=\"827\" \/>\n\t<meta property=\"og:image:type\" content=\"image\/jpeg\" \/>\n<meta name=\"twitter:card\" content=\"summary_large_image\" \/>\n<meta name=\"twitter:label1\" content=\"Tempo di lettura stimato\" \/>\n\t<meta name=\"twitter:data1\" content=\"3 minuti\" \/>\n<script type=\"application\/ld+json\" class=\"yoast-schema-graph\">{\"@context\":\"https:\\\/\\\/schema.org\",\"@graph\":[{\"@type\":\"WebPage\",\"@id\":\"https:\\\/\\\/www.bahiametisse.com\\\/it\\\/tours-e-servizi\\\/corso-di-cucina-presso-una-famiglia\\\/\",\"url\":\"https:\\\/\\\/www.bahiametisse.com\\\/it\\\/tours-e-servizi\\\/corso-di-cucina-presso-una-famiglia\\\/\",\"name\":\"Corso di cucina presso una famiglia - Bahia M\u00e9tisse\",\"isPartOf\":{\"@id\":\"https:\\\/\\\/www.bahiametisse.com\\\/it\\\/#website\"},\"primaryImageOfPage\":{\"@id\":\"https:\\\/\\\/www.bahiametisse.com\\\/it\\\/tours-e-servizi\\\/corso-di-cucina-presso-una-famiglia\\\/#primaryimage\"},\"image\":{\"@id\":\"https:\\\/\\\/www.bahiametisse.com\\\/it\\\/tours-e-servizi\\\/corso-di-cucina-presso-una-famiglia\\\/#primaryimage\"},\"thumbnailUrl\":\"https:\\\/\\\/www.bahiametisse.com\\\/wp-content\\\/uploads\\\/2021\\\/10\\\/Cours-cuisine-tourisme-responsable.jpg\",\"datePublished\":\"2021-10-18T18:05:07+00:00\",\"dateModified\":\"2022-03-13T22:00:52+00:00\",\"breadcrumb\":{\"@id\":\"https:\\\/\\\/www.bahiametisse.com\\\/it\\\/tours-e-servizi\\\/corso-di-cucina-presso-una-famiglia\\\/#breadcrumb\"},\"inLanguage\":\"it-IT\",\"potentialAction\":[{\"@type\":\"ReadAction\",\"target\":[\"https:\\\/\\\/www.bahiametisse.com\\\/it\\\/tours-e-servizi\\\/corso-di-cucina-presso-una-famiglia\\\/\"]}]},{\"@type\":\"ImageObject\",\"inLanguage\":\"it-IT\",\"@id\":\"https:\\\/\\\/www.bahiametisse.com\\\/it\\\/tours-e-servizi\\\/corso-di-cucina-presso-una-famiglia\\\/#primaryimage\",\"url\":\"https:\\\/\\\/www.bahiametisse.com\\\/wp-content\\\/uploads\\\/2021\\\/10\\\/Cours-cuisine-tourisme-responsable.jpg\",\"contentUrl\":\"https:\\\/\\\/www.bahiametisse.com\\\/wp-content\\\/uploads\\\/2021\\\/10\\\/Cours-cuisine-tourisme-responsable.jpg\",\"width\":1240,\"height\":827,\"caption\":\"Cours cuisine tourisme responsable\"},{\"@type\":\"BreadcrumbList\",\"@id\":\"https:\\\/\\\/www.bahiametisse.com\\\/it\\\/tours-e-servizi\\\/corso-di-cucina-presso-una-famiglia\\\/#breadcrumb\",\"itemListElement\":[{\"@type\":\"ListItem\",\"position\":1,\"name\":\"Accueil\",\"item\":\"https:\\\/\\\/www.bahiametisse.com\\\/it\\\/\"},{\"@type\":\"ListItem\",\"position\":2,\"name\":\"Tours e Servizi\",\"item\":\"https:\\\/\\\/www.bahiametisse.com\\\/it\\\/tours-e-servizi\\\/\"},{\"@type\":\"ListItem\",\"position\":3,\"name\":\"Corso di cucina presso una famiglia\"}]},{\"@type\":\"WebSite\",\"@id\":\"https:\\\/\\\/www.bahiametisse.com\\\/it\\\/#website\",\"url\":\"https:\\\/\\\/www.bahiametisse.com\\\/it\\\/\",\"name\":\"Bahia M\u00e9tisse\",\"description\":\"Agence \u00e9cotourisme\",\"potentialAction\":[{\"@type\":\"SearchAction\",\"target\":{\"@type\":\"EntryPoint\",\"urlTemplate\":\"https:\\\/\\\/www.bahiametisse.com\\\/it\\\/?s={search_term_string}\"},\"query-input\":{\"@type\":\"PropertyValueSpecification\",\"valueRequired\":true,\"valueName\":\"search_term_string\"}}],\"inLanguage\":\"it-IT\"}]}<\/script>\n<!-- \/ Yoast SEO plugin. -->","yoast_head_json":{"title":"Corso di cucina presso una famiglia - Bahia M\u00e9tisse","robots":{"index":"index","follow":"follow","max-snippet":"max-snippet:-1","max-image-preview":"max-image-preview:large","max-video-preview":"max-video-preview:-1"},"canonical":"https:\/\/www.bahiametisse.com\/it\/tours-e-servizi\/corso-di-cucina-presso-una-famiglia\/","og_locale":"it_IT","og_type":"article","og_title":"Corso di cucina presso una famiglia - Bahia M\u00e9tisse","og_url":"https:\/\/www.bahiametisse.com\/it\/tours-e-servizi\/corso-di-cucina-presso-una-famiglia\/","og_site_name":"Bahia M\u00e9tisse","article_modified_time":"2022-03-13T22:00:52+00:00","og_image":[{"width":1240,"height":827,"url":"https:\/\/www.bahiametisse.com\/wp-content\/uploads\/2021\/10\/Cours-cuisine-tourisme-responsable.jpg","type":"image\/jpeg"}],"twitter_card":"summary_large_image","twitter_misc":{"Tempo di lettura stimato":"3 minuti"},"schema":{"@context":"https:\/\/schema.org","@graph":[{"@type":"WebPage","@id":"https:\/\/www.bahiametisse.com\/it\/tours-e-servizi\/corso-di-cucina-presso-una-famiglia\/","url":"https:\/\/www.bahiametisse.com\/it\/tours-e-servizi\/corso-di-cucina-presso-una-famiglia\/","name":"Corso di cucina presso una famiglia - Bahia M\u00e9tisse","isPartOf":{"@id":"https:\/\/www.bahiametisse.com\/it\/#website"},"primaryImageOfPage":{"@id":"https:\/\/www.bahiametisse.com\/it\/tours-e-servizi\/corso-di-cucina-presso-una-famiglia\/#primaryimage"},"image":{"@id":"https:\/\/www.bahiametisse.com\/it\/tours-e-servizi\/corso-di-cucina-presso-una-famiglia\/#primaryimage"},"thumbnailUrl":"https:\/\/www.bahiametisse.com\/wp-content\/uploads\/2021\/10\/Cours-cuisine-tourisme-responsable.jpg","datePublished":"2021-10-18T18:05:07+00:00","dateModified":"2022-03-13T22:00:52+00:00","breadcrumb":{"@id":"https:\/\/www.bahiametisse.com\/it\/tours-e-servizi\/corso-di-cucina-presso-una-famiglia\/#breadcrumb"},"inLanguage":"it-IT","potentialAction":[{"@type":"ReadAction","target":["https:\/\/www.bahiametisse.com\/it\/tours-e-servizi\/corso-di-cucina-presso-una-famiglia\/"]}]},{"@type":"ImageObject","inLanguage":"it-IT","@id":"https:\/\/www.bahiametisse.com\/it\/tours-e-servizi\/corso-di-cucina-presso-una-famiglia\/#primaryimage","url":"https:\/\/www.bahiametisse.com\/wp-content\/uploads\/2021\/10\/Cours-cuisine-tourisme-responsable.jpg","contentUrl":"https:\/\/www.bahiametisse.com\/wp-content\/uploads\/2021\/10\/Cours-cuisine-tourisme-responsable.jpg","width":1240,"height":827,"caption":"Cours cuisine tourisme responsable"},{"@type":"BreadcrumbList","@id":"https:\/\/www.bahiametisse.com\/it\/tours-e-servizi\/corso-di-cucina-presso-una-famiglia\/#breadcrumb","itemListElement":[{"@type":"ListItem","position":1,"name":"Accueil","item":"https:\/\/www.bahiametisse.com\/it\/"},{"@type":"ListItem","position":2,"name":"Tours e Servizi","item":"https:\/\/www.bahiametisse.com\/it\/tours-e-servizi\/"},{"@type":"ListItem","position":3,"name":"Corso di cucina presso una famiglia"}]},{"@type":"WebSite","@id":"https:\/\/www.bahiametisse.com\/it\/#website","url":"https:\/\/www.bahiametisse.com\/it\/","name":"Bahia M\u00e9tisse","description":"Agence \u00e9cotourisme","potentialAction":[{"@type":"SearchAction","target":{"@type":"EntryPoint","urlTemplate":"https:\/\/www.bahiametisse.com\/it\/?s={search_term_string}"},"query-input":{"@type":"PropertyValueSpecification","valueRequired":true,"valueName":"search_term_string"}}],"inLanguage":"it-IT"}]}},"_links":{"self":[{"href":"https:\/\/www.bahiametisse.com\/it\/wp-json\/wp\/v2\/pages\/1499","targetHints":{"allow":["GET"]}}],"collection":[{"href":"https:\/\/www.bahiametisse.com\/it\/wp-json\/wp\/v2\/pages"}],"about":[{"href":"https:\/\/www.bahiametisse.com\/it\/wp-json\/wp\/v2\/types\/page"}],"author":[{"embeddable":true,"href":"https:\/\/www.bahiametisse.com\/it\/wp-json\/wp\/v2\/users\/1"}],"replies":[{"embeddable":true,"href":"https:\/\/www.bahiametisse.com\/it\/wp-json\/wp\/v2\/comments?post=1499"}],"version-history":[{"count":5,"href":"https:\/\/www.bahiametisse.com\/it\/wp-json\/wp\/v2\/pages\/1499\/revisions"}],"predecessor-version":[{"id":1505,"href":"https:\/\/www.bahiametisse.com\/it\/wp-json\/wp\/v2\/pages\/1499\/revisions\/1505"}],"up":[{"embeddable":true,"href":"https:\/\/www.bahiametisse.com\/it\/wp-json\/wp\/v2\/pages\/1395"}],"wp:featuredmedia":[{"embeddable":true,"href":"https:\/\/www.bahiametisse.com\/it\/wp-json\/wp\/v2\/media\/253"}],"wp:attachment":[{"href":"https:\/\/www.bahiametisse.com\/it\/wp-json\/wp\/v2\/media?parent=1499"}],"curies":[{"name":"wp","href":"https:\/\/api.w.org\/{rel}","templated":true}]}}