{"id":1523,"date":"2021-10-06T21:20:13","date_gmt":"2021-10-06T19:20:13","guid":{"rendered":"https:\/\/www.bahiametisse.com\/tours-e-servizi\/guide-francophone-a-cachoeira\/"},"modified":"2022-03-14T10:20:00","modified_gmt":"2022-03-14T09:20:00","slug":"la-citta-di-cachoeira","status":"publish","type":"page","link":"https:\/\/www.bahiametisse.com\/it\/tours-e-servizi\/la-citta-di-cachoeira\/","title":{"rendered":"La citt\u00e0 di Cachoeira"},"content":{"rendered":"<div id='full_slider_1'  class='avia-fullwidth-slider main_color avia-shadow   avia-builder-el-0  el_before_av_one_full  avia-builder-el-first   container_wrap fullsize'  ><div  class='avia-slideshow av-kuy5ik7a-a07b9210585918f0898a6901bbf0e930 avia-slideshow-featured av_slideshow_full avia-slide-slider av-slideshow-ui av-control-default av-slideshow-manual av-loop-once av-loop-manual-endless av-default-height-applied   avia-slideshow-1' data-slideshow-options=\"{&quot;animation&quot;:&quot;slide&quot;,&quot;autoplay&quot;:false,&quot;loop_autoplay&quot;:&quot;once&quot;,&quot;interval&quot;:5,&quot;loop_manual&quot;:&quot;manual-endless&quot;,&quot;autoplay_stopper&quot;:false,&quot;noNavigation&quot;:false,&quot;bg_slider&quot;:false,&quot;keep_padding&quot;:false,&quot;hoverpause&quot;:false,&quot;show_slide_delay&quot;:0}\"  itemprop=\"image\" itemscope=\"itemscope\" itemtype=\"https:\/\/schema.org\/ImageObject\" ><ul class='avia-slideshow-inner ' style='padding-bottom: 34.677419354839%;'><li  class='avia-slideshow-slide av-kuy5ik7a-a07b9210585918f0898a6901bbf0e930__0  av-single-slide slide-1 slide-odd'><div data-rel='slideshow-1' class='avia-slide-wrap '   ><img decoding=\"async\" fetchpriority=\"high\" class=\"wp-image-245 avia-img-lazy-loading-not-245\"  src=\"https:\/\/www.bahiametisse.com\/wp-content\/uploads\/2021\/10\/Cachoeira-tourisme-responsable-1240x430.jpg\" width=\"1240\" height=\"430\" title='Cachoeira-tourisme-responsable' alt='Cachoeira tourisme responsable'  itemprop=\"thumbnailUrl\"   \/><\/div><\/li><\/ul><\/div><\/div><div id='after_full_slider_1'  class='main_color av_default_container_wrap container_wrap fullsize'  ><div class='container av-section-cont-open' ><div class='template-page content  av-content-full alpha units'><div class='post-entry post-entry-type-page post-entry-1523'><div class='entry-content-wrapper clearfix'>\n<div  class='flex_column av-3gn2e-6c6fa8872a65c08bdeb6a7a24ed20c5a av_one_full  avia-builder-el-1  el_after_av_slideshow_full  el_before_av_three_fourth  avia-builder-el-first  first flex_column_div  '     ><p>\n<style type=\"text\/css\" data-created_by=\"avia_inline_auto\" id=\"style-css-av-kuy5it2x-f14dd8b22deb413b20b0def9a6621611\">\n#top .av-special-heading.av-kuy5it2x-f14dd8b22deb413b20b0def9a6621611{\npadding-bottom:10px;\n}\nbody .av-special-heading.av-kuy5it2x-f14dd8b22deb413b20b0def9a6621611 .av-special-heading-tag .heading-char{\nfont-size:25px;\n}\n.av-special-heading.av-kuy5it2x-f14dd8b22deb413b20b0def9a6621611 .av-subheading{\nfont-size:15px;\n}\n<\/style>\n<div  class='av-special-heading av-kuy5it2x-f14dd8b22deb413b20b0def9a6621611 av-special-heading-h1 blockquote modern-quote modern-centered  avia-builder-el-2  el_before_av_textblock  avia-builder-el-first '><div class='av-subheading av-subheading_above'><p>La citt\u00e0 di<\/p>\n<\/div><h1 class='av-special-heading-tag'  itemprop=\"headline\"  >Cachoeira<\/h1><div class=\"special-heading-border\"><div class=\"special-heading-inner-border\"><\/div><\/div><\/div><br \/>\n<section  class='av_textblock_section av-kuy5j9og-81e97179aa33232e1079c834af2e3655 '   itemscope=\"itemscope\" itemtype=\"https:\/\/schema.org\/CreativeWork\" ><div class='avia_textblock'  itemprop=\"text\" ><p>La citt\u00e0 di Cachoeira, localizzata a 130 km ad ovest di Salvador, fa parte del florilegio barocco del paese. \u00c8 la culla dell\u2019agricoltura del Brasile ed ha conservato le vie e le case del XVII secolo.<\/p>\n<p>Situata sul bordo del Fiume Paragua\u00e7u e ai piedi delle colline, Cachoeira \u00e8 il cuore del Reconcavo, magnifica regione fertile in cui, a causa della coltura della canna di zucchero e del tabacco, ha avuto un ruolo preponderante nella storia del Brasile.<\/p>\n<\/div><\/section><\/p><\/div><div  class='flex_column av-2t90i-ecc860e43ea425091669952079ce70d4 av_three_fourth  avia-builder-el-4  el_after_av_one_full  el_before_av_one_fourth  first flex_column_div  column-top-margin'     ><section  class='av_textblock_section av-kuy5jy10-744be98a58ef340ce9f28011ad379d30 '   itemscope=\"itemscope\" itemtype=\"https:\/\/schema.org\/CreativeWork\" ><div class='avia_textblock'  itemprop=\"text\" ><p><strong>Durata<\/strong> : 08H-17H<br \/>\nNon \u00e8 possibile fare questa escursione nei giorni di sabato e domenica.<br \/>\n<strong>Incluso\u00a0<\/strong>: Una guida in lingua italiana, un\u2019auto privata con autista, la visita della citt\u00e1 di Cachoeira.<br \/>\n<strong>Non incluso<\/strong> : I pasti e le bevande.<\/p>\n<\/div><\/section><\/div><\/p>\n<div  class='flex_column av-2cg2q-d926fb1ac3c84f253c030dba51e11a8e av_one_fourth  avia-builder-el-6  el_after_av_three_fourth  el_before_av_masonry_gallery  avia-builder-el-last  flex_column_div  column-top-margin'     ><p>\n<style type=\"text\/css\" data-created_by=\"avia_inline_auto\" id=\"style-css-av-1busi-e8e193db22504a8c413a68892ec32573\">\n#top .hr.hr-invisible.av-1busi-e8e193db22504a8c413a68892ec32573{\nheight:50px;\n}\n<\/style>\n<div  class='hr av-1busi-e8e193db22504a8c413a68892ec32573 hr-invisible  avia-builder-el-7  el_before_av_button  avia-builder-el-first '><span class='hr-inner '><span class=\"hr-inner-style\"><\/span><\/span><\/div><br \/>\n<div  class='avia-button-wrap av-124pq-8b673c77b502f26765be017df67494fe-wrap avia-button-center  avia-builder-el-8  el_after_av_hr  avia-builder-el-last '><a href='https:\/\/www.bahiametisse.com\/it\/tours-e-servizi\/cerimonia-di-candomble\/'  class='avia-button av-124pq-8b673c77b502f26765be017df67494fe avia-icon_select-yes-left-icon avia-size-large avia-position-center avia-color-theme-color'  ><span class='avia_button_icon avia_button_icon_left' aria-hidden='true' data-av_icon='\ue836' data-av_iconfont='entypo-fontello'><\/span><span class='avia_iconbox_title' >CONTATTACI<\/span><\/a><\/div><\/p><\/div>\n<div id='av-masonry-1' class='av-masonry av-kuy5o2mr-5fb26698d3e75c47ab79360a7f141a27 noHover av-flex-size av-1px-gap av-hover-overlay-active av-masonry-animation-active av-masonry-col-2 av-caption-always av-caption-style- av-masonry-gallery ' data-post_id=\"1523\"><div class=\"av-masonry-container isotope av-js-disabled\"><div class='av-masonry-entry isotope-item av-masonry-item-no-image '><\/div><a href=\"https:\/\/www.bahiametisse.com\/wp-content\/uploads\/2021\/10\/Cachoeira-tourisme-responsable-1030x685.jpg\" data-srcset=\"https:\/\/www.bahiametisse.com\/wp-content\/uploads\/2021\/10\/Cachoeira-tourisme-responsable-1030x685.jpg 1030w, https:\/\/www.bahiametisse.com\/wp-content\/uploads\/2021\/10\/Cachoeira-tourisme-responsable-300x200.jpg 300w, https:\/\/www.bahiametisse.com\/wp-content\/uploads\/2021\/10\/Cachoeira-tourisme-responsable-768x511.jpg 768w, https:\/\/www.bahiametisse.com\/wp-content\/uploads\/2021\/10\/Cachoeira-tourisme-responsable-705x469.jpg 705w, https:\/\/www.bahiametisse.com\/wp-content\/uploads\/2021\/10\/Cachoeira-tourisme-responsable.jpg 1240w\" data-sizes=\"(max-width: 1030px) 100vw, 1030px\"  aria-label=\"immagine Cachoeira-tourisme-responsable\"  id='av-masonry-1-item-245' data-av-masonry-item='245' class='av-masonry-entry isotope-item post-245 attachment type-attachment status-inherit hentry  av-masonry-item-with-image' title=\"Cachoeira-tourisme-responsable\" alt=\"Cachoeira tourisme responsable\"    itemprop=\"thumbnailUrl\" ><div class='av-inner-masonry-sizer'><\/div><figure class='av-inner-masonry main_color'><div class=\"av-masonry-outerimage-container\"><div class='av-masonry-image-container'   ><img decoding=\"async\" width=\"1240\" height=\"825\" fetchpriority=\"high\" class=\"wp-image-245 avia-img-lazy-loading-not-245\"  src=\"https:\/\/www.bahiametisse.com\/wp-content\/uploads\/2021\/10\/Cachoeira-tourisme-responsable.jpg\" title=\"Cachoeira-tourisme-responsable\" alt=\"Cachoeira tourisme responsable\" srcset=\"https:\/\/www.bahiametisse.com\/wp-content\/uploads\/2021\/10\/Cachoeira-tourisme-responsable.jpg 1240w, https:\/\/www.bahiametisse.com\/wp-content\/uploads\/2021\/10\/Cachoeira-tourisme-responsable-300x200.jpg 300w, https:\/\/www.bahiametisse.com\/wp-content\/uploads\/2021\/10\/Cachoeira-tourisme-responsable-1030x685.jpg 1030w, https:\/\/www.bahiametisse.com\/wp-content\/uploads\/2021\/10\/Cachoeira-tourisme-responsable-768x511.jpg 768w, https:\/\/www.bahiametisse.com\/wp-content\/uploads\/2021\/10\/Cachoeira-tourisme-responsable-705x469.jpg 705w\" sizes=\"(max-width: 1240px) 100vw, 1240px\" \/><\/div><\/div><\/figure><\/a><!--end av-masonry entry--><a href=\"https:\/\/www.bahiametisse.com\/wp-content\/uploads\/2021\/10\/Cachoeira-Fabrique-Cigares-tourisme-responsable-1030x679.jpg\" data-srcset=\"https:\/\/www.bahiametisse.com\/wp-content\/uploads\/2021\/10\/Cachoeira-Fabrique-Cigares-tourisme-responsable-1030x679.jpg 1030w, https:\/\/www.bahiametisse.com\/wp-content\/uploads\/2021\/10\/Cachoeira-Fabrique-Cigares-tourisme-responsable-300x198.jpg 300w, https:\/\/www.bahiametisse.com\/wp-content\/uploads\/2021\/10\/Cachoeira-Fabrique-Cigares-tourisme-responsable-768x507.jpg 768w, https:\/\/www.bahiametisse.com\/wp-content\/uploads\/2021\/10\/Cachoeira-Fabrique-Cigares-tourisme-responsable-705x465.jpg 705w, https:\/\/www.bahiametisse.com\/wp-content\/uploads\/2021\/10\/Cachoeira-Fabrique-Cigares-tourisme-responsable.jpg 1240w\" data-sizes=\"(max-width: 1030px) 100vw, 1030px\"  aria-label=\"immagine Cachoeira-Fabrique-Cigares-tourisme-responsable\"  id='av-masonry-1-item-658' data-av-masonry-item='658' class='av-masonry-entry isotope-item post-658 attachment type-attachment status-inherit hentry  av-masonry-item-with-image' title=\"Cachoeira-Fabrique-Cigares-tourisme-responsable\" alt=\"\"    itemprop=\"thumbnailUrl\" ><div class='av-inner-masonry-sizer'><\/div><figure class='av-inner-masonry main_color'><div class=\"av-masonry-outerimage-container\"><div class='av-masonry-image-container'   ><img decoding=\"async\" width=\"1240\" height=\"818\" fetchpriority=\"high\" class=\"wp-image-658 avia-img-lazy-loading-not-658\"  src=\"https:\/\/www.bahiametisse.com\/wp-content\/uploads\/2021\/10\/Cachoeira-Fabrique-Cigares-tourisme-responsable.jpg\" title=\"Cachoeira-Fabrique-Cigares-tourisme-responsable\" alt=\"\" srcset=\"https:\/\/www.bahiametisse.com\/wp-content\/uploads\/2021\/10\/Cachoeira-Fabrique-Cigares-tourisme-responsable.jpg 1240w, https:\/\/www.bahiametisse.com\/wp-content\/uploads\/2021\/10\/Cachoeira-Fabrique-Cigares-tourisme-responsable-300x198.jpg 300w, https:\/\/www.bahiametisse.com\/wp-content\/uploads\/2021\/10\/Cachoeira-Fabrique-Cigares-tourisme-responsable-1030x679.jpg 1030w, https:\/\/www.bahiametisse.com\/wp-content\/uploads\/2021\/10\/Cachoeira-Fabrique-Cigares-tourisme-responsable-768x507.jpg 768w, https:\/\/www.bahiametisse.com\/wp-content\/uploads\/2021\/10\/Cachoeira-Fabrique-Cigares-tourisme-responsable-705x465.jpg 705w\" sizes=\"(max-width: 1240px) 100vw, 1240px\" \/><\/div><\/div><\/figure><\/a><!--end av-masonry entry--><a href=\"https:\/\/www.bahiametisse.com\/wp-content\/uploads\/2021\/10\/Cachoeira-2-tourisme-responsable-1030x685.jpg\" data-srcset=\"https:\/\/www.bahiametisse.com\/wp-content\/uploads\/2021\/10\/Cachoeira-2-tourisme-responsable-1030x685.jpg 1030w, https:\/\/www.bahiametisse.com\/wp-content\/uploads\/2021\/10\/Cachoeira-2-tourisme-responsable-300x200.jpg 300w, https:\/\/www.bahiametisse.com\/wp-content\/uploads\/2021\/10\/Cachoeira-2-tourisme-responsable-768x511.jpg 768w, https:\/\/www.bahiametisse.com\/wp-content\/uploads\/2021\/10\/Cachoeira-2-tourisme-responsable-705x469.jpg 705w, https:\/\/www.bahiametisse.com\/wp-content\/uploads\/2021\/10\/Cachoeira-2-tourisme-responsable.jpg 1240w\" data-sizes=\"(max-width: 1030px) 100vw, 1030px\"  aria-label=\"immagine Cachoeira-2-tourisme-responsable\"  id='av-masonry-1-item-650' data-av-masonry-item='650' class='av-masonry-entry isotope-item post-650 attachment type-attachment status-inherit hentry  av-masonry-item-with-image' title=\"Cachoeira-2-tourisme-responsable\" alt=\"\"    itemprop=\"thumbnailUrl\" ><div class='av-inner-masonry-sizer'><\/div><figure class='av-inner-masonry main_color'><div class=\"av-masonry-outerimage-container\"><div class='av-masonry-image-container'   ><img decoding=\"async\" width=\"1240\" height=\"825\" fetchpriority=\"high\" class=\"wp-image-650 avia-img-lazy-loading-not-650\"  src=\"https:\/\/www.bahiametisse.com\/wp-content\/uploads\/2021\/10\/Cachoeira-2-tourisme-responsable.jpg\" title=\"Cachoeira-2-tourisme-responsable\" alt=\"\" srcset=\"https:\/\/www.bahiametisse.com\/wp-content\/uploads\/2021\/10\/Cachoeira-2-tourisme-responsable.jpg 1240w, https:\/\/www.bahiametisse.com\/wp-content\/uploads\/2021\/10\/Cachoeira-2-tourisme-responsable-300x200.jpg 300w, https:\/\/www.bahiametisse.com\/wp-content\/uploads\/2021\/10\/Cachoeira-2-tourisme-responsable-1030x685.jpg 1030w, https:\/\/www.bahiametisse.com\/wp-content\/uploads\/2021\/10\/Cachoeira-2-tourisme-responsable-768x511.jpg 768w, https:\/\/www.bahiametisse.com\/wp-content\/uploads\/2021\/10\/Cachoeira-2-tourisme-responsable-705x469.jpg 705w\" sizes=\"(max-width: 1240px) 100vw, 1240px\" \/><\/div><\/div><\/figure><\/a><!--end av-masonry entry--><a href=\"https:\/\/www.bahiametisse.com\/wp-content\/uploads\/2021\/10\/Cachoeira-3-tourisme-responsable-1030x685.jpg\" data-srcset=\"https:\/\/www.bahiametisse.com\/wp-content\/uploads\/2021\/10\/Cachoeira-3-tourisme-responsable-1030x685.jpg 1030w, https:\/\/www.bahiametisse.com\/wp-content\/uploads\/2021\/10\/Cachoeira-3-tourisme-responsable-300x200.jpg 300w, https:\/\/www.bahiametisse.com\/wp-content\/uploads\/2021\/10\/Cachoeira-3-tourisme-responsable-768x511.jpg 768w, https:\/\/www.bahiametisse.com\/wp-content\/uploads\/2021\/10\/Cachoeira-3-tourisme-responsable-705x469.jpg 705w, https:\/\/www.bahiametisse.com\/wp-content\/uploads\/2021\/10\/Cachoeira-3-tourisme-responsable.jpg 1240w\" data-sizes=\"(max-width: 1030px) 100vw, 1030px\"  aria-label=\"immagine Cachoeira-3-tourisme-responsable\"  id='av-masonry-1-item-654' data-av-masonry-item='654' class='av-masonry-entry isotope-item post-654 attachment type-attachment status-inherit hentry  av-masonry-item-with-image' title=\"Cachoeira-3-tourisme-responsable\" alt=\"\"    itemprop=\"thumbnailUrl\" ><div class='av-inner-masonry-sizer'><\/div><figure class='av-inner-masonry main_color'><div class=\"av-masonry-outerimage-container\"><div class='av-masonry-image-container'   ><img decoding=\"async\" width=\"1240\" height=\"825\" fetchpriority=\"high\" class=\"wp-image-654 avia-img-lazy-loading-not-654\"  src=\"https:\/\/www.bahiametisse.com\/wp-content\/uploads\/2021\/10\/Cachoeira-3-tourisme-responsable.jpg\" title=\"Cachoeira-3-tourisme-responsable\" alt=\"\" srcset=\"https:\/\/www.bahiametisse.com\/wp-content\/uploads\/2021\/10\/Cachoeira-3-tourisme-responsable.jpg 1240w, https:\/\/www.bahiametisse.com\/wp-content\/uploads\/2021\/10\/Cachoeira-3-tourisme-responsable-300x200.jpg 300w, https:\/\/www.bahiametisse.com\/wp-content\/uploads\/2021\/10\/Cachoeira-3-tourisme-responsable-1030x685.jpg 1030w, https:\/\/www.bahiametisse.com\/wp-content\/uploads\/2021\/10\/Cachoeira-3-tourisme-responsable-768x511.jpg 768w, https:\/\/www.bahiametisse.com\/wp-content\/uploads\/2021\/10\/Cachoeira-3-tourisme-responsable-705x469.jpg 705w\" sizes=\"(max-width: 1240px) 100vw, 1240px\" \/><\/div><\/div><\/figure><\/a><!--end av-masonry entry--><\/div><\/div>\n","protected":false},"excerpt":{"rendered":"","protected":false},"author":1,"featured_media":245,"parent":1395,"menu_order":10,"comment_status":"closed","ping_status":"closed","template":"","meta":{"footnotes":""},"class_list":["post-1523","page","type-page","status-publish","has-post-thumbnail","hentry"],"yoast_head":"<!-- This site is optimized with the Yoast SEO plugin v27.5 - https:\/\/yoast.com\/product\/yoast-seo-wordpress\/ -->\n<title>La citt\u00e0 di Cachoeira - Bahia M\u00e9tisse<\/title>\n<meta name=\"description\" content=\"La citt\u00e0 di Cachoeira, localizzata a 130 km ad ovest di Salvador, fa parte del florilegio barocco del paese.\" \/>\n<meta name=\"robots\" content=\"index, follow, max-snippet:-1, max-image-preview:large, max-video-preview:-1\" \/>\n<link rel=\"canonical\" href=\"https:\/\/www.bahiametisse.com\/it\/tours-e-servizi\/la-citta-di-cachoeira\/\" \/>\n<meta property=\"og:locale\" content=\"it_IT\" \/>\n<meta property=\"og:type\" content=\"article\" \/>\n<meta property=\"og:title\" content=\"La citt\u00e0 di Cachoeira - Bahia M\u00e9tisse\" \/>\n<meta property=\"og:description\" content=\"La citt\u00e0 di Cachoeira, localizzata a 130 km ad ovest di Salvador, fa parte del florilegio barocco del paese.\" \/>\n<meta property=\"og:url\" content=\"https:\/\/www.bahiametisse.com\/it\/tours-e-servizi\/la-citta-di-cachoeira\/\" \/>\n<meta property=\"og:site_name\" content=\"Bahia M\u00e9tisse\" \/>\n<meta property=\"article:modified_time\" content=\"2022-03-14T09:20:00+00:00\" \/>\n<meta property=\"og:image\" content=\"https:\/\/www.bahiametisse.com\/wp-content\/uploads\/2021\/10\/Cachoeira-tourisme-responsable.jpg\" \/>\n\t<meta property=\"og:image:width\" content=\"1240\" \/>\n\t<meta property=\"og:image:height\" content=\"825\" \/>\n\t<meta property=\"og:image:type\" content=\"image\/jpeg\" \/>\n<meta name=\"twitter:card\" content=\"summary_large_image\" \/>\n<meta name=\"twitter:label1\" content=\"Tempo di lettura stimato\" \/>\n\t<meta name=\"twitter:data1\" content=\"3 minuti\" \/>\n<script type=\"application\/ld+json\" class=\"yoast-schema-graph\">{\"@context\":\"https:\\\/\\\/schema.org\",\"@graph\":[{\"@type\":\"WebPage\",\"@id\":\"https:\\\/\\\/www.bahiametisse.com\\\/it\\\/tours-e-servizi\\\/la-citta-di-cachoeira\\\/\",\"url\":\"https:\\\/\\\/www.bahiametisse.com\\\/it\\\/tours-e-servizi\\\/la-citta-di-cachoeira\\\/\",\"name\":\"La citt\u00e0 di Cachoeira - Bahia M\u00e9tisse\",\"isPartOf\":{\"@id\":\"https:\\\/\\\/www.bahiametisse.com\\\/it\\\/#website\"},\"primaryImageOfPage\":{\"@id\":\"https:\\\/\\\/www.bahiametisse.com\\\/it\\\/tours-e-servizi\\\/la-citta-di-cachoeira\\\/#primaryimage\"},\"image\":{\"@id\":\"https:\\\/\\\/www.bahiametisse.com\\\/it\\\/tours-e-servizi\\\/la-citta-di-cachoeira\\\/#primaryimage\"},\"thumbnailUrl\":\"https:\\\/\\\/www.bahiametisse.com\\\/wp-content\\\/uploads\\\/2021\\\/10\\\/Cachoeira-tourisme-responsable.jpg\",\"datePublished\":\"2021-10-06T19:20:13+00:00\",\"dateModified\":\"2022-03-14T09:20:00+00:00\",\"description\":\"La citt\u00e0 di Cachoeira, localizzata a 130 km ad ovest di Salvador, fa parte del florilegio barocco del paese.\",\"breadcrumb\":{\"@id\":\"https:\\\/\\\/www.bahiametisse.com\\\/it\\\/tours-e-servizi\\\/la-citta-di-cachoeira\\\/#breadcrumb\"},\"inLanguage\":\"it-IT\",\"potentialAction\":[{\"@type\":\"ReadAction\",\"target\":[\"https:\\\/\\\/www.bahiametisse.com\\\/it\\\/tours-e-servizi\\\/la-citta-di-cachoeira\\\/\"]}]},{\"@type\":\"ImageObject\",\"inLanguage\":\"it-IT\",\"@id\":\"https:\\\/\\\/www.bahiametisse.com\\\/it\\\/tours-e-servizi\\\/la-citta-di-cachoeira\\\/#primaryimage\",\"url\":\"https:\\\/\\\/www.bahiametisse.com\\\/wp-content\\\/uploads\\\/2021\\\/10\\\/Cachoeira-tourisme-responsable.jpg\",\"contentUrl\":\"https:\\\/\\\/www.bahiametisse.com\\\/wp-content\\\/uploads\\\/2021\\\/10\\\/Cachoeira-tourisme-responsable.jpg\",\"width\":1240,\"height\":825,\"caption\":\"Cachoeira tourisme responsable\"},{\"@type\":\"BreadcrumbList\",\"@id\":\"https:\\\/\\\/www.bahiametisse.com\\\/it\\\/tours-e-servizi\\\/la-citta-di-cachoeira\\\/#breadcrumb\",\"itemListElement\":[{\"@type\":\"ListItem\",\"position\":1,\"name\":\"Accueil\",\"item\":\"https:\\\/\\\/www.bahiametisse.com\\\/it\\\/\"},{\"@type\":\"ListItem\",\"position\":2,\"name\":\"Tours e Servizi\",\"item\":\"https:\\\/\\\/www.bahiametisse.com\\\/it\\\/tours-e-servizi\\\/\"},{\"@type\":\"ListItem\",\"position\":3,\"name\":\"La citt\u00e0 di Cachoeira\"}]},{\"@type\":\"WebSite\",\"@id\":\"https:\\\/\\\/www.bahiametisse.com\\\/it\\\/#website\",\"url\":\"https:\\\/\\\/www.bahiametisse.com\\\/it\\\/\",\"name\":\"Bahia M\u00e9tisse\",\"description\":\"Agence \u00e9cotourisme\",\"potentialAction\":[{\"@type\":\"SearchAction\",\"target\":{\"@type\":\"EntryPoint\",\"urlTemplate\":\"https:\\\/\\\/www.bahiametisse.com\\\/it\\\/?s={search_term_string}\"},\"query-input\":{\"@type\":\"PropertyValueSpecification\",\"valueRequired\":true,\"valueName\":\"search_term_string\"}}],\"inLanguage\":\"it-IT\"}]}<\/script>\n<!-- \/ Yoast SEO plugin. -->","yoast_head_json":{"title":"La citt\u00e0 di Cachoeira - Bahia M\u00e9tisse","description":"La citt\u00e0 di Cachoeira, localizzata a 130 km ad ovest di Salvador, fa parte del florilegio barocco del paese.","robots":{"index":"index","follow":"follow","max-snippet":"max-snippet:-1","max-image-preview":"max-image-preview:large","max-video-preview":"max-video-preview:-1"},"canonical":"https:\/\/www.bahiametisse.com\/it\/tours-e-servizi\/la-citta-di-cachoeira\/","og_locale":"it_IT","og_type":"article","og_title":"La citt\u00e0 di Cachoeira - Bahia M\u00e9tisse","og_description":"La citt\u00e0 di Cachoeira, localizzata a 130 km ad ovest di Salvador, fa parte del florilegio barocco del paese.","og_url":"https:\/\/www.bahiametisse.com\/it\/tours-e-servizi\/la-citta-di-cachoeira\/","og_site_name":"Bahia M\u00e9tisse","article_modified_time":"2022-03-14T09:20:00+00:00","og_image":[{"width":1240,"height":825,"url":"https:\/\/www.bahiametisse.com\/wp-content\/uploads\/2021\/10\/Cachoeira-tourisme-responsable.jpg","type":"image\/jpeg"}],"twitter_card":"summary_large_image","twitter_misc":{"Tempo di lettura stimato":"3 minuti"},"schema":{"@context":"https:\/\/schema.org","@graph":[{"@type":"WebPage","@id":"https:\/\/www.bahiametisse.com\/it\/tours-e-servizi\/la-citta-di-cachoeira\/","url":"https:\/\/www.bahiametisse.com\/it\/tours-e-servizi\/la-citta-di-cachoeira\/","name":"La citt\u00e0 di Cachoeira - Bahia M\u00e9tisse","isPartOf":{"@id":"https:\/\/www.bahiametisse.com\/it\/#website"},"primaryImageOfPage":{"@id":"https:\/\/www.bahiametisse.com\/it\/tours-e-servizi\/la-citta-di-cachoeira\/#primaryimage"},"image":{"@id":"https:\/\/www.bahiametisse.com\/it\/tours-e-servizi\/la-citta-di-cachoeira\/#primaryimage"},"thumbnailUrl":"https:\/\/www.bahiametisse.com\/wp-content\/uploads\/2021\/10\/Cachoeira-tourisme-responsable.jpg","datePublished":"2021-10-06T19:20:13+00:00","dateModified":"2022-03-14T09:20:00+00:00","description":"La citt\u00e0 di Cachoeira, localizzata a 130 km ad ovest di Salvador, fa parte del florilegio barocco del paese.","breadcrumb":{"@id":"https:\/\/www.bahiametisse.com\/it\/tours-e-servizi\/la-citta-di-cachoeira\/#breadcrumb"},"inLanguage":"it-IT","potentialAction":[{"@type":"ReadAction","target":["https:\/\/www.bahiametisse.com\/it\/tours-e-servizi\/la-citta-di-cachoeira\/"]}]},{"@type":"ImageObject","inLanguage":"it-IT","@id":"https:\/\/www.bahiametisse.com\/it\/tours-e-servizi\/la-citta-di-cachoeira\/#primaryimage","url":"https:\/\/www.bahiametisse.com\/wp-content\/uploads\/2021\/10\/Cachoeira-tourisme-responsable.jpg","contentUrl":"https:\/\/www.bahiametisse.com\/wp-content\/uploads\/2021\/10\/Cachoeira-tourisme-responsable.jpg","width":1240,"height":825,"caption":"Cachoeira tourisme responsable"},{"@type":"BreadcrumbList","@id":"https:\/\/www.bahiametisse.com\/it\/tours-e-servizi\/la-citta-di-cachoeira\/#breadcrumb","itemListElement":[{"@type":"ListItem","position":1,"name":"Accueil","item":"https:\/\/www.bahiametisse.com\/it\/"},{"@type":"ListItem","position":2,"name":"Tours e Servizi","item":"https:\/\/www.bahiametisse.com\/it\/tours-e-servizi\/"},{"@type":"ListItem","position":3,"name":"La citt\u00e0 di Cachoeira"}]},{"@type":"WebSite","@id":"https:\/\/www.bahiametisse.com\/it\/#website","url":"https:\/\/www.bahiametisse.com\/it\/","name":"Bahia M\u00e9tisse","description":"Agence \u00e9cotourisme","potentialAction":[{"@type":"SearchAction","target":{"@type":"EntryPoint","urlTemplate":"https:\/\/www.bahiametisse.com\/it\/?s={search_term_string}"},"query-input":{"@type":"PropertyValueSpecification","valueRequired":true,"valueName":"search_term_string"}}],"inLanguage":"it-IT"}]}},"_links":{"self":[{"href":"https:\/\/www.bahiametisse.com\/it\/wp-json\/wp\/v2\/pages\/1523","targetHints":{"allow":["GET"]}}],"collection":[{"href":"https:\/\/www.bahiametisse.com\/it\/wp-json\/wp\/v2\/pages"}],"about":[{"href":"https:\/\/www.bahiametisse.com\/it\/wp-json\/wp\/v2\/types\/page"}],"author":[{"embeddable":true,"href":"https:\/\/www.bahiametisse.com\/it\/wp-json\/wp\/v2\/users\/1"}],"replies":[{"embeddable":true,"href":"https:\/\/www.bahiametisse.com\/it\/wp-json\/wp\/v2\/comments?post=1523"}],"version-history":[{"count":9,"href":"https:\/\/www.bahiametisse.com\/it\/wp-json\/wp\/v2\/pages\/1523\/revisions"}],"predecessor-version":[{"id":1633,"href":"https:\/\/www.bahiametisse.com\/it\/wp-json\/wp\/v2\/pages\/1523\/revisions\/1633"}],"up":[{"embeddable":true,"href":"https:\/\/www.bahiametisse.com\/it\/wp-json\/wp\/v2\/pages\/1395"}],"wp:featuredmedia":[{"embeddable":true,"href":"https:\/\/www.bahiametisse.com\/it\/wp-json\/wp\/v2\/media\/245"}],"wp:attachment":[{"href":"https:\/\/www.bahiametisse.com\/it\/wp-json\/wp\/v2\/media?parent=1523"}],"curies":[{"name":"wp","href":"https:\/\/api.w.org\/{rel}","templated":true}]}}