{"id":1559,"date":"2021-10-18T20:10:48","date_gmt":"2021-10-18T18:10:48","guid":{"rendered":"https:\/\/www.bahiametisse.com\/tours-e-servizi\/guide-francophone-a-nilo-pecanha\/"},"modified":"2022-03-14T10:11:07","modified_gmt":"2022-03-14T09:11:07","slug":"nilo-pecanha","status":"publish","type":"page","link":"https:\/\/www.bahiametisse.com\/it\/tours-e-servizi\/nilo-pecanha\/","title":{"rendered":"Nilo Pe\u00e7anha"},"content":{"rendered":"<\/p>\n<div id='full_slider_1'  class='avia-fullwidth-slider main_color avia-shadow   avia-builder-el-0  el_before_av_one_full  avia-builder-el-first   container_wrap fullsize'  ><div  class='avia-slideshow av-kuy6hcvx-63242e4971410a6e566e37630e502a9b avia-slideshow-featured av_slideshow_full avia-slide-slider av-slideshow-ui av-control-default av-slideshow-manual av-loop-once av-loop-manual-endless av-default-height-applied   avia-slideshow-1' data-slideshow-options=\"{&quot;animation&quot;:&quot;slide&quot;,&quot;autoplay&quot;:false,&quot;loop_autoplay&quot;:&quot;once&quot;,&quot;interval&quot;:5,&quot;loop_manual&quot;:&quot;manual-endless&quot;,&quot;autoplay_stopper&quot;:false,&quot;noNavigation&quot;:false,&quot;bg_slider&quot;:false,&quot;keep_padding&quot;:false,&quot;hoverpause&quot;:false,&quot;show_slide_delay&quot;:0}\"  itemprop=\"image\" itemscope=\"itemscope\" itemtype=\"https:\/\/schema.org\/ImageObject\" ><ul class='avia-slideshow-inner ' style='padding-bottom: 53.741496598639%;'><li  class='avia-slideshow-slide av-kuy6hcvx-63242e4971410a6e566e37630e502a9b__0  av-single-slide slide-1 slide-odd'><div data-rel='slideshow-1' class='avia-slide-wrap '   ><img decoding=\"async\" fetchpriority=\"high\" class=\"wp-image-680 avia-img-lazy-loading-not-680\"  src=\"https:\/\/www.bahiametisse.com\/wp-content\/uploads\/2021\/10\/3.Nilo-Rafting-tourisme-responsable-1.jpg\" width=\"588\" height=\"316\" title='3.Nilo-Rafting-tourisme-responsable' alt=''  itemprop=\"thumbnailUrl\" srcset=\"https:\/\/www.bahiametisse.com\/wp-content\/uploads\/2021\/10\/3.Nilo-Rafting-tourisme-responsable-1.jpg 588w, https:\/\/www.bahiametisse.com\/wp-content\/uploads\/2021\/10\/3.Nilo-Rafting-tourisme-responsable-1-300x161.jpg 300w\" sizes=\"(max-width: 588px) 100vw, 588px\" \/><\/div><\/li><\/ul><\/div><\/div><div id='after_full_slider_1'  class='main_color av_default_container_wrap container_wrap fullsize'  ><div class='container av-section-cont-open' ><div class='template-page content  av-content-full alpha units'><div class='post-entry post-entry-type-page post-entry-1559'><div class='entry-content-wrapper clearfix'>\n<div  class='flex_column av-uihpk-2437d9440cc23e1394d0b59cd9161c09 av_one_full  avia-builder-el-1  el_after_av_slideshow_full  el_before_av_three_fourth  avia-builder-el-first  first flex_column_div  '     ><p>\n<style type=\"text\/css\" data-created_by=\"avia_inline_auto\" id=\"style-css-av-kuy6gqmi-4bfa1ce37123e3dcb5604d04dd3a650a\">\n#top .av-special-heading.av-kuy6gqmi-4bfa1ce37123e3dcb5604d04dd3a650a{\npadding-bottom:10px;\n}\nbody .av-special-heading.av-kuy6gqmi-4bfa1ce37123e3dcb5604d04dd3a650a .av-special-heading-tag .heading-char{\nfont-size:25px;\n}\n.av-special-heading.av-kuy6gqmi-4bfa1ce37123e3dcb5604d04dd3a650a .av-subheading{\nfont-size:15px;\n}\n<\/style>\n<div  class='av-special-heading av-kuy6gqmi-4bfa1ce37123e3dcb5604d04dd3a650a av-special-heading-h1 blockquote modern-quote modern-centered  avia-builder-el-2  el_before_av_textblock  avia-builder-el-first '><h1 class='av-special-heading-tag'  itemprop=\"headline\"  >Nilo Pe\u00e7anha<\/h1><div class=\"special-heading-border\"><div class=\"special-heading-inner-border\"><\/div><\/div><\/div><br \/>\n<section  class='av_textblock_section av-kuy6hq2k-0f17ba1a08dcb46408cf5d9c68643af8 '   itemscope=\"itemscope\" itemtype=\"https:\/\/schema.org\/CreativeWork\" ><div class='avia_textblock'  itemprop=\"text\" ><p>Pacchetto avventure-scoperta per piccoli e grandi in una fattoria di garofano e noci del Brasile.<\/p>\n<p>Rafting classe IV (da 7 anni in poi), lavorazione del cioccolato in una piantagione di cocco, zip line sulla riviera, visita di un frutteto bio con i suoi mille frutti esotici, escursioni \u2026<\/p>\n<\/div><\/section><\/p><\/div><div  class='flex_column av-rl61k-68a6c9c3d60dd95ec45368b8569063ac av_three_fourth  avia-builder-el-4  el_after_av_one_full  el_before_av_one_fourth  first flex_column_div  column-top-margin'     ><section  class='av_textblock_section av-kuy6i509-f0918ed913115c6770a2f1934d7ec56b '   itemscope=\"itemscope\" itemtype=\"https:\/\/schema.org\/CreativeWork\" ><div class='avia_textblock'  itemprop=\"text\" ><p><strong>Incluso<\/strong> : L\u2019alloggio, una guida in lingua italiana, i trasferimenti privati, i pasti, le attivit\u00e0.<br \/>\n<strong>Non incluso<\/strong> : Le bevande alcoliche.<\/p>\n<\/div><\/section><\/div><div  class='flex_column av-n12mw-1b768977e3000fb1f44585bc325f991d av_one_fourth  avia-builder-el-6  el_after_av_three_fourth  el_before_av_one_full  flex_column_div  column-top-margin'     ><div  class='avia-button-wrap av-h927k-9fed2077ecbeeecd7a53b3b96bb58897-wrap avia-button-center  avia-builder-el-7  avia-builder-el-no-sibling '><a href='https:\/\/www.bahiametisse.com\/it\/tours-e-servizi\/arcipelago-di-tinhare\/'  class='avia-button av-h927k-9fed2077ecbeeecd7a53b3b96bb58897 avia-icon_select-yes-left-icon avia-size-large avia-position-center avia-color-theme-color'  ><span class='avia_button_icon avia_button_icon_left' aria-hidden='true' data-av_icon='\ue836' data-av_iconfont='entypo-fontello'><\/span><span class='avia_iconbox_title' >CONTATTACI<\/span><\/a><\/div><\/div><div  class='flex_column av-spd4-2298c21faf8436ce45d10638ab1d38c5 av_one_full  avia-builder-el-8  el_after_av_one_fourth  el_before_av_masonry_gallery  avia-builder-el-last  first flex_column_div  column-top-margin'     ><section  class='av_textblock_section av-kuy6jcun-5376fce107ba75ab3f267afcef876ef9 '   itemscope=\"itemscope\" itemtype=\"https:\/\/schema.org\/CreativeWork\" ><div class='avia_textblock'  itemprop=\"text\" ><h3>Nilo Pe\u00e7anha<\/h3>\n<p><strong>Percorso 4 giorni \/ 3 notti<\/strong><\/p>\n<\/div><\/section><\/div><div id='av-masonry-1' class='av-masonry av-kuy6kah0-3953b5a8359929a8965834064a76fc34 noHover av-flex-size av-1px-gap av-hover-overlay-active av-masonry-animation-active av-masonry-col-3 av-caption-always av-caption-style- av-masonry-gallery ' data-post_id=\"1559\"><div class=\"av-masonry-container isotope av-js-disabled\"><div class='av-masonry-entry isotope-item av-masonry-item-no-image '><\/div><a href=\"https:\/\/www.bahiametisse.com\/wp-content\/uploads\/2021\/10\/1.Nilo-Tyrolienne1-tourisme-responsable.jpg\" data-srcset=\"https:\/\/www.bahiametisse.com\/wp-content\/uploads\/2021\/10\/1.Nilo-Tyrolienne1-tourisme-responsable.jpg 1024w, https:\/\/www.bahiametisse.com\/wp-content\/uploads\/2021\/10\/1.Nilo-Tyrolienne1-tourisme-responsable-300x200.jpg 300w, https:\/\/www.bahiametisse.com\/wp-content\/uploads\/2021\/10\/1.Nilo-Tyrolienne1-tourisme-responsable-768x512.jpg 768w, https:\/\/www.bahiametisse.com\/wp-content\/uploads\/2021\/10\/1.Nilo-Tyrolienne1-tourisme-responsable-705x470.jpg 705w\" data-sizes=\"(max-width: 1024px) 100vw, 1024px\"  aria-label=\"immagine 1.Nilo-Tyrolienne1-tourisme-responsable\"  id='av-masonry-1-item-483' data-av-masonry-item='483' class='av-masonry-entry isotope-item post-483 attachment type-attachment status-inherit hentry  av-masonry-item-with-image' title=\"1.Nilo-Tyrolienne1-tourisme-responsable\" alt=\"\"    itemprop=\"thumbnailUrl\" ><div class='av-inner-masonry-sizer'><\/div><figure class='av-inner-masonry main_color'><div class=\"av-masonry-outerimage-container\"><div class='av-masonry-image-container'   ><img decoding=\"async\" width=\"1024\" height=\"682\" fetchpriority=\"high\" class=\"wp-image-483 avia-img-lazy-loading-not-483\"  src=\"https:\/\/www.bahiametisse.com\/wp-content\/uploads\/2021\/10\/1.Nilo-Tyrolienne1-tourisme-responsable.jpg\" title=\"1.Nilo-Tyrolienne1-tourisme-responsable\" alt=\"\" srcset=\"https:\/\/www.bahiametisse.com\/wp-content\/uploads\/2021\/10\/1.Nilo-Tyrolienne1-tourisme-responsable.jpg 1024w, https:\/\/www.bahiametisse.com\/wp-content\/uploads\/2021\/10\/1.Nilo-Tyrolienne1-tourisme-responsable-300x200.jpg 300w, https:\/\/www.bahiametisse.com\/wp-content\/uploads\/2021\/10\/1.Nilo-Tyrolienne1-tourisme-responsable-768x512.jpg 768w, https:\/\/www.bahiametisse.com\/wp-content\/uploads\/2021\/10\/1.Nilo-Tyrolienne1-tourisme-responsable-705x470.jpg 705w\" sizes=\"(max-width: 1024px) 100vw, 1024px\" \/><\/div><\/div><\/figure><\/a><!--end av-masonry entry--><a href=\"https:\/\/www.bahiametisse.com\/wp-content\/uploads\/2021\/10\/2.Nilo-chocolat-tourisme-responsable--1030x684.jpg\" data-srcset=\"https:\/\/www.bahiametisse.com\/wp-content\/uploads\/2021\/10\/2.Nilo-chocolat-tourisme-responsable--1030x684.jpg 1030w, https:\/\/www.bahiametisse.com\/wp-content\/uploads\/2021\/10\/2.Nilo-chocolat-tourisme-responsable--300x199.jpg 300w, https:\/\/www.bahiametisse.com\/wp-content\/uploads\/2021\/10\/2.Nilo-chocolat-tourisme-responsable--768x510.jpg 768w, https:\/\/www.bahiametisse.com\/wp-content\/uploads\/2021\/10\/2.Nilo-chocolat-tourisme-responsable--705x468.jpg 705w, https:\/\/www.bahiametisse.com\/wp-content\/uploads\/2021\/10\/2.Nilo-chocolat-tourisme-responsable-.jpg 1240w\" data-sizes=\"(max-width: 1030px) 100vw, 1030px\"  aria-label=\"immagine 2.Nilo-chocolat-tourisme-responsable-\"  id='av-masonry-1-item-487' data-av-masonry-item='487' class='av-masonry-entry isotope-item post-487 attachment type-attachment status-inherit hentry  av-masonry-item-with-image' title=\"2.Nilo-chocolat-tourisme-responsable-\" alt=\"\"    itemprop=\"thumbnailUrl\" ><div class='av-inner-masonry-sizer'><\/div><figure class='av-inner-masonry main_color'><div class=\"av-masonry-outerimage-container\"><div class='av-masonry-image-container'   ><img decoding=\"async\" width=\"1240\" height=\"823\" fetchpriority=\"high\" class=\"wp-image-487 avia-img-lazy-loading-not-487\"  src=\"https:\/\/www.bahiametisse.com\/wp-content\/uploads\/2021\/10\/2.Nilo-chocolat-tourisme-responsable-.jpg\" title=\"2.Nilo-chocolat-tourisme-responsable-\" alt=\"\" srcset=\"https:\/\/www.bahiametisse.com\/wp-content\/uploads\/2021\/10\/2.Nilo-chocolat-tourisme-responsable-.jpg 1240w, https:\/\/www.bahiametisse.com\/wp-content\/uploads\/2021\/10\/2.Nilo-chocolat-tourisme-responsable--300x199.jpg 300w, https:\/\/www.bahiametisse.com\/wp-content\/uploads\/2021\/10\/2.Nilo-chocolat-tourisme-responsable--1030x684.jpg 1030w, https:\/\/www.bahiametisse.com\/wp-content\/uploads\/2021\/10\/2.Nilo-chocolat-tourisme-responsable--768x510.jpg 768w, https:\/\/www.bahiametisse.com\/wp-content\/uploads\/2021\/10\/2.Nilo-chocolat-tourisme-responsable--705x468.jpg 705w\" sizes=\"(max-width: 1240px) 100vw, 1240px\" \/><\/div><\/div><\/figure><\/a><!--end av-masonry entry--><a href=\"https:\/\/www.bahiametisse.com\/wp-content\/uploads\/2021\/10\/Nilo-Pecanha-Rafting-tourisme-responsable.jpg\" data-srcset=\"https:\/\/www.bahiametisse.com\/wp-content\/uploads\/2021\/10\/Nilo-Pecanha-Rafting-tourisme-responsable.jpg 588w, https:\/\/www.bahiametisse.com\/wp-content\/uploads\/2021\/10\/Nilo-Pecanha-Rafting-tourisme-responsable-300x223.jpg 300w\" data-sizes=\"(max-width: 588px) 100vw, 588px\"  aria-label=\"immagine Nilo-Pe\u00e7anha-Rafting-tourisme-responsable\"  id='av-masonry-1-item-261' data-av-masonry-item='261' class='av-masonry-entry isotope-item post-261 attachment type-attachment status-inherit hentry  av-masonry-item-with-image' title=\"Nilo-Pe\u00e7anha-Rafting-tourisme-responsable\" alt=\"Nilo Pe\u00e7anha Rafting tourisme responsable\"    itemprop=\"thumbnailUrl\" ><div class='av-inner-masonry-sizer'><\/div><figure class='av-inner-masonry main_color'><div class=\"av-masonry-outerimage-container\"><div class='av-masonry-image-container'   ><img decoding=\"async\" width=\"588\" height=\"438\" fetchpriority=\"high\" class=\"wp-image-261 avia-img-lazy-loading-not-261\"  src=\"https:\/\/www.bahiametisse.com\/wp-content\/uploads\/2021\/10\/Nilo-Pecanha-Rafting-tourisme-responsable.jpg\" title=\"Nilo-Pe\u00e7anha-Rafting-tourisme-responsable\" alt=\"Nilo Pe\u00e7anha Rafting tourisme responsable\" srcset=\"https:\/\/www.bahiametisse.com\/wp-content\/uploads\/2021\/10\/Nilo-Pecanha-Rafting-tourisme-responsable.jpg 588w, https:\/\/www.bahiametisse.com\/wp-content\/uploads\/2021\/10\/Nilo-Pecanha-Rafting-tourisme-responsable-300x223.jpg 300w\" sizes=\"(max-width: 588px) 100vw, 588px\" \/><\/div><\/div><\/figure><\/a><!--end av-masonry entry--><\/div><\/div><\/p>\n","protected":false},"excerpt":{"rendered":"","protected":false},"author":1,"featured_media":261,"parent":1395,"menu_order":40,"comment_status":"closed","ping_status":"closed","template":"","meta":{"footnotes":""},"class_list":["post-1559","page","type-page","status-publish","has-post-thumbnail","hentry"],"yoast_head":"<!-- This site is optimized with the Yoast SEO plugin v27.5 - https:\/\/yoast.com\/product\/yoast-seo-wordpress\/ -->\n<title>Nilo Pe\u00e7anha - Bahia M\u00e9tisse<\/title>\n<meta name=\"description\" content=\"Nilo Pe\u00e7anha. Pacchetto avventure-scoperta per piccoli e grandi in una fattoria di garofano e noci del Brasile.\" \/>\n<meta name=\"robots\" content=\"index, follow, max-snippet:-1, max-image-preview:large, max-video-preview:-1\" \/>\n<link rel=\"canonical\" href=\"https:\/\/www.bahiametisse.com\/it\/tours-e-servizi\/nilo-pecanha\/\" \/>\n<meta property=\"og:locale\" content=\"it_IT\" \/>\n<meta property=\"og:type\" content=\"article\" \/>\n<meta property=\"og:title\" content=\"Nilo Pe\u00e7anha - Bahia M\u00e9tisse\" \/>\n<meta property=\"og:description\" content=\"Nilo Pe\u00e7anha. Pacchetto avventure-scoperta per piccoli e grandi in una fattoria di garofano e noci del Brasile.\" \/>\n<meta property=\"og:url\" content=\"https:\/\/www.bahiametisse.com\/it\/tours-e-servizi\/nilo-pecanha\/\" \/>\n<meta property=\"og:site_name\" content=\"Bahia M\u00e9tisse\" \/>\n<meta property=\"article:modified_time\" content=\"2022-03-14T09:11:07+00:00\" \/>\n<meta property=\"og:image\" content=\"https:\/\/www.bahiametisse.com\/wp-content\/uploads\/2021\/10\/Nilo-Pecanha-Rafting-tourisme-responsable.jpg\" \/>\n\t<meta property=\"og:image:width\" content=\"588\" \/>\n\t<meta property=\"og:image:height\" content=\"438\" \/>\n\t<meta property=\"og:image:type\" content=\"image\/jpeg\" \/>\n<meta name=\"twitter:card\" content=\"summary_large_image\" \/>\n<meta name=\"twitter:label1\" content=\"Tempo di lettura stimato\" \/>\n\t<meta name=\"twitter:data1\" content=\"3 minuti\" \/>\n<script type=\"application\/ld+json\" class=\"yoast-schema-graph\">{\"@context\":\"https:\\\/\\\/schema.org\",\"@graph\":[{\"@type\":\"WebPage\",\"@id\":\"https:\\\/\\\/www.bahiametisse.com\\\/it\\\/tours-e-servizi\\\/nilo-pecanha\\\/\",\"url\":\"https:\\\/\\\/www.bahiametisse.com\\\/it\\\/tours-e-servizi\\\/nilo-pecanha\\\/\",\"name\":\"Nilo Pe\u00e7anha - Bahia M\u00e9tisse\",\"isPartOf\":{\"@id\":\"https:\\\/\\\/www.bahiametisse.com\\\/it\\\/#website\"},\"primaryImageOfPage\":{\"@id\":\"https:\\\/\\\/www.bahiametisse.com\\\/it\\\/tours-e-servizi\\\/nilo-pecanha\\\/#primaryimage\"},\"image\":{\"@id\":\"https:\\\/\\\/www.bahiametisse.com\\\/it\\\/tours-e-servizi\\\/nilo-pecanha\\\/#primaryimage\"},\"thumbnailUrl\":\"https:\\\/\\\/www.bahiametisse.com\\\/wp-content\\\/uploads\\\/2021\\\/10\\\/Nilo-Pecanha-Rafting-tourisme-responsable.jpg\",\"datePublished\":\"2021-10-18T18:10:48+00:00\",\"dateModified\":\"2022-03-14T09:11:07+00:00\",\"description\":\"Nilo Pe\u00e7anha. Pacchetto avventure-scoperta per piccoli e grandi in una fattoria di garofano e noci del Brasile.\",\"breadcrumb\":{\"@id\":\"https:\\\/\\\/www.bahiametisse.com\\\/it\\\/tours-e-servizi\\\/nilo-pecanha\\\/#breadcrumb\"},\"inLanguage\":\"it-IT\",\"potentialAction\":[{\"@type\":\"ReadAction\",\"target\":[\"https:\\\/\\\/www.bahiametisse.com\\\/it\\\/tours-e-servizi\\\/nilo-pecanha\\\/\"]}]},{\"@type\":\"ImageObject\",\"inLanguage\":\"it-IT\",\"@id\":\"https:\\\/\\\/www.bahiametisse.com\\\/it\\\/tours-e-servizi\\\/nilo-pecanha\\\/#primaryimage\",\"url\":\"https:\\\/\\\/www.bahiametisse.com\\\/wp-content\\\/uploads\\\/2021\\\/10\\\/Nilo-Pecanha-Rafting-tourisme-responsable.jpg\",\"contentUrl\":\"https:\\\/\\\/www.bahiametisse.com\\\/wp-content\\\/uploads\\\/2021\\\/10\\\/Nilo-Pecanha-Rafting-tourisme-responsable.jpg\",\"width\":588,\"height\":438,\"caption\":\"Nilo Pe\u00e7anha Rafting tourisme responsable\"},{\"@type\":\"BreadcrumbList\",\"@id\":\"https:\\\/\\\/www.bahiametisse.com\\\/it\\\/tours-e-servizi\\\/nilo-pecanha\\\/#breadcrumb\",\"itemListElement\":[{\"@type\":\"ListItem\",\"position\":1,\"name\":\"Accueil\",\"item\":\"https:\\\/\\\/www.bahiametisse.com\\\/it\\\/\"},{\"@type\":\"ListItem\",\"position\":2,\"name\":\"Tours e Servizi\",\"item\":\"https:\\\/\\\/www.bahiametisse.com\\\/it\\\/tours-e-servizi\\\/\"},{\"@type\":\"ListItem\",\"position\":3,\"name\":\"Nilo Pe\u00e7anha\"}]},{\"@type\":\"WebSite\",\"@id\":\"https:\\\/\\\/www.bahiametisse.com\\\/it\\\/#website\",\"url\":\"https:\\\/\\\/www.bahiametisse.com\\\/it\\\/\",\"name\":\"Bahia M\u00e9tisse\",\"description\":\"Agence \u00e9cotourisme\",\"potentialAction\":[{\"@type\":\"SearchAction\",\"target\":{\"@type\":\"EntryPoint\",\"urlTemplate\":\"https:\\\/\\\/www.bahiametisse.com\\\/it\\\/?s={search_term_string}\"},\"query-input\":{\"@type\":\"PropertyValueSpecification\",\"valueRequired\":true,\"valueName\":\"search_term_string\"}}],\"inLanguage\":\"it-IT\"}]}<\/script>\n<!-- \/ Yoast SEO plugin. -->","yoast_head_json":{"title":"Nilo Pe\u00e7anha - Bahia M\u00e9tisse","description":"Nilo Pe\u00e7anha. Pacchetto avventure-scoperta per piccoli e grandi in una fattoria di garofano e noci del Brasile.","robots":{"index":"index","follow":"follow","max-snippet":"max-snippet:-1","max-image-preview":"max-image-preview:large","max-video-preview":"max-video-preview:-1"},"canonical":"https:\/\/www.bahiametisse.com\/it\/tours-e-servizi\/nilo-pecanha\/","og_locale":"it_IT","og_type":"article","og_title":"Nilo Pe\u00e7anha - Bahia M\u00e9tisse","og_description":"Nilo Pe\u00e7anha. Pacchetto avventure-scoperta per piccoli e grandi in una fattoria di garofano e noci del Brasile.","og_url":"https:\/\/www.bahiametisse.com\/it\/tours-e-servizi\/nilo-pecanha\/","og_site_name":"Bahia M\u00e9tisse","article_modified_time":"2022-03-14T09:11:07+00:00","og_image":[{"width":588,"height":438,"url":"https:\/\/www.bahiametisse.com\/wp-content\/uploads\/2021\/10\/Nilo-Pecanha-Rafting-tourisme-responsable.jpg","type":"image\/jpeg"}],"twitter_card":"summary_large_image","twitter_misc":{"Tempo di lettura stimato":"3 minuti"},"schema":{"@context":"https:\/\/schema.org","@graph":[{"@type":"WebPage","@id":"https:\/\/www.bahiametisse.com\/it\/tours-e-servizi\/nilo-pecanha\/","url":"https:\/\/www.bahiametisse.com\/it\/tours-e-servizi\/nilo-pecanha\/","name":"Nilo Pe\u00e7anha - Bahia M\u00e9tisse","isPartOf":{"@id":"https:\/\/www.bahiametisse.com\/it\/#website"},"primaryImageOfPage":{"@id":"https:\/\/www.bahiametisse.com\/it\/tours-e-servizi\/nilo-pecanha\/#primaryimage"},"image":{"@id":"https:\/\/www.bahiametisse.com\/it\/tours-e-servizi\/nilo-pecanha\/#primaryimage"},"thumbnailUrl":"https:\/\/www.bahiametisse.com\/wp-content\/uploads\/2021\/10\/Nilo-Pecanha-Rafting-tourisme-responsable.jpg","datePublished":"2021-10-18T18:10:48+00:00","dateModified":"2022-03-14T09:11:07+00:00","description":"Nilo Pe\u00e7anha. Pacchetto avventure-scoperta per piccoli e grandi in una fattoria di garofano e noci del Brasile.","breadcrumb":{"@id":"https:\/\/www.bahiametisse.com\/it\/tours-e-servizi\/nilo-pecanha\/#breadcrumb"},"inLanguage":"it-IT","potentialAction":[{"@type":"ReadAction","target":["https:\/\/www.bahiametisse.com\/it\/tours-e-servizi\/nilo-pecanha\/"]}]},{"@type":"ImageObject","inLanguage":"it-IT","@id":"https:\/\/www.bahiametisse.com\/it\/tours-e-servizi\/nilo-pecanha\/#primaryimage","url":"https:\/\/www.bahiametisse.com\/wp-content\/uploads\/2021\/10\/Nilo-Pecanha-Rafting-tourisme-responsable.jpg","contentUrl":"https:\/\/www.bahiametisse.com\/wp-content\/uploads\/2021\/10\/Nilo-Pecanha-Rafting-tourisme-responsable.jpg","width":588,"height":438,"caption":"Nilo Pe\u00e7anha Rafting tourisme responsable"},{"@type":"BreadcrumbList","@id":"https:\/\/www.bahiametisse.com\/it\/tours-e-servizi\/nilo-pecanha\/#breadcrumb","itemListElement":[{"@type":"ListItem","position":1,"name":"Accueil","item":"https:\/\/www.bahiametisse.com\/it\/"},{"@type":"ListItem","position":2,"name":"Tours e Servizi","item":"https:\/\/www.bahiametisse.com\/it\/tours-e-servizi\/"},{"@type":"ListItem","position":3,"name":"Nilo Pe\u00e7anha"}]},{"@type":"WebSite","@id":"https:\/\/www.bahiametisse.com\/it\/#website","url":"https:\/\/www.bahiametisse.com\/it\/","name":"Bahia M\u00e9tisse","description":"Agence \u00e9cotourisme","potentialAction":[{"@type":"SearchAction","target":{"@type":"EntryPoint","urlTemplate":"https:\/\/www.bahiametisse.com\/it\/?s={search_term_string}"},"query-input":{"@type":"PropertyValueSpecification","valueRequired":true,"valueName":"search_term_string"}}],"inLanguage":"it-IT"}]}},"_links":{"self":[{"href":"https:\/\/www.bahiametisse.com\/it\/wp-json\/wp\/v2\/pages\/1559","targetHints":{"allow":["GET"]}}],"collection":[{"href":"https:\/\/www.bahiametisse.com\/it\/wp-json\/wp\/v2\/pages"}],"about":[{"href":"https:\/\/www.bahiametisse.com\/it\/wp-json\/wp\/v2\/types\/page"}],"author":[{"embeddable":true,"href":"https:\/\/www.bahiametisse.com\/it\/wp-json\/wp\/v2\/users\/1"}],"replies":[{"embeddable":true,"href":"https:\/\/www.bahiametisse.com\/it\/wp-json\/wp\/v2\/comments?post=1559"}],"version-history":[{"count":5,"href":"https:\/\/www.bahiametisse.com\/it\/wp-json\/wp\/v2\/pages\/1559\/revisions"}],"predecessor-version":[{"id":1622,"href":"https:\/\/www.bahiametisse.com\/it\/wp-json\/wp\/v2\/pages\/1559\/revisions\/1622"}],"up":[{"embeddable":true,"href":"https:\/\/www.bahiametisse.com\/it\/wp-json\/wp\/v2\/pages\/1395"}],"wp:featuredmedia":[{"embeddable":true,"href":"https:\/\/www.bahiametisse.com\/it\/wp-json\/wp\/v2\/media\/261"}],"wp:attachment":[{"href":"https:\/\/www.bahiametisse.com\/it\/wp-json\/wp\/v2\/media?parent=1559"}],"curies":[{"name":"wp","href":"https:\/\/api.w.org\/{rel}","templated":true}]}}