{"id":1643,"date":"2021-10-06T21:14:27","date_gmt":"2021-10-06T19:14:27","guid":{"rendered":"https:\/\/www.bahiametisse.com\/tourisme-durable-a-bahia\/"},"modified":"2022-03-14T12:10:27","modified_gmt":"2022-03-14T11:10:27","slug":"tourisme-durable-a-bahia","status":"publish","type":"page","link":"https:\/\/www.bahiametisse.com\/it\/tourisme-durable-a-bahia\/","title":{"rendered":"Bahia M\u00e9tisse"},"content":{"rendered":"<div id='full_slider_1'  class='avia-fullwidth-slider main_color avia-shadow   avia-builder-el-0  el_before_av_heading  avia-builder-el-first   container_wrap fullsize'  ><div  class='avia-slideshow av-kuwu1rlv-608e86dfee55733feba80a727ff17e67 avia-slideshow-featured av_slideshow_full avia-slide-slider av-slideshow-ui av-control-default av-slideshow-manual av-loop-once av-loop-manual-endless av-default-height-applied   avia-slideshow-1' data-slideshow-options=\"{&quot;animation&quot;:&quot;slide&quot;,&quot;autoplay&quot;:false,&quot;loop_autoplay&quot;:&quot;once&quot;,&quot;interval&quot;:5,&quot;loop_manual&quot;:&quot;manual-endless&quot;,&quot;autoplay_stopper&quot;:false,&quot;noNavigation&quot;:false,&quot;bg_slider&quot;:false,&quot;keep_padding&quot;:false,&quot;hoverpause&quot;:false,&quot;show_slide_delay&quot;:0}\"  itemprop=\"image\" itemscope=\"itemscope\" itemtype=\"https:\/\/schema.org\/ImageObject\" ><ul class='avia-slideshow-inner ' style='padding-bottom: 34.677419354839%;'><li  class='avia-slideshow-slide av-kuwu1rlv-608e86dfee55733feba80a727ff17e67__0  av-single-slide slide-1 slide-odd'><div data-rel='slideshow-1' class='avia-slide-wrap '   ><img decoding=\"async\" fetchpriority=\"high\" class=\"wp-image-144 avia-img-lazy-loading-not-144\"  src=\"https:\/\/www.bahiametisse.com\/wp-content\/uploads\/2021\/10\/Bahia-Metisse-1240x430.jpg\" width=\"1240\" height=\"430\" title='Bahia-Metisse' alt='Tourisme durable \u00e0 Bahia'  itemprop=\"thumbnailUrl\"   \/><\/div><\/li><\/ul><\/div><\/div><div id='after_full_slider_1'  class='main_color av_default_container_wrap container_wrap fullsize'  ><div class='container av-section-cont-open' ><div class='template-page content  av-content-full alpha units'><div class='post-entry post-entry-type-page post-entry-1643'><div class='entry-content-wrapper clearfix'>\n\n<style type=\"text\/css\" data-created_by=\"avia_inline_auto\" id=\"style-css-av-kuwtlzdu-2609979bba31a8f9bf3e276973436ca3\">\n#top .av-special-heading.av-kuwtlzdu-2609979bba31a8f9bf3e276973436ca3{\npadding-bottom:10px;\n}\nbody .av-special-heading.av-kuwtlzdu-2609979bba31a8f9bf3e276973436ca3 .av-special-heading-tag .heading-char{\nfont-size:25px;\n}\n.av-special-heading.av-kuwtlzdu-2609979bba31a8f9bf3e276973436ca3 .av-subheading{\nfont-size:15px;\n}\n<\/style>\n<div  class='av-special-heading av-kuwtlzdu-2609979bba31a8f9bf3e276973436ca3 av-special-heading-h1 blockquote modern-quote  avia-builder-el-1  el_after_av_slideshow_full  el_before_av_heading  avia-builder-el-first '><h1 class='av-special-heading-tag'  itemprop=\"headline\"  >I NOSTRI IMPEGNI<\/h1><div class=\"special-heading-border\"><div class=\"special-heading-inner-border\"><\/div><\/div><\/div>\n\n<style type=\"text\/css\" data-created_by=\"avia_inline_auto\" id=\"style-css-av-kuwtndq1-4e589539ab02db65f5e82cb24c12a556\">\n#top .av-special-heading.av-kuwtndq1-4e589539ab02db65f5e82cb24c12a556{\npadding-bottom:10px;\n}\nbody .av-special-heading.av-kuwtndq1-4e589539ab02db65f5e82cb24c12a556 .av-special-heading-tag .heading-char{\nfont-size:25px;\n}\n.av-special-heading.av-kuwtndq1-4e589539ab02db65f5e82cb24c12a556 .av-subheading{\nfont-size:15px;\n}\n<\/style>\n<div  class='av-special-heading av-kuwtndq1-4e589539ab02db65f5e82cb24c12a556 av-special-heading-h2 blockquote modern-quote  avia-builder-el-2  el_after_av_heading  el_before_av_textblock '><h2 class='av-special-heading-tag'  itemprop=\"headline\"  >Il Nostro Progetto<\/h2><div class=\"special-heading-border\"><div class=\"special-heading-inner-border\"><\/div><\/div><\/div>\n<section  class='av_textblock_section av-kuwtljq5-ac350d3038e9f6a28fc6bafe3f268938 '   itemscope=\"itemscope\" itemtype=\"https:\/\/schema.org\/CreativeWork\" ><div class='avia_textblock'  itemprop=\"text\" ><p>Noi proponiamo soggiorni nelle regioni naturali con l\u2019obbiettivo di salvaguardare l\u2019ambiente e promuovere il benessere delle popolazioni locali.<\/p>\n<\/div><\/section>\n\n<style type=\"text\/css\" data-created_by=\"avia_inline_auto\" id=\"style-css-av-kuwtp0k4-502a63bd982d63cabe316bc6983b08cf\">\n#top .av-special-heading.av-kuwtp0k4-502a63bd982d63cabe316bc6983b08cf{\npadding-bottom:10px;\n}\nbody .av-special-heading.av-kuwtp0k4-502a63bd982d63cabe316bc6983b08cf .av-special-heading-tag .heading-char{\nfont-size:25px;\n}\n.av-special-heading.av-kuwtp0k4-502a63bd982d63cabe316bc6983b08cf .av-subheading{\nfont-size:15px;\n}\n<\/style>\n<div  class='av-special-heading av-kuwtp0k4-502a63bd982d63cabe316bc6983b08cf av-special-heading-h2 blockquote modern-quote  avia-builder-el-4  el_after_av_textblock  el_before_av_textblock  av-linked-heading'><h2 class='av-special-heading-tag'  itemprop=\"headline\"  ><a class=\"av-heading-link\" href=\"https:\/\/fr.wikipedia.org\/wiki\/Agence_r%C3%A9ceptive\" target=\"_blank\" rel=\"noopener noreferrer\">I nostri impegni<\/a><\/h2><div class=\"special-heading-border\"><div class=\"special-heading-inner-border\"><\/div><\/div><\/div>\n<section  class='av_textblock_section av-kuwto2ub-17d480a4853ffe51b54d7ba564e9eb64 '   itemscope=\"itemscope\" itemtype=\"https:\/\/schema.org\/CreativeWork\" ><div class='avia_textblock'  itemprop=\"text\" ><ul>\n<li>Sviluppo economico e crescita delle popolazione locali;<\/li>\n<li>Preferenza dei contatti diretti con imprenditori locali, con i quali abbiamo instaurato nel tempo un percorso di collaborazione;<\/li>\n<li>Salvaguardia a lungo termine delle risorse naturali, culturali e sociali (turismo sostenibile);.<\/li>\n<li>Tutti i nostri tour sono stati elaborati per permettere ai visitatori di fare incontri autentici con la popolazione \u201cbahiana\u201d,<br \/>\nconoscerne la cultura ed essere partecipe della quotidianit\u00e0 con spirito di condivisione e di rispetto.<\/li>\n<\/ul>\n<\/div><\/section>\n\n<style type=\"text\/css\" data-created_by=\"avia_inline_auto\" id=\"style-css-av-kuwwf4ak-aaeff47dbeff8b215c32d2efd1bc7de2\">\n#top .hr.hr-invisible.av-kuwwf4ak-aaeff47dbeff8b215c32d2efd1bc7de2{\nheight:70px;\n}\n<\/style>\n<div  class='hr av-kuwwf4ak-aaeff47dbeff8b215c32d2efd1bc7de2 hr-invisible  avia-builder-el-6  el_after_av_textblock  el_before_av_textblock '><span class='hr-inner '><span class=\"hr-inner-style\"><\/span><\/span><\/div>\n<section  class='av_textblock_section av-kuwwef3z-4b9c4e8b024cb861efc7af1926253cc0 '   itemscope=\"itemscope\" itemtype=\"https:\/\/schema.org\/CreativeWork\" ><div class='avia_textblock'  itemprop=\"text\" ><blockquote>\n<div>Favorire l\u2019utilizzo e l\u2019apprezzamento delle risorse per i visitatori, proteggerne originalit\u00e0 e attrazione per le generazioni future, \u00e8 considerata l\u2019unica maniera di sviluppare il turismo e le attivit\u00e0 di tempo libero in modo sostenibile.<\/div>\n<\/blockquote>\n<div>\n<h3>Doris Ruschmann\u00a0\u2013 Economiste, S\u00e3o Paulo, Brasil<\/h3>\n<\/div>\n<\/div><\/section>\n","protected":false},"excerpt":{"rendered":"","protected":false},"author":1,"featured_media":144,"parent":0,"menu_order":10,"comment_status":"closed","ping_status":"closed","template":"","meta":{"footnotes":""},"class_list":["post-1643","page","type-page","status-publish","has-post-thumbnail","hentry"],"yoast_head":"<!-- This site is optimized with the Yoast SEO plugin v27.4 - https:\/\/yoast.com\/product\/yoast-seo-wordpress\/ -->\n<title>Bahia M\u00e9tisse - Bahia M\u00e9tisse<\/title>\n<meta name=\"description\" content=\"Bahia M\u00e9tisse. Noi proponiamo soggiorni nelle regioni naturali con l\u2019obbiettivo di salvaguardare l\u2019ambiente e promuovere il benessere delle popolazioni locali.\" \/>\n<meta name=\"robots\" content=\"index, follow, max-snippet:-1, max-image-preview:large, max-video-preview:-1\" \/>\n<link rel=\"canonical\" href=\"https:\/\/www.bahiametisse.com\/it\/tourisme-durable-a-bahia\/\" \/>\n<meta property=\"og:locale\" content=\"it_IT\" \/>\n<meta property=\"og:type\" content=\"article\" \/>\n<meta property=\"og:title\" content=\"Bahia M\u00e9tisse - Bahia M\u00e9tisse\" \/>\n<meta property=\"og:description\" content=\"Bahia M\u00e9tisse. Noi proponiamo soggiorni nelle regioni naturali con l\u2019obbiettivo di salvaguardare l\u2019ambiente e promuovere il benessere delle popolazioni locali.\" \/>\n<meta property=\"og:url\" content=\"https:\/\/www.bahiametisse.com\/it\/tourisme-durable-a-bahia\/\" \/>\n<meta property=\"og:site_name\" content=\"Bahia M\u00e9tisse\" \/>\n<meta property=\"article:modified_time\" content=\"2022-03-14T11:10:27+00:00\" \/>\n<meta property=\"og:image\" content=\"https:\/\/www.bahiametisse.com\/wp-content\/uploads\/2021\/10\/Bahia-Metisse.jpg\" \/>\n\t<meta property=\"og:image:width\" content=\"1240\" \/>\n\t<meta property=\"og:image:height\" content=\"606\" \/>\n\t<meta property=\"og:image:type\" content=\"image\/jpeg\" \/>\n<meta name=\"twitter:card\" content=\"summary_large_image\" \/>\n<meta name=\"twitter:label1\" content=\"Tempo di lettura stimato\" \/>\n\t<meta name=\"twitter:data1\" content=\"2 minuti\" \/>\n<script type=\"application\/ld+json\" class=\"yoast-schema-graph\">{\"@context\":\"https:\\\/\\\/schema.org\",\"@graph\":[{\"@type\":\"Article\",\"@id\":\"https:\\\/\\\/www.bahiametisse.com\\\/it\\\/tourisme-durable-a-bahia\\\/#article\",\"isPartOf\":{\"@id\":\"https:\\\/\\\/www.bahiametisse.com\\\/it\\\/tourisme-durable-a-bahia\\\/\"},\"author\":{\"name\":\"laregie\",\"@id\":\"https:\\\/\\\/www.bahiametisse.com\\\/it\\\/#\\\/schema\\\/person\\\/dd6961ef53298afafa7cd84bea56afe9\"},\"headline\":\"Bahia M\u00e9tisse\",\"datePublished\":\"2021-10-06T19:14:27+00:00\",\"dateModified\":\"2022-03-14T11:10:27+00:00\",\"mainEntityOfPage\":{\"@id\":\"https:\\\/\\\/www.bahiametisse.com\\\/it\\\/tourisme-durable-a-bahia\\\/\"},\"wordCount\":775,\"image\":{\"@id\":\"https:\\\/\\\/www.bahiametisse.com\\\/it\\\/tourisme-durable-a-bahia\\\/#primaryimage\"},\"thumbnailUrl\":\"https:\\\/\\\/www.bahiametisse.com\\\/wp-content\\\/uploads\\\/2021\\\/10\\\/Bahia-Metisse.jpg\",\"inLanguage\":\"it-IT\"},{\"@type\":\"WebPage\",\"@id\":\"https:\\\/\\\/www.bahiametisse.com\\\/it\\\/tourisme-durable-a-bahia\\\/\",\"url\":\"https:\\\/\\\/www.bahiametisse.com\\\/it\\\/tourisme-durable-a-bahia\\\/\",\"name\":\"Bahia M\u00e9tisse - Bahia M\u00e9tisse\",\"isPartOf\":{\"@id\":\"https:\\\/\\\/www.bahiametisse.com\\\/it\\\/#website\"},\"primaryImageOfPage\":{\"@id\":\"https:\\\/\\\/www.bahiametisse.com\\\/it\\\/tourisme-durable-a-bahia\\\/#primaryimage\"},\"image\":{\"@id\":\"https:\\\/\\\/www.bahiametisse.com\\\/it\\\/tourisme-durable-a-bahia\\\/#primaryimage\"},\"thumbnailUrl\":\"https:\\\/\\\/www.bahiametisse.com\\\/wp-content\\\/uploads\\\/2021\\\/10\\\/Bahia-Metisse.jpg\",\"datePublished\":\"2021-10-06T19:14:27+00:00\",\"dateModified\":\"2022-03-14T11:10:27+00:00\",\"description\":\"Bahia M\u00e9tisse. Noi proponiamo soggiorni nelle regioni naturali con l\u2019obbiettivo di salvaguardare l\u2019ambiente e promuovere il benessere delle popolazioni locali.\",\"breadcrumb\":{\"@id\":\"https:\\\/\\\/www.bahiametisse.com\\\/it\\\/tourisme-durable-a-bahia\\\/#breadcrumb\"},\"inLanguage\":\"it-IT\",\"potentialAction\":[{\"@type\":\"ReadAction\",\"target\":[\"https:\\\/\\\/www.bahiametisse.com\\\/it\\\/tourisme-durable-a-bahia\\\/\"]}]},{\"@type\":\"ImageObject\",\"inLanguage\":\"it-IT\",\"@id\":\"https:\\\/\\\/www.bahiametisse.com\\\/it\\\/tourisme-durable-a-bahia\\\/#primaryimage\",\"url\":\"https:\\\/\\\/www.bahiametisse.com\\\/wp-content\\\/uploads\\\/2021\\\/10\\\/Bahia-Metisse.jpg\",\"contentUrl\":\"https:\\\/\\\/www.bahiametisse.com\\\/wp-content\\\/uploads\\\/2021\\\/10\\\/Bahia-Metisse.jpg\",\"width\":1240,\"height\":606,\"caption\":\"Tourisme durable \u00e0 Bahia\"},{\"@type\":\"BreadcrumbList\",\"@id\":\"https:\\\/\\\/www.bahiametisse.com\\\/it\\\/tourisme-durable-a-bahia\\\/#breadcrumb\",\"itemListElement\":[{\"@type\":\"ListItem\",\"position\":1,\"name\":\"Accueil\",\"item\":\"https:\\\/\\\/www.bahiametisse.com\\\/it\\\/\"},{\"@type\":\"ListItem\",\"position\":2,\"name\":\"Bahia M\u00e9tisse\"}]},{\"@type\":\"WebSite\",\"@id\":\"https:\\\/\\\/www.bahiametisse.com\\\/it\\\/#website\",\"url\":\"https:\\\/\\\/www.bahiametisse.com\\\/it\\\/\",\"name\":\"Bahia M\u00e9tisse\",\"description\":\"Agence \u00e9cotourisme\",\"potentialAction\":[{\"@type\":\"SearchAction\",\"target\":{\"@type\":\"EntryPoint\",\"urlTemplate\":\"https:\\\/\\\/www.bahiametisse.com\\\/it\\\/?s={search_term_string}\"},\"query-input\":{\"@type\":\"PropertyValueSpecification\",\"valueRequired\":true,\"valueName\":\"search_term_string\"}}],\"inLanguage\":\"it-IT\"},{\"@type\":\"Person\",\"@id\":\"https:\\\/\\\/www.bahiametisse.com\\\/it\\\/#\\\/schema\\\/person\\\/dd6961ef53298afafa7cd84bea56afe9\",\"name\":\"laregie\",\"sameAs\":[\"http:\\\/\\\/bahiametisse.bresil-voyage.com\"],\"url\":\"https:\\\/\\\/www.bahiametisse.com\\\/it\\\/author\\\/laregie\\\/\"}]}<\/script>\n<!-- \/ Yoast SEO plugin. -->","yoast_head_json":{"title":"Bahia M\u00e9tisse - Bahia M\u00e9tisse","description":"Bahia M\u00e9tisse. Noi proponiamo soggiorni nelle regioni naturali con l\u2019obbiettivo di salvaguardare l\u2019ambiente e promuovere il benessere delle popolazioni locali.","robots":{"index":"index","follow":"follow","max-snippet":"max-snippet:-1","max-image-preview":"max-image-preview:large","max-video-preview":"max-video-preview:-1"},"canonical":"https:\/\/www.bahiametisse.com\/it\/tourisme-durable-a-bahia\/","og_locale":"it_IT","og_type":"article","og_title":"Bahia M\u00e9tisse - Bahia M\u00e9tisse","og_description":"Bahia M\u00e9tisse. Noi proponiamo soggiorni nelle regioni naturali con l\u2019obbiettivo di salvaguardare l\u2019ambiente e promuovere il benessere delle popolazioni locali.","og_url":"https:\/\/www.bahiametisse.com\/it\/tourisme-durable-a-bahia\/","og_site_name":"Bahia M\u00e9tisse","article_modified_time":"2022-03-14T11:10:27+00:00","og_image":[{"width":1240,"height":606,"url":"https:\/\/www.bahiametisse.com\/wp-content\/uploads\/2021\/10\/Bahia-Metisse.jpg","type":"image\/jpeg"}],"twitter_card":"summary_large_image","twitter_misc":{"Tempo di lettura stimato":"2 minuti"},"schema":{"@context":"https:\/\/schema.org","@graph":[{"@type":"Article","@id":"https:\/\/www.bahiametisse.com\/it\/tourisme-durable-a-bahia\/#article","isPartOf":{"@id":"https:\/\/www.bahiametisse.com\/it\/tourisme-durable-a-bahia\/"},"author":{"name":"laregie","@id":"https:\/\/www.bahiametisse.com\/it\/#\/schema\/person\/dd6961ef53298afafa7cd84bea56afe9"},"headline":"Bahia M\u00e9tisse","datePublished":"2021-10-06T19:14:27+00:00","dateModified":"2022-03-14T11:10:27+00:00","mainEntityOfPage":{"@id":"https:\/\/www.bahiametisse.com\/it\/tourisme-durable-a-bahia\/"},"wordCount":775,"image":{"@id":"https:\/\/www.bahiametisse.com\/it\/tourisme-durable-a-bahia\/#primaryimage"},"thumbnailUrl":"https:\/\/www.bahiametisse.com\/wp-content\/uploads\/2021\/10\/Bahia-Metisse.jpg","inLanguage":"it-IT"},{"@type":"WebPage","@id":"https:\/\/www.bahiametisse.com\/it\/tourisme-durable-a-bahia\/","url":"https:\/\/www.bahiametisse.com\/it\/tourisme-durable-a-bahia\/","name":"Bahia M\u00e9tisse - Bahia M\u00e9tisse","isPartOf":{"@id":"https:\/\/www.bahiametisse.com\/it\/#website"},"primaryImageOfPage":{"@id":"https:\/\/www.bahiametisse.com\/it\/tourisme-durable-a-bahia\/#primaryimage"},"image":{"@id":"https:\/\/www.bahiametisse.com\/it\/tourisme-durable-a-bahia\/#primaryimage"},"thumbnailUrl":"https:\/\/www.bahiametisse.com\/wp-content\/uploads\/2021\/10\/Bahia-Metisse.jpg","datePublished":"2021-10-06T19:14:27+00:00","dateModified":"2022-03-14T11:10:27+00:00","description":"Bahia M\u00e9tisse. Noi proponiamo soggiorni nelle regioni naturali con l\u2019obbiettivo di salvaguardare l\u2019ambiente e promuovere il benessere delle popolazioni locali.","breadcrumb":{"@id":"https:\/\/www.bahiametisse.com\/it\/tourisme-durable-a-bahia\/#breadcrumb"},"inLanguage":"it-IT","potentialAction":[{"@type":"ReadAction","target":["https:\/\/www.bahiametisse.com\/it\/tourisme-durable-a-bahia\/"]}]},{"@type":"ImageObject","inLanguage":"it-IT","@id":"https:\/\/www.bahiametisse.com\/it\/tourisme-durable-a-bahia\/#primaryimage","url":"https:\/\/www.bahiametisse.com\/wp-content\/uploads\/2021\/10\/Bahia-Metisse.jpg","contentUrl":"https:\/\/www.bahiametisse.com\/wp-content\/uploads\/2021\/10\/Bahia-Metisse.jpg","width":1240,"height":606,"caption":"Tourisme durable \u00e0 Bahia"},{"@type":"BreadcrumbList","@id":"https:\/\/www.bahiametisse.com\/it\/tourisme-durable-a-bahia\/#breadcrumb","itemListElement":[{"@type":"ListItem","position":1,"name":"Accueil","item":"https:\/\/www.bahiametisse.com\/it\/"},{"@type":"ListItem","position":2,"name":"Bahia M\u00e9tisse"}]},{"@type":"WebSite","@id":"https:\/\/www.bahiametisse.com\/it\/#website","url":"https:\/\/www.bahiametisse.com\/it\/","name":"Bahia M\u00e9tisse","description":"Agence \u00e9cotourisme","potentialAction":[{"@type":"SearchAction","target":{"@type":"EntryPoint","urlTemplate":"https:\/\/www.bahiametisse.com\/it\/?s={search_term_string}"},"query-input":{"@type":"PropertyValueSpecification","valueRequired":true,"valueName":"search_term_string"}}],"inLanguage":"it-IT"},{"@type":"Person","@id":"https:\/\/www.bahiametisse.com\/it\/#\/schema\/person\/dd6961ef53298afafa7cd84bea56afe9","name":"laregie","sameAs":["http:\/\/bahiametisse.bresil-voyage.com"],"url":"https:\/\/www.bahiametisse.com\/it\/author\/laregie\/"}]}},"_links":{"self":[{"href":"https:\/\/www.bahiametisse.com\/it\/wp-json\/wp\/v2\/pages\/1643","targetHints":{"allow":["GET"]}}],"collection":[{"href":"https:\/\/www.bahiametisse.com\/it\/wp-json\/wp\/v2\/pages"}],"about":[{"href":"https:\/\/www.bahiametisse.com\/it\/wp-json\/wp\/v2\/types\/page"}],"author":[{"embeddable":true,"href":"https:\/\/www.bahiametisse.com\/it\/wp-json\/wp\/v2\/users\/1"}],"replies":[{"embeddable":true,"href":"https:\/\/www.bahiametisse.com\/it\/wp-json\/wp\/v2\/comments?post=1643"}],"version-history":[{"count":3,"href":"https:\/\/www.bahiametisse.com\/it\/wp-json\/wp\/v2\/pages\/1643\/revisions"}],"predecessor-version":[{"id":1647,"href":"https:\/\/www.bahiametisse.com\/it\/wp-json\/wp\/v2\/pages\/1643\/revisions\/1647"}],"wp:featuredmedia":[{"embeddable":true,"href":"https:\/\/www.bahiametisse.com\/it\/wp-json\/wp\/v2\/media\/144"}],"wp:attachment":[{"href":"https:\/\/www.bahiametisse.com\/it\/wp-json\/wp\/v2\/media?parent=1643"}],"curies":[{"name":"wp","href":"https:\/\/api.w.org\/{rel}","templated":true}]}}