{"id":906,"date":"2021-10-06T21:16:47","date_gmt":"2021-10-06T19:16:47","guid":{"rendered":"https:\/\/www.bahiametisse.com\/contatto\/"},"modified":"2022-04-05T08:36:19","modified_gmt":"2022-04-05T06:36:19","slug":"contatti","status":"publish","type":"page","link":"https:\/\/www.bahiametisse.com\/it\/contatti\/","title":{"rendered":"Contatti"},"content":{"rendered":"<div  class='flex_column av-1fpv-48fcc5101e02b4342dc110336ce4412d av_one_full  avia-builder-el-0  el_before_av_one_third  avia-builder-el-first  first flex_column_div  '     ><style type=\"text\/css\" data-created_by=\"avia_inline_auto\" id=\"style-css-av-kuzedrn8-61712f9894fe2858167be3b6527f08d7\">\n#top .av-special-heading.av-kuzedrn8-61712f9894fe2858167be3b6527f08d7{\npadding-bottom:10px;\n}\nbody .av-special-heading.av-kuzedrn8-61712f9894fe2858167be3b6527f08d7 .av-special-heading-tag .heading-char{\nfont-size:25px;\n}\n.av-special-heading.av-kuzedrn8-61712f9894fe2858167be3b6527f08d7 .av-subheading{\nfont-size:15px;\n}\n<\/style>\n<div  class='av-special-heading av-kuzedrn8-61712f9894fe2858167be3b6527f08d7 av-special-heading-h1 blockquote modern-quote modern-centered  avia-builder-el-1  avia-builder-el-no-sibling '><h1 class='av-special-heading-tag'  itemprop=\"headline\"  >Contattaci<\/h1><div class=\"special-heading-border\"><div class=\"special-heading-inner-border\"><\/div><\/div><\/div><\/div>\n<div  class='flex_column av-39ujb-a352edaa658961e3bbc641615578d5ab av_one_third  avia-builder-el-2  el_after_av_one_full  el_before_av_two_third  first flex_column_div  column-top-margin'     ><section  class='av_textblock_section av-kuzejbo1-64c4d0f335b575a67eee800ffacc9ea9 '   itemscope=\"itemscope\" itemtype=\"https:\/\/schema.org\/CreativeWork\" ><div class='avia_textblock'  itemprop=\"text\" ><h3>Cristina Maria<\/h3>\n<p>Ag\u00eanzia de viagem Bahia Metisse<br \/>\nValen\u00e7a &#8211; Bahia &#8211; Brasil<\/p>\n<\/div><\/section><br \/>\n\n<style type=\"text\/css\" data-created_by=\"avia_inline_auto\" id=\"style-css-av-kuzeklka-1a62f1171af86bbeddf9ca1f7c71df31\">\n#top .hr.hr-invisible.av-kuzeklka-1a62f1171af86bbeddf9ca1f7c71df31{\nheight:20px;\n}\n<\/style>\n<div  class='hr av-kuzeklka-1a62f1171af86bbeddf9ca1f7c71df31 hr-invisible  avia-builder-el-4  el_after_av_textblock  el_before_av_button '><span class='hr-inner '><span class=\"hr-inner-style\"><\/span><\/span><\/div><br \/>\n<div  class='avia-button-wrap av-kuzembki-3fd214ea90b468eca42aeea319a56c28-wrap avia-button-left  avia-builder-el-5  el_after_av_hr  el_before_av_hr '><a href='mailto:cristina@bahiametisse.com' class='avia-button av-kuzembki-3fd214ea90b468eca42aeea319a56c28 avia-icon_select-yes-left-icon avia-size-large avia-position-left av-icon-on-hover avia-color-theme-color' target=\"_blank\" rel=\"noopener noreferrer\"><span class='avia_button_icon avia_button_icon_left' aria-hidden='true' data-av_icon='\ue836' data-av_iconfont='entypo-fontello'><\/span><span class='avia_iconbox_title' >cristina@bahiametisse.com<\/span><\/a><\/div><br \/>\n\n<style type=\"text\/css\" data-created_by=\"avia_inline_auto\" id=\"style-css-av-2n4k3-8bd4fc691c374c4f154ab357bd82cb0e\">\n#top .hr.hr-invisible.av-2n4k3-8bd4fc691c374c4f154ab357bd82cb0e{\nheight:20px;\n}\n<\/style>\n<div  class='hr av-2n4k3-8bd4fc691c374c4f154ab357bd82cb0e hr-invisible  avia-builder-el-6  el_after_av_button  el_before_av_button '><span class='hr-inner '><span class=\"hr-inner-style\"><\/span><\/span><\/div><br \/>\n<div  class='avia-button-wrap av-kuzeicfc-5b1ec6eddd309f040e828fed450a47e5-wrap avia-button-left  avia-builder-el-7  el_after_av_hr  el_before_av_hr '><a href='tel:+55 759 9830 5819' class='avia-button av-kuzeicfc-5b1ec6eddd309f040e828fed450a47e5 avia-icon_select-yes-left-icon avia-size-large avia-position-left avia-color-theme-color' target=\"_blank\" rel=\"noopener noreferrer\"><span class='avia_button_icon avia_button_icon_left' aria-hidden='true' data-av_icon='\uf232' data-av_iconfont='entypo-fontello'><\/span><span class='avia_iconbox_title' >+55 71 9 9725-0613<\/span><\/a><\/div><br \/>\n\n<style type=\"text\/css\" data-created_by=\"avia_inline_auto\" id=\"style-css-av-kuzek686-b99883c30096641ecf39226d2ae238bb\">\n#top .hr.hr-invisible.av-kuzek686-b99883c30096641ecf39226d2ae238bb{\nheight:30px;\n}\n<\/style>\n<div  class='hr av-kuzek686-b99883c30096641ecf39226d2ae238bb hr-invisible  avia-builder-el-8  el_after_av_button  el_before_av_textblock '><span class='hr-inner '><span class=\"hr-inner-style\"><\/span><\/span><\/div><br \/>\n<section  class='av_textblock_section av-kuzeeet6-b0dc3a6545f3f44a0e887c45f06e6329 '   itemscope=\"itemscope\" itemtype=\"https:\/\/schema.org\/CreativeWork\" ><div class='avia_textblock'  itemprop=\"text\" ><p>Indicate<\/p>\n<ul>\n<li>il numero dei partecipanti,<\/li>\n<li>le date del vostro soggiorno,<\/li>\n<li>il tipo di viaggio che desiderate,<\/li>\n<\/ul>\n<p>Vi invieremo una proposta accurata al pi\u00fa presto.<\/p>\n<\/div><\/section><br \/>\n\n<style type=\"text\/css\" data-created_by=\"avia_inline_auto\" id=\"style-css-av-v993-ca494b976b41bec9e206d961af44d61f\">\n#top .hr.hr-invisible.av-v993-ca494b976b41bec9e206d961af44d61f{\nheight:30px;\n}\n<\/style>\n<div  class='hr av-v993-ca494b976b41bec9e206d961af44d61f hr-invisible  avia-builder-el-10  el_after_av_textblock  el_before_av_heading '><span class='hr-inner '><span class=\"hr-inner-style\"><\/span><\/span><\/div><br \/>\n\n<style type=\"text\/css\" data-created_by=\"avia_inline_auto\" id=\"style-css-av-l05hce10-23975451ac5f8b8ee1fac7ec2c9e5a7c\">\n#top .av-special-heading.av-l05hce10-23975451ac5f8b8ee1fac7ec2c9e5a7c{\npadding-bottom:10px;\n}\nbody .av-special-heading.av-l05hce10-23975451ac5f8b8ee1fac7ec2c9e5a7c .av-special-heading-tag .heading-char{\nfont-size:25px;\n}\n.av-special-heading.av-l05hce10-23975451ac5f8b8ee1fac7ec2c9e5a7c .av-subheading{\nfont-size:15px;\n}\n<\/style>\n<div  class='av-special-heading av-l05hce10-23975451ac5f8b8ee1fac7ec2c9e5a7c av-special-heading-h3  avia-builder-el-11  el_after_av_hr  el_before_av_image '><h3 class='av-special-heading-tag'  itemprop=\"headline\"  >Ecotourisme au Br\u00e9sil<\/h3><div class=\"special-heading-border\"><div class=\"special-heading-inner-border\"><\/div><\/div><\/div><br \/>\n\n<style type=\"text\/css\" data-created_by=\"avia_inline_auto\" id=\"style-css-av-l05hf5si-502b8d421d2b2a2f57b0ffbe5c4b8af2\">\n.avia-image-container.av-l05hf5si-502b8d421d2b2a2f57b0ffbe5c4b8af2 img.avia_image{\nbox-shadow:none;\n}\n.avia-image-container.av-l05hf5si-502b8d421d2b2a2f57b0ffbe5c4b8af2 .av-image-caption-overlay-center{\ncolor:#ffffff;\n}\n<\/style>\n<div  class='avia-image-container av-l05hf5si-502b8d421d2b2a2f57b0ffbe5c4b8af2 av-styling- avia-align-left  avia-builder-el-12  el_after_av_heading  avia-builder-el-last '   itemprop=\"image\" itemscope=\"itemscope\" itemtype=\"https:\/\/schema.org\/ImageObject\" ><div class=\"avia-image-container-inner\"><div class=\"avia-image-overlay-wrap\"><a href=\"https:\/\/www.bahiametisse.com\/tourisme-durable-a-bahia\/\" class='avia_image'  aria-label='logo-bahia-metisse'><img decoding=\"async\" fetchpriority=\"high\" class='wp-image-1266 avia-img-lazy-loading-not-1266 avia_image ' src=\"https:\/\/www.bahiametisse.com\/wp-content\/uploads\/2021\/10\/logo-bahia-metisse.png\" alt='Bahia m\u00e9tisse' title='logo-bahia-metisse'  height=\"156\" width=\"250\"  itemprop=\"thumbnailUrl\"  \/><\/a><\/div><\/div><\/div><\/p><\/div>\n<div  class='flex_column av-1xhy7-4e3672dfe7bd80ad46a91b744692dce1 av_two_third  avia-builder-el-13  el_after_av_one_third  avia-builder-el-last  flex_column_div  column-top-margin'     ><form action=\"https:\/\/www.bahiametisse.com\/it\/contatti\/\" method=\"post\" data-fields-with-error=\"Sono stati riscontrati errori nei seguenti campi:\" class=\"avia_ajax_form av-form-labels-visible   avia-builder-el-14  avia-builder-el-no-sibling   \" data-avia-form-id=\"1\" data-avia-redirect='' ><h3 class=''>Inviaci email<\/h3><fieldset><p class='  first_form  form_element form_fullwidth' id='element_avia_1_1'><label for=\"avia_1_1\">Nome <abbr class=\"required\" title=\"richiesto\">*<\/abbr><\/label> <input name=\"avia_1_1\" class=\"text_input is_empty\" type=\"text\" id=\"avia_1_1\" value=\"\" \/><\/p><p class='  first_form  form_element form_fullwidth' id='element_avia_2_1'><label for=\"avia_2_1\">E-Mail <abbr class=\"required\" title=\"richiesto\">*<\/abbr><\/label> <input name=\"avia_2_1\" class=\"text_input is_email\" type=\"text\" id=\"avia_2_1\" value=\"\" \/><\/p><p class='  first_form  form_element form_fullwidth' id='element_avia_3_1'><label for=\"avia_3_1\">Oggetto <abbr class=\"required\" title=\"richiesto\">*<\/abbr><\/label> <input name=\"avia_3_1\" class=\"text_input is_empty\" type=\"text\" id=\"avia_3_1\" value=\"\" \/><\/p><p class='  first_form  form_element form_fullwidth av-last-visible-form-element' id='element_avia_4_1'><label for=\"avia_4_1\" class=\"textare_label hidden textare_label_avia_4_1\">Messaggio <abbr class=\"required\" title=\"richiesto\">*<\/abbr><\/label><textarea  name=\"avia_4_1\" class=\"text_area is_empty\" cols=\"40\" rows=\"7\" id=\"avia_4_1\" ><\/textarea><\/p><p class=\"hidden\"><input type=\"text\" name=\"avia_5_1\" class=\"hidden \" id=\"avia_5_1\" value=\"\" \/><\/p><p class=\"form_element \"><input type=\"hidden\" value=\"1\" name=\"avia_generated_form1\" \/><input type=\"submit\" value=\"Inviare\" class=\"button\"  data-sending-label=\"Invio\"\/><\/p><\/fieldset><\/form><div id=\"ajaxresponse_1\" class=\"ajaxresponse ajaxresponse_1 hidden\"><\/div><\/div>\n","protected":false},"excerpt":{"rendered":"","protected":false},"author":1,"featured_media":761,"parent":0,"menu_order":100,"comment_status":"closed","ping_status":"closed","template":"","meta":{"footnotes":""},"class_list":["post-906","page","type-page","status-publish","has-post-thumbnail","hentry"],"yoast_head":"<!-- This site is optimized with the Yoast SEO plugin v27.5 - https:\/\/yoast.com\/product\/yoast-seo-wordpress\/ -->\n<title>\u00e9cotourisme au Br\u00e9sil - Contatti - Bahia M\u00e9tisse<\/title>\n<meta name=\"description\" content=\"Agence r\u00e9ceptive francophone au Br\u00e9sil, agence r\u00e9ceptive francophone \u00e0 Bahia, \u00e9cotourisme au Br\u00e9sil, \u00e9cotourisme \u00e0 Bahia.\" \/>\n<meta name=\"robots\" content=\"index, follow, max-snippet:-1, max-image-preview:large, max-video-preview:-1\" \/>\n<link rel=\"canonical\" href=\"https:\/\/www.bahiametisse.com\/it\/contatti\/\" \/>\n<meta property=\"og:locale\" content=\"it_IT\" \/>\n<meta property=\"og:type\" content=\"article\" \/>\n<meta property=\"og:title\" content=\"\u00e9cotourisme au Br\u00e9sil - Contatti - Bahia M\u00e9tisse\" \/>\n<meta property=\"og:description\" content=\"Agence r\u00e9ceptive francophone au Br\u00e9sil, agence r\u00e9ceptive francophone \u00e0 Bahia, \u00e9cotourisme au Br\u00e9sil, \u00e9cotourisme \u00e0 Bahia.\" \/>\n<meta property=\"og:url\" content=\"https:\/\/www.bahiametisse.com\/it\/contatti\/\" \/>\n<meta property=\"og:site_name\" content=\"Bahia M\u00e9tisse\" \/>\n<meta property=\"article:modified_time\" content=\"2022-04-05T06:36:19+00:00\" \/>\n<meta property=\"og:image\" content=\"https:\/\/www.bahiametisse.com\/wp-content\/uploads\/2021\/10\/logo-bahia-metisse-ecotourisme.jpg\" \/>\n\t<meta property=\"og:image:width\" content=\"1266\" \/>\n\t<meta property=\"og:image:height\" content=\"939\" \/>\n\t<meta property=\"og:image:type\" content=\"image\/jpeg\" \/>\n<meta name=\"twitter:card\" content=\"summary_large_image\" \/>\n<meta name=\"twitter:label1\" content=\"Tempo di lettura stimato\" \/>\n\t<meta name=\"twitter:data1\" content=\"4 minuti\" \/>\n<script type=\"application\/ld+json\" class=\"yoast-schema-graph\">{\"@context\":\"https:\\\/\\\/schema.org\",\"@graph\":[{\"@type\":\"WebPage\",\"@id\":\"https:\\\/\\\/www.bahiametisse.com\\\/it\\\/contatti\\\/\",\"url\":\"https:\\\/\\\/www.bahiametisse.com\\\/it\\\/contatti\\\/\",\"name\":\"\u00e9cotourisme au Br\u00e9sil - Contatti - Bahia M\u00e9tisse\",\"isPartOf\":{\"@id\":\"https:\\\/\\\/www.bahiametisse.com\\\/it\\\/#website\"},\"primaryImageOfPage\":{\"@id\":\"https:\\\/\\\/www.bahiametisse.com\\\/it\\\/contatti\\\/#primaryimage\"},\"image\":{\"@id\":\"https:\\\/\\\/www.bahiametisse.com\\\/it\\\/contatti\\\/#primaryimage\"},\"thumbnailUrl\":\"https:\\\/\\\/www.bahiametisse.com\\\/wp-content\\\/uploads\\\/2021\\\/10\\\/logo-bahia-metisse-ecotourisme.jpg\",\"datePublished\":\"2021-10-06T19:16:47+00:00\",\"dateModified\":\"2022-04-05T06:36:19+00:00\",\"description\":\"Agence r\u00e9ceptive francophone au Br\u00e9sil, agence r\u00e9ceptive francophone \u00e0 Bahia, \u00e9cotourisme au Br\u00e9sil, \u00e9cotourisme \u00e0 Bahia.\",\"breadcrumb\":{\"@id\":\"https:\\\/\\\/www.bahiametisse.com\\\/it\\\/contatti\\\/#breadcrumb\"},\"inLanguage\":\"it-IT\",\"potentialAction\":[{\"@type\":\"ReadAction\",\"target\":[\"https:\\\/\\\/www.bahiametisse.com\\\/it\\\/contatti\\\/\"]}]},{\"@type\":\"ImageObject\",\"inLanguage\":\"it-IT\",\"@id\":\"https:\\\/\\\/www.bahiametisse.com\\\/it\\\/contatti\\\/#primaryimage\",\"url\":\"https:\\\/\\\/www.bahiametisse.com\\\/wp-content\\\/uploads\\\/2021\\\/10\\\/logo-bahia-metisse-ecotourisme.jpg\",\"contentUrl\":\"https:\\\/\\\/www.bahiametisse.com\\\/wp-content\\\/uploads\\\/2021\\\/10\\\/logo-bahia-metisse-ecotourisme.jpg\",\"width\":1266,\"height\":939},{\"@type\":\"BreadcrumbList\",\"@id\":\"https:\\\/\\\/www.bahiametisse.com\\\/it\\\/contatti\\\/#breadcrumb\",\"itemListElement\":[{\"@type\":\"ListItem\",\"position\":1,\"name\":\"Accueil\",\"item\":\"https:\\\/\\\/www.bahiametisse.com\\\/it\\\/\"},{\"@type\":\"ListItem\",\"position\":2,\"name\":\"Contatti\"}]},{\"@type\":\"WebSite\",\"@id\":\"https:\\\/\\\/www.bahiametisse.com\\\/it\\\/#website\",\"url\":\"https:\\\/\\\/www.bahiametisse.com\\\/it\\\/\",\"name\":\"Bahia M\u00e9tisse\",\"description\":\"Agence \u00e9cotourisme\",\"potentialAction\":[{\"@type\":\"SearchAction\",\"target\":{\"@type\":\"EntryPoint\",\"urlTemplate\":\"https:\\\/\\\/www.bahiametisse.com\\\/it\\\/?s={search_term_string}\"},\"query-input\":{\"@type\":\"PropertyValueSpecification\",\"valueRequired\":true,\"valueName\":\"search_term_string\"}}],\"inLanguage\":\"it-IT\"}]}<\/script>\n<!-- \/ Yoast SEO plugin. -->","yoast_head_json":{"title":"\u00e9cotourisme au Br\u00e9sil - Contatti - Bahia M\u00e9tisse","description":"Agence r\u00e9ceptive francophone au Br\u00e9sil, agence r\u00e9ceptive francophone \u00e0 Bahia, \u00e9cotourisme au Br\u00e9sil, \u00e9cotourisme \u00e0 Bahia.","robots":{"index":"index","follow":"follow","max-snippet":"max-snippet:-1","max-image-preview":"max-image-preview:large","max-video-preview":"max-video-preview:-1"},"canonical":"https:\/\/www.bahiametisse.com\/it\/contatti\/","og_locale":"it_IT","og_type":"article","og_title":"\u00e9cotourisme au Br\u00e9sil - Contatti - Bahia M\u00e9tisse","og_description":"Agence r\u00e9ceptive francophone au Br\u00e9sil, agence r\u00e9ceptive francophone \u00e0 Bahia, \u00e9cotourisme au Br\u00e9sil, \u00e9cotourisme \u00e0 Bahia.","og_url":"https:\/\/www.bahiametisse.com\/it\/contatti\/","og_site_name":"Bahia M\u00e9tisse","article_modified_time":"2022-04-05T06:36:19+00:00","og_image":[{"width":1266,"height":939,"url":"https:\/\/www.bahiametisse.com\/wp-content\/uploads\/2021\/10\/logo-bahia-metisse-ecotourisme.jpg","type":"image\/jpeg"}],"twitter_card":"summary_large_image","twitter_misc":{"Tempo di lettura stimato":"4 minuti"},"schema":{"@context":"https:\/\/schema.org","@graph":[{"@type":"WebPage","@id":"https:\/\/www.bahiametisse.com\/it\/contatti\/","url":"https:\/\/www.bahiametisse.com\/it\/contatti\/","name":"\u00e9cotourisme au Br\u00e9sil - Contatti - Bahia M\u00e9tisse","isPartOf":{"@id":"https:\/\/www.bahiametisse.com\/it\/#website"},"primaryImageOfPage":{"@id":"https:\/\/www.bahiametisse.com\/it\/contatti\/#primaryimage"},"image":{"@id":"https:\/\/www.bahiametisse.com\/it\/contatti\/#primaryimage"},"thumbnailUrl":"https:\/\/www.bahiametisse.com\/wp-content\/uploads\/2021\/10\/logo-bahia-metisse-ecotourisme.jpg","datePublished":"2021-10-06T19:16:47+00:00","dateModified":"2022-04-05T06:36:19+00:00","description":"Agence r\u00e9ceptive francophone au Br\u00e9sil, agence r\u00e9ceptive francophone \u00e0 Bahia, \u00e9cotourisme au Br\u00e9sil, \u00e9cotourisme \u00e0 Bahia.","breadcrumb":{"@id":"https:\/\/www.bahiametisse.com\/it\/contatti\/#breadcrumb"},"inLanguage":"it-IT","potentialAction":[{"@type":"ReadAction","target":["https:\/\/www.bahiametisse.com\/it\/contatti\/"]}]},{"@type":"ImageObject","inLanguage":"it-IT","@id":"https:\/\/www.bahiametisse.com\/it\/contatti\/#primaryimage","url":"https:\/\/www.bahiametisse.com\/wp-content\/uploads\/2021\/10\/logo-bahia-metisse-ecotourisme.jpg","contentUrl":"https:\/\/www.bahiametisse.com\/wp-content\/uploads\/2021\/10\/logo-bahia-metisse-ecotourisme.jpg","width":1266,"height":939},{"@type":"BreadcrumbList","@id":"https:\/\/www.bahiametisse.com\/it\/contatti\/#breadcrumb","itemListElement":[{"@type":"ListItem","position":1,"name":"Accueil","item":"https:\/\/www.bahiametisse.com\/it\/"},{"@type":"ListItem","position":2,"name":"Contatti"}]},{"@type":"WebSite","@id":"https:\/\/www.bahiametisse.com\/it\/#website","url":"https:\/\/www.bahiametisse.com\/it\/","name":"Bahia M\u00e9tisse","description":"Agence \u00e9cotourisme","potentialAction":[{"@type":"SearchAction","target":{"@type":"EntryPoint","urlTemplate":"https:\/\/www.bahiametisse.com\/it\/?s={search_term_string}"},"query-input":{"@type":"PropertyValueSpecification","valueRequired":true,"valueName":"search_term_string"}}],"inLanguage":"it-IT"}]}},"_links":{"self":[{"href":"https:\/\/www.bahiametisse.com\/it\/wp-json\/wp\/v2\/pages\/906","targetHints":{"allow":["GET"]}}],"collection":[{"href":"https:\/\/www.bahiametisse.com\/it\/wp-json\/wp\/v2\/pages"}],"about":[{"href":"https:\/\/www.bahiametisse.com\/it\/wp-json\/wp\/v2\/types\/page"}],"author":[{"embeddable":true,"href":"https:\/\/www.bahiametisse.com\/it\/wp-json\/wp\/v2\/users\/1"}],"replies":[{"embeddable":true,"href":"https:\/\/www.bahiametisse.com\/it\/wp-json\/wp\/v2\/comments?post=906"}],"version-history":[{"count":32,"href":"https:\/\/www.bahiametisse.com\/it\/wp-json\/wp\/v2\/pages\/906\/revisions"}],"predecessor-version":[{"id":1688,"href":"https:\/\/www.bahiametisse.com\/it\/wp-json\/wp\/v2\/pages\/906\/revisions\/1688"}],"wp:featuredmedia":[{"embeddable":true,"href":"https:\/\/www.bahiametisse.com\/it\/wp-json\/wp\/v2\/media\/761"}],"wp:attachment":[{"href":"https:\/\/www.bahiametisse.com\/it\/wp-json\/wp\/v2\/media?parent=906"}],"curies":[{"name":"wp","href":"https:\/\/api.w.org\/{rel}","templated":true}]}}