{"id":95,"date":"2021-10-06T14:47:32","date_gmt":"2021-10-06T12:47:32","guid":{"rendered":"https:\/\/www.bahiametisse.com\/home\/"},"modified":"2022-03-13T21:33:32","modified_gmt":"2022-03-13T20:33:32","slug":"agence-francophone-bahia","status":"publish","type":"page","link":"https:\/\/www.bahiametisse.com\/it\/","title":{"rendered":"Home"},"content":{"rendered":"<div id='full_slider_1'  class='avia-fullwidth-slider main_color avia-shadow   avia-builder-el-0  el_before_av_one_full  avia-builder-el-first   container_wrap fullsize'  >\n<style type=\"text\/css\" data-created_by=\"avia_inline_auto\" id=\"style-css-av-kuzcins1-5cd924d6d8a1c6cfc19d2bdb8d4bf741\">\n#top #wrap_all .avia-slideshow .av-slideshow-caption.av-kuzcins1-5cd924d6d8a1c6cfc19d2bdb8d4bf741__0 .avia-caption-title{\nfont-size:64px;\n}\n#top .avia-slideshow .av-slideshow-caption.av-kuzcins1-5cd924d6d8a1c6cfc19d2bdb8d4bf741__0 .avia-caption-content{\nfont-size:42px;\n}\n#top .avia-slideshow .av-slideshow-caption.av-kuzcins1-5cd924d6d8a1c6cfc19d2bdb8d4bf741__0 .avia-caption-content p{\nfont-size:42px;\n}\n<\/style>\n<div  class='avia-slideshow av-kuzcins1-5cd924d6d8a1c6cfc19d2bdb8d4bf741 avia-slideshow-featured av_slideshow_full avia-slide-slider av-slideshow-ui av-control-default av-slideshow-manual av-loop-once av-loop-manual-endless av-default-height-applied   avia-slideshow-1' data-slideshow-options=\"{&quot;animation&quot;:&quot;slide&quot;,&quot;autoplay&quot;:false,&quot;loop_autoplay&quot;:&quot;once&quot;,&quot;interval&quot;:5,&quot;loop_manual&quot;:&quot;manual-endless&quot;,&quot;autoplay_stopper&quot;:false,&quot;noNavigation&quot;:false,&quot;bg_slider&quot;:false,&quot;keep_padding&quot;:false,&quot;hoverpause&quot;:false,&quot;show_slide_delay&quot;:0}\"  itemprop=\"image\" itemscope=\"itemscope\" itemtype=\"https:\/\/schema.org\/ImageObject\" ><ul class='avia-slideshow-inner ' style='padding-bottom: 34.677419354839%;'><li  class='avia-slideshow-slide av-kuzcins1-5cd924d6d8a1c6cfc19d2bdb8d4bf741__0  av-single-slide slide-1 slide-odd'><div data-rel='slideshow-1' class='avia-slide-wrap '   ><img decoding=\"async\" fetchpriority=\"high\" class=\"wp-image-718 avia-img-lazy-loading-not-718\"  src=\"https:\/\/www.bahiametisse.com\/wp-content\/uploads\/2021\/10\/Bahia-Metisse-tourisme-responsable-1240x430.jpg\" width=\"1240\" height=\"430\" title='Bahia-Metisse-tourisme-responsable' alt='Bahia M\u00e9tisse - agence francophone Bahia'  itemprop=\"thumbnailUrl\"   \/><\/div><\/li><\/ul><\/div><\/div><div id='after_full_slider_1'  class='main_color av_default_container_wrap container_wrap fullsize'  ><div class='container av-section-cont-open' ><div class='template-page content  av-content-full alpha units'><div class='post-entry post-entry-type-page post-entry-95'><div class='entry-content-wrapper clearfix'>\n<div  class='flex_column av-3iwy-49cd48d15f765d86f580e0fa29b6d618 av_one_full  avia-builder-el-1  el_after_av_slideshow_full  avia-builder-el-no-sibling  first flex_column_div  '     ><p>\n<style type=\"text\/css\" data-created_by=\"avia_inline_auto\" id=\"style-css-av-kuwr7bpe-eb79ae192b98ff1b308f1bf7a0318dba\">\n#top .av-special-heading.av-kuwr7bpe-eb79ae192b98ff1b308f1bf7a0318dba{\npadding-bottom:10px;\n}\nbody .av-special-heading.av-kuwr7bpe-eb79ae192b98ff1b308f1bf7a0318dba .av-special-heading-tag .heading-char{\nfont-size:25px;\n}\n.av-special-heading.av-kuwr7bpe-eb79ae192b98ff1b308f1bf7a0318dba .av-subheading{\nfont-size:15px;\n}\n<\/style>\n<div  class='av-special-heading av-kuwr7bpe-eb79ae192b98ff1b308f1bf7a0318dba av-special-heading-h1 blockquote modern-quote modern-centered  avia-builder-el-2  el_before_av_textblock  avia-builder-el-first '><h1 class='av-special-heading-tag'  itemprop=\"headline\"  >Bahia M\u00e9tisse<\/h1><div class='av-subheading av-subheading_below'><p>Un turismo risposabile<\/p>\n<\/div><div class=\"special-heading-border\"><div class=\"special-heading-inner-border\"><\/div><\/div><\/div><br \/>\n<section  class='av_textblock_section av-kuwr7xs5-5911fcd59e3d1f1b1fab60dcc3eec45b '   itemscope=\"itemscope\" itemtype=\"https:\/\/schema.org\/CreativeWork\" ><div class='avia_textblock'  itemprop=\"text\" ><blockquote>\n<p>Bahia Metisse \u00e8 un\u2019agenzia di viaggio e turismo situata dal 2011 nel quartiere di Santo Antonio, localizzato nel Centro storico di Salvador.<\/p>\n<p>Bahia Metisse si associa a BahiaB Ecoturismo e propone ormai molteplici destinazioni in Brasile: Lo stato di Rio de Janeiro, Le cascate di Iguazu, L\u2019Amazzonia, Il deserto dei Len\u00e7ois Maranheses\u2026 senza dimenticare la nostra bella, diversa et meticcia Bahia di Tutti i Santi.<\/p>\n<p>Le due agenzie difendono gli stessi valori : qualit\u00e0, disponibilit\u00e0, convivialit\u00e0 e rispetto delle popolazioni locali e dell\u2019ambiente. Cristina, Lola, Sylvain e Nicolas sono a vostra disposizione per proporvi dei soggiorni compatibili con le vostre esigenze.<\/p>\n<p>\u201cBrasilian e baianamente\u201d siamo a vostra disposizione e a presto!<\/p>\n<\/blockquote>\n<h3>Nicolas<\/h3>\n<\/div><\/section><\/p><\/div>\n","protected":false},"excerpt":{"rendered":"","protected":false},"author":1,"featured_media":718,"parent":0,"menu_order":0,"comment_status":"closed","ping_status":"closed","template":"","meta":{"footnotes":""},"class_list":["post-95","page","type-page","status-publish","has-post-thumbnail","hentry"],"yoast_head":"<!-- This site is optimized with the Yoast SEO plugin v27.5 - https:\/\/yoast.com\/product\/yoast-seo-wordpress\/ -->\n<title>Un turismo risposabile - Agenzia di viaggio e turismo - Bahia M\u00e9tisse<\/title>\n<meta name=\"description\" content=\"Bahia Metisse \u00e8 un\u2019agenzia di viaggio e turismo risposabile situata dal 2011, localizzato nel Centro storico di Salvador.\" \/>\n<meta name=\"robots\" content=\"index, follow, max-snippet:-1, max-image-preview:large, max-video-preview:-1\" \/>\n<link rel=\"canonical\" href=\"https:\/\/www.bahiametisse.com\/it\/\" \/>\n<meta property=\"og:locale\" content=\"it_IT\" \/>\n<meta property=\"og:type\" content=\"article\" \/>\n<meta property=\"og:title\" content=\"Un turismo risposabile - Agenzia di viaggio e turismo - Bahia M\u00e9tisse\" \/>\n<meta property=\"og:description\" content=\"Bahia Metisse \u00e8 un\u2019agenzia di viaggio e turismo risposabile situata dal 2011, localizzato nel Centro storico di Salvador.\" \/>\n<meta property=\"og:url\" content=\"https:\/\/www.bahiametisse.com\/it\/\" \/>\n<meta property=\"og:site_name\" content=\"Bahia M\u00e9tisse\" \/>\n<meta property=\"article:modified_time\" content=\"2022-03-13T20:33:32+00:00\" \/>\n<meta property=\"og:image\" content=\"https:\/\/www.bahiametisse.com\/wp-content\/uploads\/2021\/10\/Bahia-Metisse-tourisme-responsable.jpg\" \/>\n\t<meta property=\"og:image:width\" content=\"1240\" \/>\n\t<meta property=\"og:image:height\" content=\"824\" \/>\n\t<meta property=\"og:image:type\" content=\"image\/jpeg\" \/>\n<meta name=\"twitter:card\" content=\"summary_large_image\" \/>\n<meta name=\"twitter:label1\" content=\"Tempo di lettura stimato\" \/>\n\t<meta name=\"twitter:data1\" content=\"2 minuti\" \/>\n<script type=\"application\/ld+json\" class=\"yoast-schema-graph\">{\"@context\":\"https:\\\/\\\/schema.org\",\"@graph\":[{\"@type\":\"WebPage\",\"@id\":\"https:\\\/\\\/www.bahiametisse.com\\\/it\\\/\",\"url\":\"https:\\\/\\\/www.bahiametisse.com\\\/it\\\/\",\"name\":\"Un turismo risposabile - Agenzia di viaggio e turismo - Bahia M\u00e9tisse\",\"isPartOf\":{\"@id\":\"https:\\\/\\\/www.bahiametisse.com\\\/it\\\/#website\"},\"primaryImageOfPage\":{\"@id\":\"https:\\\/\\\/www.bahiametisse.com\\\/it\\\/#primaryimage\"},\"image\":{\"@id\":\"https:\\\/\\\/www.bahiametisse.com\\\/it\\\/#primaryimage\"},\"thumbnailUrl\":\"https:\\\/\\\/www.bahiametisse.com\\\/wp-content\\\/uploads\\\/2021\\\/10\\\/Bahia-Metisse-tourisme-responsable.jpg\",\"datePublished\":\"2021-10-06T12:47:32+00:00\",\"dateModified\":\"2022-03-13T20:33:32+00:00\",\"description\":\"Bahia Metisse \u00e8 un\u2019agenzia di viaggio e turismo risposabile situata dal 2011, localizzato nel Centro storico di Salvador.\",\"breadcrumb\":{\"@id\":\"https:\\\/\\\/www.bahiametisse.com\\\/it\\\/#breadcrumb\"},\"inLanguage\":\"it-IT\",\"potentialAction\":[{\"@type\":\"ReadAction\",\"target\":[\"https:\\\/\\\/www.bahiametisse.com\\\/it\\\/\"]}]},{\"@type\":\"ImageObject\",\"inLanguage\":\"it-IT\",\"@id\":\"https:\\\/\\\/www.bahiametisse.com\\\/it\\\/#primaryimage\",\"url\":\"https:\\\/\\\/www.bahiametisse.com\\\/wp-content\\\/uploads\\\/2021\\\/10\\\/Bahia-Metisse-tourisme-responsable.jpg\",\"contentUrl\":\"https:\\\/\\\/www.bahiametisse.com\\\/wp-content\\\/uploads\\\/2021\\\/10\\\/Bahia-Metisse-tourisme-responsable.jpg\",\"width\":1240,\"height\":824,\"caption\":\"Bahia M\u00e9tisse - agence francophone Bahia\"},{\"@type\":\"BreadcrumbList\",\"@id\":\"https:\\\/\\\/www.bahiametisse.com\\\/it\\\/#breadcrumb\",\"itemListElement\":[{\"@type\":\"ListItem\",\"position\":1,\"name\":\"Accueil\",\"item\":\"https:\\\/\\\/www.bahiametisse.com\\\/it\\\/\"},{\"@type\":\"ListItem\",\"position\":2,\"name\":\"Home\"}]},{\"@type\":\"WebSite\",\"@id\":\"https:\\\/\\\/www.bahiametisse.com\\\/it\\\/#website\",\"url\":\"https:\\\/\\\/www.bahiametisse.com\\\/it\\\/\",\"name\":\"Bahia M\u00e9tisse\",\"description\":\"Agence \u00e9cotourisme\",\"potentialAction\":[{\"@type\":\"SearchAction\",\"target\":{\"@type\":\"EntryPoint\",\"urlTemplate\":\"https:\\\/\\\/www.bahiametisse.com\\\/it\\\/?s={search_term_string}\"},\"query-input\":{\"@type\":\"PropertyValueSpecification\",\"valueRequired\":true,\"valueName\":\"search_term_string\"}}],\"inLanguage\":\"it-IT\"}]}<\/script>\n<!-- \/ Yoast SEO plugin. -->","yoast_head_json":{"title":"Un turismo risposabile - Agenzia di viaggio e turismo - Bahia M\u00e9tisse","description":"Bahia Metisse \u00e8 un\u2019agenzia di viaggio e turismo risposabile situata dal 2011, localizzato nel Centro storico di Salvador.","robots":{"index":"index","follow":"follow","max-snippet":"max-snippet:-1","max-image-preview":"max-image-preview:large","max-video-preview":"max-video-preview:-1"},"canonical":"https:\/\/www.bahiametisse.com\/it\/","og_locale":"it_IT","og_type":"article","og_title":"Un turismo risposabile - Agenzia di viaggio e turismo - Bahia M\u00e9tisse","og_description":"Bahia Metisse \u00e8 un\u2019agenzia di viaggio e turismo risposabile situata dal 2011, localizzato nel Centro storico di Salvador.","og_url":"https:\/\/www.bahiametisse.com\/it\/","og_site_name":"Bahia M\u00e9tisse","article_modified_time":"2022-03-13T20:33:32+00:00","og_image":[{"width":1240,"height":824,"url":"https:\/\/www.bahiametisse.com\/wp-content\/uploads\/2021\/10\/Bahia-Metisse-tourisme-responsable.jpg","type":"image\/jpeg"}],"twitter_card":"summary_large_image","twitter_misc":{"Tempo di lettura stimato":"2 minuti"},"schema":{"@context":"https:\/\/schema.org","@graph":[{"@type":"WebPage","@id":"https:\/\/www.bahiametisse.com\/it\/","url":"https:\/\/www.bahiametisse.com\/it\/","name":"Un turismo risposabile - Agenzia di viaggio e turismo - Bahia M\u00e9tisse","isPartOf":{"@id":"https:\/\/www.bahiametisse.com\/it\/#website"},"primaryImageOfPage":{"@id":"https:\/\/www.bahiametisse.com\/it\/#primaryimage"},"image":{"@id":"https:\/\/www.bahiametisse.com\/it\/#primaryimage"},"thumbnailUrl":"https:\/\/www.bahiametisse.com\/wp-content\/uploads\/2021\/10\/Bahia-Metisse-tourisme-responsable.jpg","datePublished":"2021-10-06T12:47:32+00:00","dateModified":"2022-03-13T20:33:32+00:00","description":"Bahia Metisse \u00e8 un\u2019agenzia di viaggio e turismo risposabile situata dal 2011, localizzato nel Centro storico di Salvador.","breadcrumb":{"@id":"https:\/\/www.bahiametisse.com\/it\/#breadcrumb"},"inLanguage":"it-IT","potentialAction":[{"@type":"ReadAction","target":["https:\/\/www.bahiametisse.com\/it\/"]}]},{"@type":"ImageObject","inLanguage":"it-IT","@id":"https:\/\/www.bahiametisse.com\/it\/#primaryimage","url":"https:\/\/www.bahiametisse.com\/wp-content\/uploads\/2021\/10\/Bahia-Metisse-tourisme-responsable.jpg","contentUrl":"https:\/\/www.bahiametisse.com\/wp-content\/uploads\/2021\/10\/Bahia-Metisse-tourisme-responsable.jpg","width":1240,"height":824,"caption":"Bahia M\u00e9tisse - agence francophone Bahia"},{"@type":"BreadcrumbList","@id":"https:\/\/www.bahiametisse.com\/it\/#breadcrumb","itemListElement":[{"@type":"ListItem","position":1,"name":"Accueil","item":"https:\/\/www.bahiametisse.com\/it\/"},{"@type":"ListItem","position":2,"name":"Home"}]},{"@type":"WebSite","@id":"https:\/\/www.bahiametisse.com\/it\/#website","url":"https:\/\/www.bahiametisse.com\/it\/","name":"Bahia M\u00e9tisse","description":"Agence \u00e9cotourisme","potentialAction":[{"@type":"SearchAction","target":{"@type":"EntryPoint","urlTemplate":"https:\/\/www.bahiametisse.com\/it\/?s={search_term_string}"},"query-input":{"@type":"PropertyValueSpecification","valueRequired":true,"valueName":"search_term_string"}}],"inLanguage":"it-IT"}]}},"_links":{"self":[{"href":"https:\/\/www.bahiametisse.com\/it\/wp-json\/wp\/v2\/pages\/95","targetHints":{"allow":["GET"]}}],"collection":[{"href":"https:\/\/www.bahiametisse.com\/it\/wp-json\/wp\/v2\/pages"}],"about":[{"href":"https:\/\/www.bahiametisse.com\/it\/wp-json\/wp\/v2\/types\/page"}],"author":[{"embeddable":true,"href":"https:\/\/www.bahiametisse.com\/it\/wp-json\/wp\/v2\/users\/1"}],"replies":[{"embeddable":true,"href":"https:\/\/www.bahiametisse.com\/it\/wp-json\/wp\/v2\/comments?post=95"}],"version-history":[{"count":13,"href":"https:\/\/www.bahiametisse.com\/it\/wp-json\/wp\/v2\/pages\/95\/revisions"}],"predecessor-version":[{"id":1401,"href":"https:\/\/www.bahiametisse.com\/it\/wp-json\/wp\/v2\/pages\/95\/revisions\/1401"}],"wp:featuredmedia":[{"embeddable":true,"href":"https:\/\/www.bahiametisse.com\/it\/wp-json\/wp\/v2\/media\/718"}],"wp:attachment":[{"href":"https:\/\/www.bahiametisse.com\/it\/wp-json\/wp\/v2\/media?parent=95"}],"curies":[{"name":"wp","href":"https:\/\/api.w.org\/{rel}","templated":true}]}}