{"id":72,"date":"2021-10-06T21:14:27","date_gmt":"2021-10-06T19:14:27","guid":{"rendered":"https:\/\/www.bahiametisse.com\/bahia-metisse\/"},"modified":"2022-02-27T18:08:55","modified_gmt":"2022-02-27T17:08:55","slug":"tourisme-durable-a-bahia","status":"publish","type":"page","link":"https:\/\/www.bahiametisse.com\/pt-br\/tourisme-durable-a-bahia\/","title":{"rendered":"Bahia M\u00e9tisse"},"content":{"rendered":"<div id='full_slider_1'  class='avia-fullwidth-slider main_color avia-shadow   avia-builder-el-0  el_before_av_heading  avia-builder-el-first   container_wrap fullsize'  ><div  class='avia-slideshow av-kuwu1rlv-608e86dfee55733feba80a727ff17e67 avia-slideshow-featured av_slideshow_full avia-slide-slider av-slideshow-ui av-control-default av-slideshow-manual av-loop-once av-loop-manual-endless av-default-height-applied   avia-slideshow-1' data-slideshow-options=\"{&quot;animation&quot;:&quot;slide&quot;,&quot;autoplay&quot;:false,&quot;loop_autoplay&quot;:&quot;once&quot;,&quot;interval&quot;:5,&quot;loop_manual&quot;:&quot;manual-endless&quot;,&quot;autoplay_stopper&quot;:false,&quot;noNavigation&quot;:false,&quot;bg_slider&quot;:false,&quot;keep_padding&quot;:false,&quot;hoverpause&quot;:false,&quot;show_slide_delay&quot;:0}\"  itemprop=\"image\" itemscope=\"itemscope\" itemtype=\"https:\/\/schema.org\/ImageObject\" ><ul class='avia-slideshow-inner ' style='padding-bottom: 34.677419354839%;'><li  class='avia-slideshow-slide av-kuwu1rlv-608e86dfee55733feba80a727ff17e67__0  av-single-slide slide-1 slide-odd'><div data-rel='slideshow-1' class='avia-slide-wrap '   ><img decoding=\"async\" fetchpriority=\"high\" class=\"wp-image-145 avia-img-lazy-loading-not-145\"  src=\"https:\/\/www.bahiametisse.com\/wp-content\/uploads\/2021\/10\/Bahia-Metisse-1240x430.jpg\" width=\"1240\" height=\"430\" title='Bahia-Metisse' alt='Tourisme durable \u00e0 Bahia'  itemprop=\"thumbnailUrl\"   \/><\/div><\/li><\/ul><\/div><\/div><div id='after_full_slider_1'  class='main_color av_default_container_wrap container_wrap fullsize'  ><div class='container av-section-cont-open' ><div class='template-page content  av-content-full alpha units'><div class='post-entry post-entry-type-page post-entry-72'><div class='entry-content-wrapper clearfix'>\n\n<style type=\"text\/css\" data-created_by=\"avia_inline_auto\" id=\"style-css-av-kuwtlzdu-72e72c8f69facec909ce8d04ff371fff\">\n#top .av-special-heading.av-kuwtlzdu-72e72c8f69facec909ce8d04ff371fff{\npadding-bottom:10px;\n}\nbody .av-special-heading.av-kuwtlzdu-72e72c8f69facec909ce8d04ff371fff .av-special-heading-tag .heading-char{\nfont-size:25px;\n}\n.av-special-heading.av-kuwtlzdu-72e72c8f69facec909ce8d04ff371fff .av-subheading{\nfont-size:15px;\n}\n<\/style>\n<div  class='av-special-heading av-kuwtlzdu-72e72c8f69facec909ce8d04ff371fff av-special-heading-h1 blockquote modern-quote  avia-builder-el-1  el_after_av_slideshow_full  el_before_av_heading  avia-builder-el-first '><h1 class='av-special-heading-tag'  itemprop=\"headline\"  >S\u00e9jour \u00e9co responsable<\/h1><div class=\"special-heading-border\"><div class=\"special-heading-inner-border\"><\/div><\/div><\/div>\n\n<style type=\"text\/css\" data-created_by=\"avia_inline_auto\" id=\"style-css-av-kuwtndq1-810e644df7a0debce263b036388f136b\">\n#top .av-special-heading.av-kuwtndq1-810e644df7a0debce263b036388f136b{\npadding-bottom:10px;\n}\nbody .av-special-heading.av-kuwtndq1-810e644df7a0debce263b036388f136b .av-special-heading-tag .heading-char{\nfont-size:25px;\n}\n.av-special-heading.av-kuwtndq1-810e644df7a0debce263b036388f136b .av-subheading{\nfont-size:15px;\n}\n<\/style>\n<div  class='av-special-heading av-kuwtndq1-810e644df7a0debce263b036388f136b av-special-heading-h2 blockquote modern-quote  avia-builder-el-2  el_after_av_heading  el_before_av_textblock '><h2 class='av-special-heading-tag'  itemprop=\"headline\"  >Agence francophone pour un tourisme durable \u00e0 Bahia<\/h2><div class=\"special-heading-border\"><div class=\"special-heading-inner-border\"><\/div><\/div><\/div>\n<section  class='av_textblock_section av-kuwtljq5-ac350d3038e9f6a28fc6bafe3f268938 '   itemscope=\"itemscope\" itemtype=\"https:\/\/schema.org\/CreativeWork\" ><div class='avia_textblock'  itemprop=\"text\" ><p>Nous proposons des <a href=\"https:\/\/www.geo.fr\/voyage\/quest-ce-que-le-tourisme-responsable-193843\" target=\"_blank\" rel=\"noopener\">s\u00e9jours responsables<\/a> dans des r\u00e9gions naturelles.\u00a0Notre but est de pr\u00e9server l\u2019environnement.<\/p>\n<p>Promouvoir le bien-\u00eatre des populations locales\u00a0pour un <a href=\"https:\/\/www.bahiametisse.com\/tours-et-services-bahia\/\">tourisme durable \u00e0 Bahia<\/a>.<\/p>\n<\/div><\/section>\n\n<style type=\"text\/css\" data-created_by=\"avia_inline_auto\" id=\"style-css-av-kuwtp0k4-ed713476d13d0250a8bd0cd9e229bc54\">\n#top .av-special-heading.av-kuwtp0k4-ed713476d13d0250a8bd0cd9e229bc54{\npadding-bottom:10px;\n}\nbody .av-special-heading.av-kuwtp0k4-ed713476d13d0250a8bd0cd9e229bc54 .av-special-heading-tag .heading-char{\nfont-size:25px;\n}\n.av-special-heading.av-kuwtp0k4-ed713476d13d0250a8bd0cd9e229bc54 .av-subheading{\nfont-size:15px;\n}\n<\/style>\n<div  class='av-special-heading av-kuwtp0k4-ed713476d13d0250a8bd0cd9e229bc54 av-special-heading-h2 blockquote modern-quote  avia-builder-el-4  el_after_av_textblock  el_before_av_textblock  av-linked-heading'><h2 class='av-special-heading-tag'  itemprop=\"headline\"  ><a class=\"av-heading-link\" href=\"https:\/\/fr.wikipedia.org\/wiki\/Agence_r%C3%A9ceptive\" target=\"_blank\" rel=\"noopener noreferrer\">Nos engagements pour l\u2019authenticit\u00e9 et la pr\u00e9servation de l\u2019environnement<\/a><\/h2><div class=\"special-heading-border\"><div class=\"special-heading-inner-border\"><\/div><\/div><\/div>\n<section  class='av_textblock_section av-kuwto2ub-17d480a4853ffe51b54d7ba564e9eb64 '   itemscope=\"itemscope\" itemtype=\"https:\/\/schema.org\/CreativeWork\" ><div class='avia_textblock'  itemprop=\"text\" ><ul>\n<li>Le d\u00e9veloppement \u00e9conomique et \u00e9panouissement des populations locales.<\/li>\n<li>Nous privil\u00e9gions les contacts directs avec les commer\u00e7ants locaux avec lesquels nous travaillons en partenariat.<\/li>\n<li>La pr\u00e9servation \u00e0 long terme des ressources naturelles, culturelles et sociales (tourisme durable).<\/li>\n<li>Tous nos tours ont \u00e9t\u00e9 \u00e9labor\u00e9s pour permettre aux visiteurs de faire des rencontres authentiques avec les <a href=\"https:\/\/www.universalis.fr\/dictionnaire\/bahianais\/\" target=\"_blank\" rel=\"noopener\">bahianais<\/a>.<br \/>\nConna\u00eetre leur culture et participer \u00e0 leur quotidien dans un esprit de partage et de respect.<\/li>\n<\/ul>\n<\/div><\/section>\n\n<style type=\"text\/css\" data-created_by=\"avia_inline_auto\" id=\"style-css-av-kuwwf4ak-aaeff47dbeff8b215c32d2efd1bc7de2\">\n#top .hr.hr-invisible.av-kuwwf4ak-aaeff47dbeff8b215c32d2efd1bc7de2{\nheight:70px;\n}\n<\/style>\n<div  class='hr av-kuwwf4ak-aaeff47dbeff8b215c32d2efd1bc7de2 hr-invisible  avia-builder-el-6  el_after_av_textblock  el_before_av_textblock '><span class='hr-inner '><span class=\"hr-inner-style\"><\/span><\/span><\/div>\n<section  class='av_textblock_section av-kuwwef3z-1d031ff129b823063762e3c27afa09bb '   itemscope=\"itemscope\" itemtype=\"https:\/\/schema.org\/CreativeWork\" ><div class='avia_textblock'  itemprop=\"text\" ><blockquote>\n<div>Favoriser l\u2019utilisation et l\u2019appr\u00e9ciation des ressources par les visiteurs, prot\u00e9ger leur originalit\u00e9 et leur attrait pour les g\u00e9n\u00e9rations futures sont consid\u00e9r\u00e9s comme les seuls moyens de d\u00e9velopper le tourisme ou les activit\u00e9s de loisir d\u2019une mani\u00e8re durable.<\/div>\n<\/blockquote>\n<div>\n<h3>Doris Ruschmann\u00a0\u2013 Economiste, S\u00e3o Paulo, Brasil<\/h3>\n<\/div>\n<\/div><\/section>\n","protected":false},"excerpt":{"rendered":"","protected":false},"author":1,"featured_media":145,"parent":0,"menu_order":10,"comment_status":"closed","ping_status":"closed","template":"","meta":{"footnotes":""},"class_list":["post-72","page","type-page","status-publish","has-post-thumbnail","hentry"],"yoast_head":"<!-- This site is optimized with the Yoast SEO plugin v27.5 - https:\/\/yoast.com\/product\/yoast-seo-wordpress\/ -->\n<title>Tourisme durable \u00e0 Bahia S\u00e9jour \u00e9co responsable \u00e0 Bahia - Bahia M\u00e9tisse<\/title>\n<meta name=\"description\" content=\"Tourisme durable \u00e0 Bahia, s\u00e9jour \u00e9co responsable avec une agence francophone engag\u00e9e dans l&#039;auhtentique et la pr\u00e9servation de l\u2019environnement\" \/>\n<meta name=\"robots\" content=\"index, follow, max-snippet:-1, max-image-preview:large, max-video-preview:-1\" \/>\n<link rel=\"canonical\" href=\"https:\/\/www.bahiametisse.com\/pt-br\/tourisme-durable-a-bahia\/\" \/>\n<meta property=\"og:locale\" content=\"pt_BR\" \/>\n<meta property=\"og:type\" content=\"article\" \/>\n<meta property=\"og:title\" content=\"Tourisme durable \u00e0 Bahia S\u00e9jour \u00e9co responsable \u00e0 Bahia - Bahia M\u00e9tisse\" \/>\n<meta property=\"og:description\" content=\"Tourisme durable \u00e0 Bahia, s\u00e9jour \u00e9co responsable avec une agence francophone engag\u00e9e dans l&#039;auhtentique et la pr\u00e9servation de l\u2019environnement\" \/>\n<meta property=\"og:url\" content=\"https:\/\/www.bahiametisse.com\/pt-br\/tourisme-durable-a-bahia\/\" \/>\n<meta property=\"og:site_name\" content=\"Bahia M\u00e9tisse\" \/>\n<meta property=\"article:modified_time\" content=\"2022-02-27T17:08:55+00:00\" \/>\n<meta property=\"og:image\" content=\"https:\/\/www.bahiametisse.com\/wp-content\/uploads\/2021\/10\/Bahia-Metisse.jpg\" \/>\n\t<meta property=\"og:image:width\" content=\"1240\" \/>\n\t<meta property=\"og:image:height\" content=\"606\" \/>\n\t<meta property=\"og:image:type\" content=\"image\/jpeg\" \/>\n<meta name=\"twitter:card\" content=\"summary_large_image\" \/>\n<meta name=\"twitter:label1\" content=\"Est. tempo de leitura\" \/>\n\t<meta name=\"twitter:data1\" content=\"4 minutos\" \/>\n<script type=\"application\/ld+json\" class=\"yoast-schema-graph\">{\"@context\":\"https:\\\/\\\/schema.org\",\"@graph\":[{\"@type\":\"WebPage\",\"@id\":\"https:\\\/\\\/www.bahiametisse.com\\\/pt-br\\\/tourisme-durable-a-bahia\\\/\",\"url\":\"https:\\\/\\\/www.bahiametisse.com\\\/pt-br\\\/tourisme-durable-a-bahia\\\/\",\"name\":\"Tourisme durable \u00e0 Bahia S\u00e9jour \u00e9co responsable \u00e0 Bahia - Bahia M\u00e9tisse\",\"isPartOf\":{\"@id\":\"https:\\\/\\\/www.bahiametisse.com\\\/pt-br\\\/#website\"},\"primaryImageOfPage\":{\"@id\":\"https:\\\/\\\/www.bahiametisse.com\\\/pt-br\\\/tourisme-durable-a-bahia\\\/#primaryimage\"},\"image\":{\"@id\":\"https:\\\/\\\/www.bahiametisse.com\\\/pt-br\\\/tourisme-durable-a-bahia\\\/#primaryimage\"},\"thumbnailUrl\":\"https:\\\/\\\/www.bahiametisse.com\\\/wp-content\\\/uploads\\\/2021\\\/10\\\/Bahia-Metisse.jpg\",\"datePublished\":\"2021-10-06T19:14:27+00:00\",\"dateModified\":\"2022-02-27T17:08:55+00:00\",\"description\":\"Tourisme durable \u00e0 Bahia, s\u00e9jour \u00e9co responsable avec une agence francophone engag\u00e9e dans l'auhtentique et la pr\u00e9servation de l\u2019environnement\",\"breadcrumb\":{\"@id\":\"https:\\\/\\\/www.bahiametisse.com\\\/pt-br\\\/tourisme-durable-a-bahia\\\/#breadcrumb\"},\"inLanguage\":\"pt-BR\",\"potentialAction\":[{\"@type\":\"ReadAction\",\"target\":[\"https:\\\/\\\/www.bahiametisse.com\\\/pt-br\\\/tourisme-durable-a-bahia\\\/\"]}]},{\"@type\":\"ImageObject\",\"inLanguage\":\"pt-BR\",\"@id\":\"https:\\\/\\\/www.bahiametisse.com\\\/pt-br\\\/tourisme-durable-a-bahia\\\/#primaryimage\",\"url\":\"https:\\\/\\\/www.bahiametisse.com\\\/wp-content\\\/uploads\\\/2021\\\/10\\\/Bahia-Metisse.jpg\",\"contentUrl\":\"https:\\\/\\\/www.bahiametisse.com\\\/wp-content\\\/uploads\\\/2021\\\/10\\\/Bahia-Metisse.jpg\",\"width\":1240,\"height\":606,\"caption\":\"Tourisme durable \u00e0 Bahia\"},{\"@type\":\"BreadcrumbList\",\"@id\":\"https:\\\/\\\/www.bahiametisse.com\\\/pt-br\\\/tourisme-durable-a-bahia\\\/#breadcrumb\",\"itemListElement\":[{\"@type\":\"ListItem\",\"position\":1,\"name\":\"Accueil\",\"item\":\"https:\\\/\\\/www.bahiametisse.com\\\/pt-br\\\/?lang=pt-br\"},{\"@type\":\"ListItem\",\"position\":2,\"name\":\"Bahia M\u00e9tisse\"}]},{\"@type\":\"WebSite\",\"@id\":\"https:\\\/\\\/www.bahiametisse.com\\\/pt-br\\\/#website\",\"url\":\"https:\\\/\\\/www.bahiametisse.com\\\/pt-br\\\/\",\"name\":\"Bahia M\u00e9tisse\",\"description\":\"Agence \u00e9cotourisme\",\"potentialAction\":[{\"@type\":\"SearchAction\",\"target\":{\"@type\":\"EntryPoint\",\"urlTemplate\":\"https:\\\/\\\/www.bahiametisse.com\\\/pt-br\\\/?s={search_term_string}\"},\"query-input\":{\"@type\":\"PropertyValueSpecification\",\"valueRequired\":true,\"valueName\":\"search_term_string\"}}],\"inLanguage\":\"pt-BR\"}]}<\/script>\n<!-- \/ Yoast SEO plugin. -->","yoast_head_json":{"title":"Tourisme durable \u00e0 Bahia S\u00e9jour \u00e9co responsable \u00e0 Bahia - Bahia M\u00e9tisse","description":"Tourisme durable \u00e0 Bahia, s\u00e9jour \u00e9co responsable avec une agence francophone engag\u00e9e dans l'auhtentique et la pr\u00e9servation de l\u2019environnement","robots":{"index":"index","follow":"follow","max-snippet":"max-snippet:-1","max-image-preview":"max-image-preview:large","max-video-preview":"max-video-preview:-1"},"canonical":"https:\/\/www.bahiametisse.com\/pt-br\/tourisme-durable-a-bahia\/","og_locale":"pt_BR","og_type":"article","og_title":"Tourisme durable \u00e0 Bahia S\u00e9jour \u00e9co responsable \u00e0 Bahia - Bahia M\u00e9tisse","og_description":"Tourisme durable \u00e0 Bahia, s\u00e9jour \u00e9co responsable avec une agence francophone engag\u00e9e dans l'auhtentique et la pr\u00e9servation de l\u2019environnement","og_url":"https:\/\/www.bahiametisse.com\/pt-br\/tourisme-durable-a-bahia\/","og_site_name":"Bahia M\u00e9tisse","article_modified_time":"2022-02-27T17:08:55+00:00","og_image":[{"width":1240,"height":606,"url":"https:\/\/www.bahiametisse.com\/wp-content\/uploads\/2021\/10\/Bahia-Metisse.jpg","type":"image\/jpeg"}],"twitter_card":"summary_large_image","twitter_misc":{"Est. tempo de leitura":"4 minutos"},"schema":{"@context":"https:\/\/schema.org","@graph":[{"@type":"WebPage","@id":"https:\/\/www.bahiametisse.com\/pt-br\/tourisme-durable-a-bahia\/","url":"https:\/\/www.bahiametisse.com\/pt-br\/tourisme-durable-a-bahia\/","name":"Tourisme durable \u00e0 Bahia S\u00e9jour \u00e9co responsable \u00e0 Bahia - Bahia M\u00e9tisse","isPartOf":{"@id":"https:\/\/www.bahiametisse.com\/pt-br\/#website"},"primaryImageOfPage":{"@id":"https:\/\/www.bahiametisse.com\/pt-br\/tourisme-durable-a-bahia\/#primaryimage"},"image":{"@id":"https:\/\/www.bahiametisse.com\/pt-br\/tourisme-durable-a-bahia\/#primaryimage"},"thumbnailUrl":"https:\/\/www.bahiametisse.com\/wp-content\/uploads\/2021\/10\/Bahia-Metisse.jpg","datePublished":"2021-10-06T19:14:27+00:00","dateModified":"2022-02-27T17:08:55+00:00","description":"Tourisme durable \u00e0 Bahia, s\u00e9jour \u00e9co responsable avec une agence francophone engag\u00e9e dans l'auhtentique et la pr\u00e9servation de l\u2019environnement","breadcrumb":{"@id":"https:\/\/www.bahiametisse.com\/pt-br\/tourisme-durable-a-bahia\/#breadcrumb"},"inLanguage":"pt-BR","potentialAction":[{"@type":"ReadAction","target":["https:\/\/www.bahiametisse.com\/pt-br\/tourisme-durable-a-bahia\/"]}]},{"@type":"ImageObject","inLanguage":"pt-BR","@id":"https:\/\/www.bahiametisse.com\/pt-br\/tourisme-durable-a-bahia\/#primaryimage","url":"https:\/\/www.bahiametisse.com\/wp-content\/uploads\/2021\/10\/Bahia-Metisse.jpg","contentUrl":"https:\/\/www.bahiametisse.com\/wp-content\/uploads\/2021\/10\/Bahia-Metisse.jpg","width":1240,"height":606,"caption":"Tourisme durable \u00e0 Bahia"},{"@type":"BreadcrumbList","@id":"https:\/\/www.bahiametisse.com\/pt-br\/tourisme-durable-a-bahia\/#breadcrumb","itemListElement":[{"@type":"ListItem","position":1,"name":"Accueil","item":"https:\/\/www.bahiametisse.com\/pt-br\/?lang=pt-br"},{"@type":"ListItem","position":2,"name":"Bahia M\u00e9tisse"}]},{"@type":"WebSite","@id":"https:\/\/www.bahiametisse.com\/pt-br\/#website","url":"https:\/\/www.bahiametisse.com\/pt-br\/","name":"Bahia M\u00e9tisse","description":"Agence \u00e9cotourisme","potentialAction":[{"@type":"SearchAction","target":{"@type":"EntryPoint","urlTemplate":"https:\/\/www.bahiametisse.com\/pt-br\/?s={search_term_string}"},"query-input":{"@type":"PropertyValueSpecification","valueRequired":true,"valueName":"search_term_string"}}],"inLanguage":"pt-BR"}]}},"_links":{"self":[{"href":"https:\/\/www.bahiametisse.com\/pt-br\/wp-json\/wp\/v2\/pages\/72","targetHints":{"allow":["GET"]}}],"collection":[{"href":"https:\/\/www.bahiametisse.com\/pt-br\/wp-json\/wp\/v2\/pages"}],"about":[{"href":"https:\/\/www.bahiametisse.com\/pt-br\/wp-json\/wp\/v2\/types\/page"}],"author":[{"embeddable":true,"href":"https:\/\/www.bahiametisse.com\/pt-br\/wp-json\/wp\/v2\/users\/1"}],"replies":[{"embeddable":true,"href":"https:\/\/www.bahiametisse.com\/pt-br\/wp-json\/wp\/v2\/comments?post=72"}],"version-history":[{"count":57,"href":"https:\/\/www.bahiametisse.com\/pt-br\/wp-json\/wp\/v2\/pages\/72\/revisions"}],"predecessor-version":[{"id":1351,"href":"https:\/\/www.bahiametisse.com\/pt-br\/wp-json\/wp\/v2\/pages\/72\/revisions\/1351"}],"wp:featuredmedia":[{"embeddable":true,"href":"https:\/\/www.bahiametisse.com\/pt-br\/wp-json\/wp\/v2\/media\/145"}],"wp:attachment":[{"href":"https:\/\/www.bahiametisse.com\/pt-br\/wp-json\/wp\/v2\/media?parent=72"}],"curies":[{"name":"wp","href":"https:\/\/api.w.org\/{rel}","templated":true}]}}